{"id":3562,"date":"2019-03-04T09:28:38","date_gmt":"2019-03-04T08:28:38","guid":{"rendered":"https:\/\/bassinvouge.com\/wordvouge\/?page_id=3562"},"modified":"2020-08-12T12:07:53","modified_gmt":"2020-08-12T10:07:53","slug":"autres-actions-2","status":"publish","type":"page","link":"https:\/\/bassinvouge.com\/?page_id=3562","title":{"rendered":"Autres Actions"},"content":{"rendered":"<div id='full_slider_1'  class='avia-fullwidth-slider main_color avia-shadow   avia-builder-el-0  el_before_av_heading  avia-builder-el-first   container_wrap sidebar_right'  ><div  class='avia-slideshow av-fsf8za-18ab8f6c889aadbc804b05a7a49130c0 avia-slideshow-featured av_slideshow_full avia-slide-slider av-slideshow-ui av-control-default av-slideshow-manual av-loop-once av-loop-manual-endless av-default-height-applied   avia-slideshow-1' data-slideshow-options=\"{&quot;animation&quot;:&quot;slide&quot;,&quot;autoplay&quot;:false,&quot;loop_autoplay&quot;:&quot;once&quot;,&quot;interval&quot;:5,&quot;loop_manual&quot;:&quot;manual-endless&quot;,&quot;autoplay_stopper&quot;:false,&quot;noNavigation&quot;:false,&quot;bg_slider&quot;:false,&quot;keep_padding&quot;:false,&quot;hoverpause&quot;:false,&quot;show_slide_delay&quot;:0}\"  itemprop=\"image\" itemscope=\"itemscope\" itemtype=\"https:\/\/schema.org\/ImageObject\" ><ul class='avia-slideshow-inner ' style='padding-bottom: 28.666666666667%;'><li  class='avia-slideshow-slide av-fsf8za-18ab8f6c889aadbc804b05a7a49130c0__0  av-single-slide slide-1 slide-odd'><div data-rel='slideshow-1' class='avia-slide-wrap '   ><div class='av-slideshow-caption av-fsf8za-18ab8f6c889aadbc804b05a7a49130c0__0 caption_fullwidth caption_center caption_center_framed caption_framed'><div class=\"container caption_container\"><div class=\"slideshow_caption\"><div class=\"slideshow_inner_caption\"><div class=\"slideshow_align_caption\"><h2 class='avia-caption-title '  itemprop=\"name\" >Syndicat du Bassin de la Vouge<\/h2><\/div><\/div><\/div><\/div><\/div><img decoding=\"async\" fetchpriority=\"high\" class=\"wp-image-3326 avia-img-lazy-loading-not-3326\"  src=\"https:\/\/bassinvouge.com\/wp-content\/uploads\/2017\/12\/fond-1-1500x430.jpg\" width=\"1500\" height=\"430\" title='fond' alt=''  itemprop=\"thumbnailUrl\"   \/><\/div><\/li><\/ul><\/div><\/div><div id='after_full_slider_1'  class='main_color av_default_container_wrap container_wrap sidebar_right'  ><div class='container av-section-cont-open' ><div class='template-page content  av-content-small alpha units'><div class='post-entry post-entry-type-page post-entry-3562'><div class='entry-content-wrapper clearfix'>\n\n<style type=\"text\/css\" data-created_by=\"avia_inline_auto\" id=\"style-css-av-av_heading-65a7cc94a3bf26eb432adee2caed61c0\">\n#top .av-special-heading.av-av_heading-65a7cc94a3bf26eb432adee2caed61c0{\npadding-bottom:10px;\ncolor:#000000;\n}\nbody .av-special-heading.av-av_heading-65a7cc94a3bf26eb432adee2caed61c0 .av-special-heading-tag .heading-char{\nfont-size:25px;\n}\n.av-special-heading.av-av_heading-65a7cc94a3bf26eb432adee2caed61c0 .special-heading-inner-border{\nborder-color:#000000;\n}\n.av-special-heading.av-av_heading-65a7cc94a3bf26eb432adee2caed61c0 .av-subheading{\nfont-size:15px;\n}\n<\/style>\n<div  class='av-special-heading av-av_heading-65a7cc94a3bf26eb432adee2caed61c0 av-special-heading-h1 custom-color-heading blockquote modern-quote modern-centered  avia-builder-el-1  el_after_av_slideshow_full  el_before_av_section  avia-builder-el-no-sibling  av-linked-heading'><h1 class='av-special-heading-tag '  itemprop=\"headline\"  >Autres Actions<\/h1><div class=\"special-heading-border\"><div class=\"special-heading-inner-border\"><\/div><\/div><\/div>\n<\/div><\/div><\/div><!-- close content main div --><\/div><\/div><div id='av_section_1'  class='avia-section av-a5w84m-a6257648739b851a10cbb47e33f86f9b main_color avia-section-default avia-no-shadow  avia-builder-el-2  el_after_av_heading  el_before_av_one_full  avia-bg-style-scroll container_wrap sidebar_right'  ><div class='container av-section-cont-open' ><div class='template-page content  av-content-small alpha units'><div class='post-entry post-entry-type-page post-entry-3562'><div class='entry-content-wrapper clearfix'>\n\n<style type=\"text\/css\" data-created_by=\"avia_inline_auto\" id=\"style-css-av-709nbq-9c2bf3e210c4f7741603b25169b4fff3\">\n.flex_column.av-709nbq-9c2bf3e210c4f7741603b25169b4fff3{\nborder-radius:0px 0px 0px 0px;\npadding:0px 0px 0px 0px;\n}\n<\/style>\n<div  class='flex_column av-709nbq-9c2bf3e210c4f7741603b25169b4fff3 av_one_full  avia-builder-el-3  avia-builder-el-no-sibling  first flex_column_div av-zero-column-padding  '     ><style type=\"text\/css\" data-created_by=\"avia_inline_auto\" id=\"style-css-av-5ohtqu-ee7760475bcfff9b99530f45243a72d8\">\n#top .av_textblock_section.av-5ohtqu-ee7760475bcfff9b99530f45243a72d8 .avia_textblock{\ncolor:#000000;\n}\n<\/style>\n<section  class='av_textblock_section av-5ohtqu-ee7760475bcfff9b99530f45243a72d8 '   itemscope=\"itemscope\" itemtype=\"https:\/\/schema.org\/CreativeWork\" ><div class='avia_textblock av_inherit_color'  itemprop=\"text\" ><p>L&rsquo;annuaire (en cours de nomination) des \u00e9lus si\u00e9geant au SBV, \u00e0 la CLE de la Vouge et \u00e0 l\u2019Inter CLE Vouge \/ Ouche.<\/p>\n<hr \/>\n<p>Une <span style=\"color: #000000;\"><a style=\"color: #000000;\" href=\"https:\/\/bassinvouge.com\/wp-content\/uploads\/2020\/08\/Note-Ouvrages-SBV_012020.pdf\" target=\"_blank\" rel=\"noopener\">note<\/a> <\/span>pr\u00e9sentant les \u00ab\u00a0ouvrages\u00a0\u00bb relevant de l&rsquo;item 5 du L.211-7 du Code de l&rsquo;Environnement et ce qui est exclu de ce champ de comp\u00e9tence.<\/p>\n<hr \/>\n<p>Une<span style=\"color: #000000;\"> <a style=\"color: #000000;\" href=\"https:\/\/bassinvouge.com\/wp-content\/uploads\/2020\/08\/Note-d\u00e9chets_cours_eau_SBV_082020.pdf\" target=\"_blank\" rel=\"noopener\">note<\/a> <\/span>pr\u00e9sentant les sanctions en cas de d\u00e9p\u00f4t de d\u00e9chets dans les rivi\u00e8res. Il s&rsquo;agit ici d&rsquo;avoir un argumentaire simple pour expliquer aux administr\u00e9s que les d\u00e9chets verts ont un impact notable pour les cours d&rsquo;eau, tant d&rsquo;un point de vue qualitatif que quantitatif (emb\u00e2cles).<\/p>\n<\/div><\/section><\/div><\/div><\/div><\/div><!-- close content main div --><\/div><\/div><div id='after_section_1'  class='main_color av_default_container_wrap container_wrap sidebar_right'  ><div class='container av-section-cont-open' ><div class='template-page content  av-content-small alpha units'><div class='post-entry post-entry-type-page post-entry-3562'><div class='entry-content-wrapper clearfix'>\n<style type=\"text\/css\" data-created_by=\"avia_inline_auto\" id=\"style-css-av-346com-74ed55ae6ffa976f8994f4935fff270c\">\n.flex_column.av-346com-74ed55ae6ffa976f8994f4935fff270c{\nborder-radius:0px 0px 0px 0px;\npadding:0px 0px 0px 0px;\n}\n<\/style>\n<div  class='flex_column av-346com-74ed55ae6ffa976f8994f4935fff270c av_one_full  avia-builder-el-5  el_after_av_section  avia-builder-el-no-sibling  first flex_column_div av-zero-column-padding  '     ><\/div><\/p>\n","protected":false},"excerpt":{"rendered":"<p>This is a Page excerpt. It will be displayed for search results<\/p>\n","protected":false},"author":1,"featured_media":0,"parent":0,"menu_order":0,"comment_status":"open","ping_status":"open","template":"","meta":{"_seopress_robots_primary_cat":"","_seopress_titles_title":"","_seopress_titles_desc":"","_seopress_robots_index":"","_seopress_analysis_target_kw":"","_exactmetrics_skip_tracking":false,"_exactmetrics_sitenote_active":false,"_exactmetrics_sitenote_note":"","_exactmetrics_sitenote_category":0,"footnotes":""},"class_list":["post-3562","page","type-page","status-publish","hentry"],"_links":{"self":[{"href":"https:\/\/bassinvouge.com\/index.php?rest_route=\/wp\/v2\/pages\/3562","targetHints":{"allow":["GET"]}}],"collection":[{"href":"https:\/\/bassinvouge.com\/index.php?rest_route=\/wp\/v2\/pages"}],"about":[{"href":"https:\/\/bassinvouge.com\/index.php?rest_route=\/wp\/v2\/types\/page"}],"author":[{"embeddable":true,"href":"https:\/\/bassinvouge.com\/index.php?rest_route=\/wp\/v2\/users\/1"}],"replies":[{"embeddable":true,"href":"https:\/\/bassinvouge.com\/index.php?rest_route=%2Fwp%2Fv2%2Fcomments&post=3562"}],"version-history":[{"count":0,"href":"https:\/\/bassinvouge.com\/index.php?rest_route=\/wp\/v2\/pages\/3562\/revisions"}],"wp:attachment":[{"href":"https:\/\/bassinvouge.com\/index.php?rest_route=%2Fwp%2Fv2%2Fmedia&parent=3562"}],"curies":[{"name":"wp","href":"https:\/\/api.w.org\/{rel}","templated":true}]}}