{"id":3509,"date":"2019-01-09T16:49:16","date_gmt":"2019-01-09T15:49:16","guid":{"rendered":"https:\/\/bassinvouge.com\/wordvouge\/?page_id=3509"},"modified":"2019-01-09T16:49:16","modified_gmt":"2019-01-09T15:49:16","slug":"pedagogie","status":"publish","type":"page","link":"https:\/\/bassinvouge.com\/?page_id=3509","title":{"rendered":"P\u00e9dagogie"},"content":{"rendered":"<div id='full_slider_1'  class='avia-fullwidth-slider main_color avia-shadow   avia-builder-el-0  el_before_av_heading  avia-builder-el-first   container_wrap sidebar_right'  ><div  class='avia-slideshow av-mi5gbk-dceb91396e28c7edb088e49511025222 avia-slideshow-featured av_slideshow_full avia-slide-slider av-slideshow-ui av-control-default av-slideshow-manual av-loop-once av-loop-manual-endless av-default-height-applied   avia-slideshow-1' data-slideshow-options=\"{&quot;animation&quot;:&quot;slide&quot;,&quot;autoplay&quot;:false,&quot;loop_autoplay&quot;:&quot;once&quot;,&quot;interval&quot;:5,&quot;loop_manual&quot;:&quot;manual-endless&quot;,&quot;autoplay_stopper&quot;:false,&quot;noNavigation&quot;:false,&quot;bg_slider&quot;:false,&quot;keep_padding&quot;:false,&quot;hoverpause&quot;:false,&quot;show_slide_delay&quot;:0}\"  itemprop=\"image\" itemscope=\"itemscope\" itemtype=\"https:\/\/schema.org\/ImageObject\" ><ul class='avia-slideshow-inner ' style='padding-bottom: 28.666666666667%;'><li  class='avia-slideshow-slide av-mi5gbk-dceb91396e28c7edb088e49511025222__0  av-single-slide slide-1 slide-odd'><div data-rel='slideshow-1' class='avia-slide-wrap '   ><div class='av-slideshow-caption av-mi5gbk-dceb91396e28c7edb088e49511025222__0 caption_fullwidth caption_center caption_center_framed caption_framed'><div class=\"container caption_container\"><div class=\"slideshow_caption\"><div class=\"slideshow_inner_caption\"><div class=\"slideshow_align_caption\"><h2 class='avia-caption-title '  itemprop=\"name\" >Syndicat du Bassin de la Vouge<\/h2><\/div><\/div><\/div><\/div><\/div><img decoding=\"async\" fetchpriority=\"high\" class=\"wp-image-3326 avia-img-lazy-loading-not-3326\"  src=\"https:\/\/bassinvouge.com\/wp-content\/uploads\/2017\/12\/fond-1-1500x430.jpg\" width=\"1500\" height=\"430\" title='fond' alt=''  itemprop=\"thumbnailUrl\"   \/><\/div><\/li><\/ul><\/div><\/div><div id='after_full_slider_1'  class='main_color av_default_container_wrap container_wrap sidebar_right'  ><div class='container av-section-cont-open' ><div class='template-page content  av-content-small alpha units'><div class='post-entry post-entry-type-page post-entry-3509'><div class='entry-content-wrapper clearfix'>\n\n<style type=\"text\/css\" data-created_by=\"avia_inline_auto\" id=\"style-css-av-jqpcpo7w-b25bf1dae24e4ec3fca878e9926d37e2\">\n#top .av-special-heading.av-jqpcpo7w-b25bf1dae24e4ec3fca878e9926d37e2{\npadding-bottom:10px;\ncolor:#000000;\n}\nbody .av-special-heading.av-jqpcpo7w-b25bf1dae24e4ec3fca878e9926d37e2 .av-special-heading-tag .heading-char{\nfont-size:25px;\n}\n.av-special-heading.av-jqpcpo7w-b25bf1dae24e4ec3fca878e9926d37e2 .special-heading-inner-border{\nborder-color:#000000;\n}\n.av-special-heading.av-jqpcpo7w-b25bf1dae24e4ec3fca878e9926d37e2 .av-subheading{\nfont-size:15px;\n}\n<\/style>\n<div  class='av-special-heading av-jqpcpo7w-b25bf1dae24e4ec3fca878e9926d37e2 av-special-heading-h1 custom-color-heading blockquote modern-quote modern-centered  avia-builder-el-1  el_after_av_slideshow_full  el_before_av_section  avia-builder-el-no-sibling '><h1 class='av-special-heading-tag '  itemprop=\"headline\"  >P\u00e9dagogie &#8211; Information <\/h1><div class=\"special-heading-border\"><div class=\"special-heading-inner-border\"><\/div><\/div><\/div>\n<\/div><\/div><\/div><!-- close content main div --><\/div><\/div><div id='av_section_1'  class='avia-section av-hxht9c-f6402ffb4dd8806493b2a9ddfe6af34c main_color avia-section-default avia-no-shadow  avia-builder-el-2  el_after_av_heading  avia-builder-el-last  avia-bg-style-scroll container_wrap sidebar_right'  ><div class='container av-section-cont-open' ><div class='template-page content  av-content-small alpha units'><div class='post-entry post-entry-type-page post-entry-3509'><div class='entry-content-wrapper clearfix'>\n\n<style type=\"text\/css\" data-created_by=\"avia_inline_auto\" id=\"style-css-av-e5m1v4-d6a3a5fd07eba1a59422d2c57ef016f2\">\n.flex_column.av-e5m1v4-d6a3a5fd07eba1a59422d2c57ef016f2{\nborder-radius:0px 0px 0px 0px;\npadding:0px 0px 0px 0px;\n}\n<\/style>\n<div  class='flex_column av-e5m1v4-d6a3a5fd07eba1a59422d2c57ef016f2 av_one_full  avia-builder-el-3  el_before_av_masonry_gallery  avia-builder-el-no-sibling  first flex_column_div av-zero-column-padding  '     ><style type=\"text\/css\" data-created_by=\"avia_inline_auto\" id=\"style-css-av-cw9900-e3697ff79ece37bb38230342701ca94e\">\n#top .av_textblock_section.av-cw9900-e3697ff79ece37bb38230342701ca94e .avia_textblock{\ncolor:#000000;\n}\n<\/style>\n<section  class='av_textblock_section av-cw9900-e3697ff79ece37bb38230342701ca94e '   itemscope=\"itemscope\" itemtype=\"https:\/\/schema.org\/CreativeWork\" ><div class='avia_textblock av_inherit_color'  itemprop=\"text\" ><p class=\"gras\">Rep\u00e8res de Crues<\/p>\n<p align=\"justify\">Le Code de l&rsquo;Environnement (article L563-3) pr\u00e9voit la mise en place de rep\u00e8res de Plus Hautes Eaux Connues (PHEC) correspondant aux crues historiques.<\/p>\n<p style=\"text-align: center;\" align=\"justify\"><strong>Ex. de rep\u00e8re de PHEC normalis\u00e9 <\/strong><\/p>\n<p align=\"justify\"><img loading=\"lazy\" decoding=\"async\" class=\"size-full wp-image-3510 aligncenter\" src=\"https:\/\/bassinvouge.com\/wordvouge\/wp-content\/uploads\/2019\/01\/DSCN4792.jpg\" alt=\"\" width=\"391\" height=\"367\" srcset=\"https:\/\/bassinvouge.com\/wp-content\/uploads\/2019\/01\/DSCN4792.jpg 391w, https:\/\/bassinvouge.com\/wp-content\/uploads\/2019\/01\/DSCN4792-300x282.jpg 300w\" sizes=\"auto, (max-width: 391px) 100vw, 391px\" \/><\/p>\n<p align=\"justify\">Le SBV, en accord avec les communes concern\u00e9es a pos\u00e9 plusieurs rep\u00e8res de crues sur les sites suivants :<br \/>\n&#8211; <u><span class=\"Style5\">Crue de septembre 1965<\/span><\/u> <span class=\"Style5\">: Pont Aqueduc des Arvaux \u00e0 Noiron sous Gevrey<br \/>\n&#8211; <u>Crue de mai 2013<\/u> : Abbaye de C\u00eeteaux \u00e0 St Nicolas les C\u00eeteaux, Aubigny en Plaine, Brazey en Plaine et Tarsul \u00e0 Izeure<br \/>\n&#8211; <u>Crue de juin 2013<\/u> : Charrey sur Sa\u00f4ne<br \/>\n&#8211; <u>Crue de novembre 2014<\/u> : Abbaye de C\u00eeteaux, Aubigny en Plaine, Brazey en Plaine, Echigey, Izeure, Pont Aqueduc des Arvaux, Tarsul, Saulon la Chapelle <\/span><\/p>\n<\/div><\/section><\/div><div id='av-masonry-1' class='av-masonry av-jqpcu0wl-1ff35f5c57895900dd188daa1969a010 noHover av-flex-size av-large-gap av-hover-overlay-active av-masonry-animation-active av-masonry-col-4 av-caption-always av-caption-style- av-masonry-gallery ' data-post_id=\"3509\"><div class=\"av-masonry-container isotope av-js-disabled\"><div class='av-masonry-entry isotope-item av-masonry-item-no-image '><\/div><a href=\"https:\/\/bassinvouge.com\/wp-content\/uploads\/2019\/01\/DSCN4780.jpg\" data-srcset=\"https:\/\/bassinvouge.com\/wp-content\/uploads\/2019\/01\/DSCN4780.jpg 605w, https:\/\/bassinvouge.com\/wp-content\/uploads\/2019\/01\/DSCN4780-300x225.jpg 300w, https:\/\/bassinvouge.com\/wp-content\/uploads\/2019\/01\/DSCN4780-450x338.jpg 450w\" data-sizes=\"(max-width: 605px) 100vw, 605px\"  aria-label=\"image Point haut sept. 1965 &#8211; Point bas nov. 2014\"  id='av-masonry-1-item-3511' data-av-masonry-item='3511' class='av-masonry-entry isotope-item post-3511 attachment type-attachment status-inherit hentry  av-masonry-item-with-image' title=\"Point haut sept. 1965 &#8211; Point bas nov. 2014\" alt=\"\"    itemprop=\"thumbnailUrl\" ><div class='av-inner-masonry-sizer'><\/div><figure class='av-inner-masonry main_color'><div class=\"av-masonry-outerimage-container\"><div class='av-masonry-image-container'  ><img decoding=\"async\" width=\"605\" height=\"454\" fetchpriority=\"high\" class=\"wp-image-3511 avia-img-lazy-loading-not-3511\"  src=\"https:\/\/bassinvouge.com\/wp-content\/uploads\/2019\/01\/DSCN4780.jpg\" title=\"Point haut sept. 1965 &#8211; Point bas nov. 2014\" alt=\"\" srcset=\"https:\/\/bassinvouge.com\/wp-content\/uploads\/2019\/01\/DSCN4780.jpg 605w, https:\/\/bassinvouge.com\/wp-content\/uploads\/2019\/01\/DSCN4780-300x225.jpg 300w, https:\/\/bassinvouge.com\/wp-content\/uploads\/2019\/01\/DSCN4780-450x338.jpg 450w\" sizes=\"(max-width: 605px) 100vw, 605px\" \/><\/div><\/div><figcaption class='av-inner-masonry-content site-background'><div class='av-inner-masonry-content-pos'><div class='av-inner-masonry-content-pos-content'><div class='avia-arrow'><\/div><h3 class='av-masonry-entry-title entry-title '  itemprop=\"headline\" >Point haut sept. 1965 &#8211; Point bas nov. 2014<\/h3><div class='av-masonry-entry-content entry-content'  itemprop=\"text\" >Le Pont Aqueduc des Arvaux - La Varaude<\/div><\/div><\/div><\/figcaption><\/figure><\/a><!--end av-masonry entry--><a href=\"https:\/\/bassinvouge.com\/wp-content\/uploads\/2019\/01\/P1190230.jpg\" data-srcset=\"https:\/\/bassinvouge.com\/wp-content\/uploads\/2019\/01\/P1190230.jpg 605w, https:\/\/bassinvouge.com\/wp-content\/uploads\/2019\/01\/P1190230-300x225.jpg 300w, https:\/\/bassinvouge.com\/wp-content\/uploads\/2019\/01\/P1190230-450x338.jpg 450w\" data-sizes=\"(max-width: 605px) 100vw, 605px\"  aria-label=\"image Point haut nov. 2014 &#8211; Point bas mai 2013\"  id='av-masonry-1-item-3512' data-av-masonry-item='3512' class='av-masonry-entry isotope-item post-3512 attachment type-attachment status-inherit hentry  av-masonry-item-with-image' title=\"Point haut nov. 2014 &#8211; Point bas mai 2013\" alt=\"Point haut nov. 2014 - Point bas mai 2013\"    itemprop=\"thumbnailUrl\" ><div class='av-inner-masonry-sizer'><\/div><figure class='av-inner-masonry main_color'><div class=\"av-masonry-outerimage-container\"><div class='av-masonry-image-container'  ><img decoding=\"async\" width=\"605\" height=\"454\" fetchpriority=\"high\" class=\"wp-image-3512 avia-img-lazy-loading-not-3512\"  src=\"https:\/\/bassinvouge.com\/wp-content\/uploads\/2019\/01\/P1190230.jpg\" title=\"Point haut nov. 2014 &#8211; Point bas mai 2013\" alt=\"Point haut nov. 2014 - Point bas mai 2013\" srcset=\"https:\/\/bassinvouge.com\/wp-content\/uploads\/2019\/01\/P1190230.jpg 605w, https:\/\/bassinvouge.com\/wp-content\/uploads\/2019\/01\/P1190230-300x225.jpg 300w, https:\/\/bassinvouge.com\/wp-content\/uploads\/2019\/01\/P1190230-450x338.jpg 450w\" sizes=\"(max-width: 605px) 100vw, 605px\" \/><\/div><\/div><figcaption class='av-inner-masonry-content site-background'><div class='av-inner-masonry-content-pos'><div class='av-inner-masonry-content-pos-content'><div class='avia-arrow'><\/div><h3 class='av-masonry-entry-title entry-title '  itemprop=\"headline\" >Point haut nov. 2014 &#8211; Point bas mai 2013<\/h3><div class='av-masonry-entry-content entry-content'  itemprop=\"text\" >Tarsul Izeure - La Varaude<\/div><\/div><\/div><\/figcaption><\/figure><\/a><!--end av-masonry entry--><a href=\"https:\/\/bassinvouge.com\/wp-content\/uploads\/2019\/01\/DSCN4794.jpg\" data-srcset=\"https:\/\/bassinvouge.com\/wp-content\/uploads\/2019\/01\/DSCN4794.jpg 605w, https:\/\/bassinvouge.com\/wp-content\/uploads\/2019\/01\/DSCN4794-300x225.jpg 300w, https:\/\/bassinvouge.com\/wp-content\/uploads\/2019\/01\/DSCN4794-450x338.jpg 450w\" data-sizes=\"(max-width: 605px) 100vw, 605px\"  aria-label=\"image Novembre 2014\"  id='av-masonry-1-item-3513' data-av-masonry-item='3513' class='av-masonry-entry isotope-item post-3513 attachment type-attachment status-inherit hentry  av-masonry-item-with-image' title=\"Novembre 2014\" alt=\"Novembre 2014\"    itemprop=\"thumbnailUrl\" ><div class='av-inner-masonry-sizer'><\/div><figure class='av-inner-masonry main_color'><div class=\"av-masonry-outerimage-container\"><div class='av-masonry-image-container'  ><img decoding=\"async\" width=\"605\" height=\"454\" fetchpriority=\"high\" class=\"wp-image-3513 avia-img-lazy-loading-not-3513\"  src=\"https:\/\/bassinvouge.com\/wp-content\/uploads\/2019\/01\/DSCN4794.jpg\" title=\"Novembre 2014\" alt=\"Novembre 2014\" srcset=\"https:\/\/bassinvouge.com\/wp-content\/uploads\/2019\/01\/DSCN4794.jpg 605w, https:\/\/bassinvouge.com\/wp-content\/uploads\/2019\/01\/DSCN4794-300x225.jpg 300w, https:\/\/bassinvouge.com\/wp-content\/uploads\/2019\/01\/DSCN4794-450x338.jpg 450w\" sizes=\"(max-width: 605px) 100vw, 605px\" \/><\/div><\/div><figcaption class='av-inner-masonry-content site-background'><div class='av-inner-masonry-content-pos'><div class='av-inner-masonry-content-pos-content'><div class='avia-arrow'><\/div><h3 class='av-masonry-entry-title entry-title '  itemprop=\"headline\" >Novembre 2014<\/h3><div class='av-masonry-entry-content entry-content'  itemprop=\"text\" >Echigey - La Bi\u00e8tre <\/div><\/div><\/div><\/figcaption><\/figure><\/a><!--end av-masonry entry--><a href=\"https:\/\/bassinvouge.com\/wp-content\/uploads\/2019\/01\/P1190230-1.jpg\" data-srcset=\"https:\/\/bassinvouge.com\/wp-content\/uploads\/2019\/01\/P1190230-1.jpg 605w, https:\/\/bassinvouge.com\/wp-content\/uploads\/2019\/01\/P1190230-1-300x225.jpg 300w, https:\/\/bassinvouge.com\/wp-content\/uploads\/2019\/01\/P1190230-1-450x338.jpg 450w\" data-sizes=\"(max-width: 605px) 100vw, 605px\"  aria-label=\"image Point haut nov. 2014 &#8211; Point bas mai 2013\"  id='av-masonry-1-item-3514' data-av-masonry-item='3514' class='av-masonry-entry isotope-item post-3514 attachment type-attachment status-inherit hentry  av-masonry-item-with-image' title=\"Point haut nov. 2014 &#8211; Point bas mai 2013\" alt=\"Point haut nov. 2014 - Point bas mai 2013\"    itemprop=\"thumbnailUrl\" ><div class='av-inner-masonry-sizer'><\/div><figure class='av-inner-masonry main_color'><div class=\"av-masonry-outerimage-container\"><div class='av-masonry-image-container'  ><img decoding=\"async\" width=\"605\" height=\"454\" fetchpriority=\"high\" class=\"wp-image-3514 avia-img-lazy-loading-not-3514\"  src=\"https:\/\/bassinvouge.com\/wp-content\/uploads\/2019\/01\/P1190230-1.jpg\" title=\"Point haut nov. 2014 &#8211; Point bas mai 2013\" alt=\"Point haut nov. 2014 - Point bas mai 2013\" srcset=\"https:\/\/bassinvouge.com\/wp-content\/uploads\/2019\/01\/P1190230-1.jpg 605w, https:\/\/bassinvouge.com\/wp-content\/uploads\/2019\/01\/P1190230-1-300x225.jpg 300w, https:\/\/bassinvouge.com\/wp-content\/uploads\/2019\/01\/P1190230-1-450x338.jpg 450w\" sizes=\"(max-width: 605px) 100vw, 605px\" \/><\/div><\/div><figcaption class='av-inner-masonry-content site-background'><div class='av-inner-masonry-content-pos'><div class='av-inner-masonry-content-pos-content'><div class='avia-arrow'><\/div><h3 class='av-masonry-entry-title entry-title '  itemprop=\"headline\" >Point haut nov. 2014 &#8211; Point bas mai 2013<\/h3><div class='av-masonry-entry-content entry-content'  itemprop=\"text\" >Aubigny en Plaine - La Vouge <\/div><\/div><\/div><\/figcaption><\/figure><\/a><!--end av-masonry entry--><\/div><\/div>\n<div  class='hr av-2gp0m9-00dead65f415de7779fc0c47e885b306 hr-default  avia-builder-el-6  el_after_av_masonry_gallery  el_before_av_textblock  avia-builder-el-first '><span class='hr-inner '><span class=\"hr-inner-style\"><\/span><\/span><\/div>\n\n<style type=\"text\/css\" data-created_by=\"avia_inline_auto\" id=\"style-css-av-cw9900-e3697ff79ece37bb38230342701ca94e\">\n#top .av_textblock_section.av-cw9900-e3697ff79ece37bb38230342701ca94e .avia_textblock{\ncolor:#000000;\n}\n<\/style>\n<section  class='av_textblock_section av-cw9900-e3697ff79ece37bb38230342701ca94e '   itemscope=\"itemscope\" itemtype=\"https:\/\/schema.org\/CreativeWork\" ><div class='avia_textblock av_inherit_color'  itemprop=\"text\" ><p><strong><span class=\"gras\">Sentier P\u00e9dagogique de la Bo\u00efse<\/span><\/strong><\/p>\n<p>Dans le cadre de la sensibilisation \u00e0 l&rsquo;environnement, en collaboration avec la commune de Broindon et l&rsquo;EPTB Sa\u00f4ne Doubs, le SBV a r\u00e9alis\u00e9 un sentier p\u00e9dagogique le long de la Bo\u00efse.<\/p>\n<p style=\"text-align: center;\"><strong>Le sentier de la Bo\u00efse<\/strong><\/p>\n<p><img loading=\"lazy\" decoding=\"async\" class=\"size-full wp-image-3515 aligncenter\" src=\"https:\/\/bassinvouge.com\/wordvouge\/wp-content\/uploads\/2019\/01\/Localisation-sentier-p\u00e9dagogique.jpg\" alt=\"\" width=\"769\" height=\"384\" srcset=\"https:\/\/bassinvouge.com\/wp-content\/uploads\/2019\/01\/Localisation-sentier-p\u00e9dagogique.jpg 769w, https:\/\/bassinvouge.com\/wp-content\/uploads\/2019\/01\/Localisation-sentier-p\u00e9dagogique-300x150.jpg 300w, https:\/\/bassinvouge.com\/wp-content\/uploads\/2019\/01\/Localisation-sentier-p\u00e9dagogique-768x384.jpg 768w, https:\/\/bassinvouge.com\/wp-content\/uploads\/2019\/01\/Localisation-sentier-p\u00e9dagogique-705x352.jpg 705w, https:\/\/bassinvouge.com\/wp-content\/uploads\/2019\/01\/Localisation-sentier-p\u00e9dagogique-450x225.jpg 450w\" sizes=\"auto, (max-width: 769px) 100vw, 769px\" \/><\/p>\n<p>Tout au long du cheminement, des panneaux permettent de d\u00e9couvrir la richesse et le fonctionnement d&rsquo;une rivi\u00e8re comme la Bo\u00efse<\/p>\n<p><strong><span class=\"gras\">Le panneau d&rsquo;accueil<\/span><\/strong><\/p>\n<p><img loading=\"lazy\" decoding=\"async\" class=\"alignnone wp-image-3516\" src=\"https:\/\/bassinvouge.com\/wordvouge\/wp-content\/uploads\/2019\/01\/Accueil-1.jpg\" alt=\"\" width=\"373\" height=\"280\" srcset=\"https:\/\/bassinvouge.com\/wp-content\/uploads\/2019\/01\/Accueil-1.jpg 2272w, https:\/\/bassinvouge.com\/wp-content\/uploads\/2019\/01\/Accueil-1-300x225.jpg 300w, https:\/\/bassinvouge.com\/wp-content\/uploads\/2019\/01\/Accueil-1-768x576.jpg 768w, https:\/\/bassinvouge.com\/wp-content\/uploads\/2019\/01\/Accueil-1-1030x773.jpg 1030w, https:\/\/bassinvouge.com\/wp-content\/uploads\/2019\/01\/Accueil-1-1500x1125.jpg 1500w, https:\/\/bassinvouge.com\/wp-content\/uploads\/2019\/01\/Accueil-1-705x529.jpg 705w, https:\/\/bassinvouge.com\/wp-content\/uploads\/2019\/01\/Accueil-1-450x338.jpg 450w\" sizes=\"auto, (max-width: 373px) 100vw, 373px\" \/> <img loading=\"lazy\" decoding=\"async\" class=\"wp-image-3517 alignnone\" src=\"https:\/\/bassinvouge.com\/wordvouge\/wp-content\/uploads\/2019\/01\/Accueil-2.jpg\" alt=\"\" width=\"345\" height=\"259\" srcset=\"https:\/\/bassinvouge.com\/wp-content\/uploads\/2019\/01\/Accueil-2.jpg 2272w, https:\/\/bassinvouge.com\/wp-content\/uploads\/2019\/01\/Accueil-2-300x225.jpg 300w, https:\/\/bassinvouge.com\/wp-content\/uploads\/2019\/01\/Accueil-2-768x576.jpg 768w, https:\/\/bassinvouge.com\/wp-content\/uploads\/2019\/01\/Accueil-2-1030x773.jpg 1030w, https:\/\/bassinvouge.com\/wp-content\/uploads\/2019\/01\/Accueil-2-1500x1125.jpg 1500w, https:\/\/bassinvouge.com\/wp-content\/uploads\/2019\/01\/Accueil-2-705x529.jpg 705w, https:\/\/bassinvouge.com\/wp-content\/uploads\/2019\/01\/Accueil-2-450x338.jpg 450w\" sizes=\"auto, (max-width: 345px) 100vw, 345px\" \/><\/p>\n<p align=\"justify\"><strong>Des d\u00e9couvertes en milieu scolaire ont d\u00e9j\u00e0 \u00e9t\u00e9 organis\u00e9es depuis 2013 et peuvent l\u2019\u00eatre sur demande. Contacter le SBV pour de plus amples informations.<\/strong><\/p>\n<p align=\"justify\">Toutefois n&rsquo;h\u00e9sitez pas \u00e0 venir le d\u00e9couvrir de vous m\u00eame !<\/p>\n<p class=\"gras\"><strong>Panneaux d\u2019informations<\/strong><\/p>\n<p>Des panneaux sur les actions que met en place le SBV sont install\u00e9s \u00e7\u00e0 et l\u00e0. Ils expliquent le pourquoi des travaux sur le Bief du Moulin Salbreux, sur les vannes du Lavoir de Villebichot ou bien encore la Berce du Caucase.<\/p>\n<p><img loading=\"lazy\" decoding=\"async\" class=\"alignnone size-full wp-image-3518\" src=\"https:\/\/bassinvouge.com\/wordvouge\/wp-content\/uploads\/2019\/01\/Panneau-berce.jpg\" alt=\"\" width=\"250\" height=\"188\" \/> <img loading=\"lazy\" decoding=\"async\" class=\"alignnone size-full wp-image-3519\" src=\"https:\/\/bassinvouge.com\/wordvouge\/wp-content\/uploads\/2019\/01\/Panneau-Villebichot.jpg\" alt=\"\" width=\"250\" height=\"189\" \/> <img loading=\"lazy\" decoding=\"async\" class=\"alignnone wp-image-3520\" src=\"https:\/\/bassinvouge.com\/wordvouge\/wp-content\/uploads\/2019\/01\/Panneau_Salbreux.jpg\" alt=\"\" width=\"274\" height=\"187\" srcset=\"https:\/\/bassinvouge.com\/wp-content\/uploads\/2019\/01\/Panneau_Salbreux.jpg 2442w, https:\/\/bassinvouge.com\/wp-content\/uploads\/2019\/01\/Panneau_Salbreux-300x205.jpg 300w, https:\/\/bassinvouge.com\/wp-content\/uploads\/2019\/01\/Panneau_Salbreux-768x524.jpg 768w, https:\/\/bassinvouge.com\/wp-content\/uploads\/2019\/01\/Panneau_Salbreux-1030x703.jpg 1030w, https:\/\/bassinvouge.com\/wp-content\/uploads\/2019\/01\/Panneau_Salbreux-1500x1023.jpg 1500w, https:\/\/bassinvouge.com\/wp-content\/uploads\/2019\/01\/Panneau_Salbreux-705x481.jpg 705w, https:\/\/bassinvouge.com\/wp-content\/uploads\/2019\/01\/Panneau_Salbreux-450x307.jpg 450w\" sizes=\"auto, (max-width: 274px) 100vw, 274px\" \/><\/p>\n<\/div><\/section>\n<\/div><\/div><\/div><!-- close content main div --><\/div><\/div><div id='after_section_1'  class='main_color av_default_container_wrap container_wrap sidebar_right'  ><div class='container av-section-cont-open' ><div class='template-page content  av-content-small alpha units'><div class='post-entry post-entry-type-page post-entry-3509'><div class='entry-content-wrapper clearfix'>\n","protected":false},"excerpt":{"rendered":"<p>This is a Page excerpt. It will be displayed for search results<\/p>\n","protected":false},"author":1,"featured_media":0,"parent":0,"menu_order":0,"comment_status":"open","ping_status":"open","template":"","meta":{"_seopress_robots_primary_cat":"","_seopress_titles_title":"","_seopress_titles_desc":"","_seopress_robots_index":"","_seopress_analysis_target_kw":"","_exactmetrics_skip_tracking":false,"_exactmetrics_sitenote_active":false,"_exactmetrics_sitenote_note":"","_exactmetrics_sitenote_category":0,"footnotes":""},"class_list":["post-3509","page","type-page","status-publish","hentry"],"_links":{"self":[{"href":"https:\/\/bassinvouge.com\/index.php?rest_route=\/wp\/v2\/pages\/3509","targetHints":{"allow":["GET"]}}],"collection":[{"href":"https:\/\/bassinvouge.com\/index.php?rest_route=\/wp\/v2\/pages"}],"about":[{"href":"https:\/\/bassinvouge.com\/index.php?rest_route=\/wp\/v2\/types\/page"}],"author":[{"embeddable":true,"href":"https:\/\/bassinvouge.com\/index.php?rest_route=\/wp\/v2\/users\/1"}],"replies":[{"embeddable":true,"href":"https:\/\/bassinvouge.com\/index.php?rest_route=%2Fwp%2Fv2%2Fcomments&post=3509"}],"version-history":[{"count":0,"href":"https:\/\/bassinvouge.com\/index.php?rest_route=\/wp\/v2\/pages\/3509\/revisions"}],"wp:attachment":[{"href":"https:\/\/bassinvouge.com\/index.php?rest_route=%2Fwp%2Fv2%2Fmedia&parent=3509"}],"curies":[{"name":"wp","href":"https:\/\/api.w.org\/{rel}","templated":true}]}}