{"id":3482,"date":"2019-01-09T16:25:12","date_gmt":"2019-01-09T15:25:12","guid":{"rendered":"https:\/\/bassinvouge.com\/wordvouge\/?page_id=3482"},"modified":"2023-10-06T09:33:49","modified_gmt":"2023-10-06T07:33:49","slug":"autres-actions","status":"publish","type":"page","link":"https:\/\/bassinvouge.com\/?page_id=3482","title":{"rendered":"Morphologie, continuit\u00e9 \u00e9cologique et PPRi"},"content":{"rendered":"<div id='full_slider_1'  class='avia-fullwidth-slider main_color avia-shadow   avia-builder-el-0  el_before_av_heading  avia-builder-el-first   container_wrap sidebar_right'  ><div  class='avia-slideshow av-mi5gbk-dceb91396e28c7edb088e49511025222 avia-slideshow-featured av_slideshow_full avia-slide-slider av-slideshow-ui av-control-default av-slideshow-manual av-loop-once av-loop-manual-endless av-default-height-applied   avia-slideshow-1' data-slideshow-options=\"{&quot;animation&quot;:&quot;slide&quot;,&quot;autoplay&quot;:false,&quot;loop_autoplay&quot;:&quot;once&quot;,&quot;interval&quot;:5,&quot;loop_manual&quot;:&quot;manual-endless&quot;,&quot;autoplay_stopper&quot;:false,&quot;noNavigation&quot;:false,&quot;bg_slider&quot;:false,&quot;keep_padding&quot;:false,&quot;hoverpause&quot;:false,&quot;show_slide_delay&quot;:0}\"  itemprop=\"image\" itemscope=\"itemscope\" itemtype=\"https:\/\/schema.org\/ImageObject\" ><ul class='avia-slideshow-inner ' style='padding-bottom: 28.666666666667%;'><li  class='avia-slideshow-slide av-mi5gbk-dceb91396e28c7edb088e49511025222__0  av-single-slide slide-1 slide-odd'><div data-rel='slideshow-1' class='avia-slide-wrap '   ><div class='av-slideshow-caption av-mi5gbk-dceb91396e28c7edb088e49511025222__0 caption_fullwidth caption_center caption_center_framed caption_framed'><div class=\"container caption_container\"><div class=\"slideshow_caption\"><div class=\"slideshow_inner_caption\"><div class=\"slideshow_align_caption\"><h2 class='avia-caption-title '  itemprop=\"name\" >Syndicat du Bassin de la Vouge<\/h2><\/div><\/div><\/div><\/div><\/div><img decoding=\"async\" fetchpriority=\"high\" class=\"wp-image-3326 avia-img-lazy-loading-not-3326\"  src=\"https:\/\/bassinvouge.com\/wp-content\/uploads\/2017\/12\/fond-1-1500x430.jpg\" width=\"1500\" height=\"430\" title='fond' alt=''  itemprop=\"thumbnailUrl\"   \/><\/div><\/li><\/ul><\/div><\/div><div id='after_full_slider_1'  class='main_color av_default_container_wrap container_wrap sidebar_right'  ><div class='container av-section-cont-open' ><div class='template-page content  av-content-small alpha units'><div class='post-entry post-entry-type-page post-entry-3482'><div class='entry-content-wrapper clearfix'>\n\n<style type=\"text\/css\" data-created_by=\"avia_inline_auto\" id=\"style-css-av-39m1iy-285e608973d64ce834cc5f1b6c6d8df9\">\n#top .av-special-heading.av-39m1iy-285e608973d64ce834cc5f1b6c6d8df9{\npadding-bottom:10px;\ncolor:#000000;\n}\nbody .av-special-heading.av-39m1iy-285e608973d64ce834cc5f1b6c6d8df9 .av-special-heading-tag .heading-char{\nfont-size:25px;\n}\n.av-special-heading.av-39m1iy-285e608973d64ce834cc5f1b6c6d8df9 .special-heading-inner-border{\nborder-color:#000000;\n}\n.av-special-heading.av-39m1iy-285e608973d64ce834cc5f1b6c6d8df9 .av-subheading{\nfont-size:15px;\n}\n<\/style>\n<div  class='av-special-heading av-39m1iy-285e608973d64ce834cc5f1b6c6d8df9 av-special-heading-h1 custom-color-heading blockquote modern-quote modern-centered  avia-builder-el-1  el_after_av_slideshow_full  el_before_av_one_third  avia-builder-el-first '><h1 class='av-special-heading-tag '  itemprop=\"headline\"  >Morphologie, continuit\u00e9 \u00e9cologique et PPRi<\/h1><div class=\"special-heading-border\"><div class=\"special-heading-inner-border\"><\/div><\/div><\/div>\n\n<style type=\"text\/css\" data-created_by=\"avia_inline_auto\" id=\"style-css-av-6cm3ju-a85317c4c450657db630be16c2fe92a6\">\n.flex_column.av-6cm3ju-a85317c4c450657db630be16c2fe92a6{\nborder-radius:0px 0px 0px 0px;\npadding:0px 0px 0px 0px;\n}\n<\/style>\n<div  class='flex_column av-6cm3ju-a85317c4c450657db630be16c2fe92a6 av_one_third  avia-builder-el-2  el_after_av_heading  el_before_av_one_third  first flex_column_div av-zero-column-padding  '     ><section  class='av_textblock_section av-jqpc55r6-b1eefa6495c06bf089532d717fe40f0a '   itemscope=\"itemscope\" itemtype=\"https:\/\/schema.org\/CreativeWork\" ><div class='avia_textblock'  itemprop=\"text\" ><p>La Vouge \u00e0 Aubigny en Plaine \/ Brazey en Plaine<\/p>\n<div class='avia-iframe-wrap'><iframe loading=\"lazy\" title=\"Travaux de morphologie sur le Bassin de la Vouge - site d&#039;Aubigny en Plaine\" width=\"1500\" height=\"844\" src=\"https:\/\/www.youtube.com\/embed\/hxDdJhAieHE?feature=oembed\" frameborder=\"0\" allow=\"accelerometer; autoplay; clipboard-write; encrypted-media; gyroscope; picture-in-picture; web-share\" allowfullscreen><\/iframe><\/div>\n<\/div><\/section><\/div>\n\n<style type=\"text\/css\" data-created_by=\"avia_inline_auto\" id=\"style-css-av-46diy2-209d71be96ecde2799214f5ae1b6126b\">\n.flex_column.av-46diy2-209d71be96ecde2799214f5ae1b6126b{\nborder-radius:0px 0px 0px 0px;\npadding:0px 0px 0px 0px;\n}\n<\/style>\n<div  class='flex_column av-46diy2-209d71be96ecde2799214f5ae1b6126b av_one_third  avia-builder-el-4  el_after_av_one_third  el_before_av_one_third  flex_column_div av-zero-column-padding  '     ><section  class='av_textblock_section av-jqpc6h94-cbd9429484e4eedeb7c89ff48f54739f '   itemscope=\"itemscope\" itemtype=\"https:\/\/schema.org\/CreativeWork\" ><div class='avia_textblock'  itemprop=\"text\" ><p>La Varaude \u00e0 Noiron sous Gevrey \/ Saulon la Chapelle<\/p>\n<div class='avia-iframe-wrap'><iframe loading=\"lazy\" title=\"Travaux de morphologie sur le Bassin de la Vouge - site de Noiron sous Gevrey\" width=\"1500\" height=\"844\" src=\"https:\/\/www.youtube.com\/embed\/6n336O_M_yc?feature=oembed\" frameborder=\"0\" allow=\"accelerometer; autoplay; clipboard-write; encrypted-media; gyroscope; picture-in-picture; web-share\" allowfullscreen><\/iframe><\/div>\n<\/div><\/section><\/div>\n\n<style type=\"text\/css\" data-created_by=\"avia_inline_auto\" id=\"style-css-av-2w7sey-95ed0945515972a653b44f2864e09ef0\">\n.flex_column.av-2w7sey-95ed0945515972a653b44f2864e09ef0{\nborder-radius:0px 0px 0px 0px;\npadding:0px 0px 0px 0px;\n}\n<\/style>\n<div  class='flex_column av-2w7sey-95ed0945515972a653b44f2864e09ef0 av_one_third  avia-builder-el-6  el_after_av_one_third  el_before_av_one_full  flex_column_div av-zero-column-padding  '     ><section  class='av_textblock_section av-jqpc6zwp-204630dd1fab45066acae64f0dc51a62 '   itemscope=\"itemscope\" itemtype=\"https:\/\/schema.org\/CreativeWork\" ><div class='avia_textblock'  itemprop=\"text\" ><p>La Varaude \u00e0 Tarsul &#8211; Izeure<\/p>\n<div class='avia-iframe-wrap'><iframe loading=\"lazy\" title=\"Travaux de morphologie sur le Bassin de la Vouge - site de Tarsul\" width=\"1500\" height=\"844\" src=\"https:\/\/www.youtube.com\/embed\/z-zSn982fHI?feature=oembed\" frameborder=\"0\" allow=\"accelerometer; autoplay; clipboard-write; encrypted-media; gyroscope; picture-in-picture; web-share\" allowfullscreen><\/iframe><\/div>\n<\/div><\/section><\/div>\n\n<style type=\"text\/css\" data-created_by=\"avia_inline_auto\" id=\"style-css-av-210glm-2-ac344d52c677b41d71623d89d56f0457\">\n.flex_column.av-210glm-2-ac344d52c677b41d71623d89d56f0457{\nborder-radius:0px 0px 0px 0px;\npadding:0px 0px 0px 0px;\n}\n<\/style>\n<div  class='flex_column av-210glm-2-ac344d52c677b41d71623d89d56f0457 av_one_full  avia-builder-el-8  el_after_av_one_third  el_before_av_one_full  first flex_column_div av-zero-column-padding  column-top-margin'     ><style type=\"text\/css\" data-created_by=\"avia_inline_auto\" id=\"style-css-av-cw9900-1-dcc6a7b748cbef05a16286282dffc3f2\">\n#top .av_textblock_section.av-cw9900-1-dcc6a7b748cbef05a16286282dffc3f2 .avia_textblock{\ncolor:#000000;\n}\n<\/style>\n<section  class='av_textblock_section av-cw9900-1-dcc6a7b748cbef05a16286282dffc3f2 '   itemscope=\"itemscope\" itemtype=\"https:\/\/schema.org\/CreativeWork\" ><div class='avia_textblock av_inherit_color'  itemprop=\"text\" ><p align=\"justify\"><span style=\"text-decoration: underline;\"><strong>Plan de Pr\u00e9vention des Risques d&rsquo;Inondations<\/strong><\/span><\/p>\n<p align=\"justify\"><span style=\"color: #008000;\"><span style=\"color: #000000;\">Les AP prescrivant les PPRNi <\/span>ont <span style=\"color: #000000;\">\u00e9t\u00e9 sign\u00e9s le 30 juin 2023 : <a href=\"https:\/\/www.cote-dor.gouv.fr\/Actions-de-l-Etat\/Risques-majeurs.-naturels-et-technologiques\/Inondations\/Les-Plans-de-Prevention-des-Risques-Naturels-PPRN-approuves\/Aiserey\/PPR-inondation-Aiserey\">https:\/\/www.cote-dor.gouv.fr\/Actions-de-l-Etat\/Risques-majeurs.-naturels-et-technologiques\/Inondations\/Les-Plans-de-Prevention-des-Risques-Naturels-PPRN-approuves <\/a><\/span><br \/>\n<\/span><\/p>\n<p align=\"justify\"><img loading=\"lazy\" decoding=\"async\" class=\"wp-image-3971 aligncenter\" src=\"https:\/\/bassinvouge.com\/wp-content\/uploads\/2019\/06\/19PPRNi.jpg\" alt=\"\" width=\"626\" height=\"472\" \/><\/p>\n<p align=\"justify\"><span style=\"color: #000000;\">\u00a0<\/span><\/p>\n<\/div><\/section><\/div>\n<style type=\"text\/css\" data-created_by=\"avia_inline_auto\" id=\"style-css-av-2b4ega-3bcb800acc05ff98e7113272bd843180\">\n.flex_column.av-2b4ega-3bcb800acc05ff98e7113272bd843180{\nborder-radius:0px 0px 0px 0px;\npadding:0px 0px 0px 0px;\n}\n<\/style>\n<div  class='flex_column av-2b4ega-3bcb800acc05ff98e7113272bd843180 av_one_full  avia-builder-el-10  el_after_av_one_full  avia-builder-el-last  first flex_column_div av-zero-column-padding  column-top-margin'     ><\/div><\/p>\n","protected":false},"excerpt":{"rendered":"<p>This is a Page excerpt. It will be displayed for search results<\/p>\n","protected":false},"author":1,"featured_media":0,"parent":0,"menu_order":0,"comment_status":"open","ping_status":"open","template":"","meta":{"_seopress_robots_primary_cat":"","_seopress_titles_title":"","_seopress_titles_desc":"","_seopress_robots_index":"","_seopress_analysis_target_kw":"","_exactmetrics_skip_tracking":false,"_exactmetrics_sitenote_active":false,"_exactmetrics_sitenote_note":"","_exactmetrics_sitenote_category":0,"footnotes":""},"class_list":["post-3482","page","type-page","status-publish","hentry"],"_links":{"self":[{"href":"https:\/\/bassinvouge.com\/index.php?rest_route=\/wp\/v2\/pages\/3482","targetHints":{"allow":["GET"]}}],"collection":[{"href":"https:\/\/bassinvouge.com\/index.php?rest_route=\/wp\/v2\/pages"}],"about":[{"href":"https:\/\/bassinvouge.com\/index.php?rest_route=\/wp\/v2\/types\/page"}],"author":[{"embeddable":true,"href":"https:\/\/bassinvouge.com\/index.php?rest_route=\/wp\/v2\/users\/1"}],"replies":[{"embeddable":true,"href":"https:\/\/bassinvouge.com\/index.php?rest_route=%2Fwp%2Fv2%2Fcomments&post=3482"}],"version-history":[{"count":0,"href":"https:\/\/bassinvouge.com\/index.php?rest_route=\/wp\/v2\/pages\/3482\/revisions"}],"wp:attachment":[{"href":"https:\/\/bassinvouge.com\/index.php?rest_route=%2Fwp%2Fv2%2Fmedia&parent=3482"}],"curies":[{"name":"wp","href":"https:\/\/api.w.org\/{rel}","templated":true}]}}