{"id":3472,"date":"2019-01-09T16:19:55","date_gmt":"2019-01-09T15:19:55","guid":{"rendered":"https:\/\/bassinvouge.com\/wordvouge\/?page_id=3472"},"modified":"2019-03-14T14:37:52","modified_gmt":"2019-03-14T13:37:52","slug":"pesticides","status":"publish","type":"page","link":"https:\/\/bassinvouge.com\/?page_id=3472","title":{"rendered":"Pesticides"},"content":{"rendered":"<div id='full_slider_1'  class='avia-fullwidth-slider main_color avia-shadow   avia-builder-el-0  el_before_av_heading  avia-builder-el-first   container_wrap sidebar_right'  ><div  class='avia-slideshow av-mi5gbk-dceb91396e28c7edb088e49511025222 avia-slideshow-featured av_slideshow_full avia-slide-slider av-slideshow-ui av-control-default av-slideshow-manual av-loop-once av-loop-manual-endless av-default-height-applied   avia-slideshow-1' data-slideshow-options=\"{&quot;animation&quot;:&quot;slide&quot;,&quot;autoplay&quot;:false,&quot;loop_autoplay&quot;:&quot;once&quot;,&quot;interval&quot;:5,&quot;loop_manual&quot;:&quot;manual-endless&quot;,&quot;autoplay_stopper&quot;:false,&quot;noNavigation&quot;:false,&quot;bg_slider&quot;:false,&quot;keep_padding&quot;:false,&quot;hoverpause&quot;:false,&quot;show_slide_delay&quot;:0}\"  itemprop=\"image\" itemscope=\"itemscope\" itemtype=\"https:\/\/schema.org\/ImageObject\" ><ul class='avia-slideshow-inner ' style='padding-bottom: 28.666666666667%;'><li  class='avia-slideshow-slide av-mi5gbk-dceb91396e28c7edb088e49511025222__0  av-single-slide slide-1 slide-odd'><div data-rel='slideshow-1' class='avia-slide-wrap '   ><div class='av-slideshow-caption av-mi5gbk-dceb91396e28c7edb088e49511025222__0 caption_fullwidth caption_center caption_center_framed caption_framed'><div class=\"container caption_container\"><div class=\"slideshow_caption\"><div class=\"slideshow_inner_caption\"><div class=\"slideshow_align_caption\"><h2 class='avia-caption-title '  itemprop=\"name\" >Syndicat du Bassin de la Vouge<\/h2><\/div><\/div><\/div><\/div><\/div><img decoding=\"async\" fetchpriority=\"high\" class=\"wp-image-3326 avia-img-lazy-loading-not-3326\"  src=\"https:\/\/bassinvouge.com\/wp-content\/uploads\/2017\/12\/fond-1-1500x430.jpg\" width=\"1500\" height=\"430\" title='fond' alt=''  itemprop=\"thumbnailUrl\"   \/><\/div><\/li><\/ul><\/div><\/div><div id='after_full_slider_1'  class='main_color av_default_container_wrap container_wrap sidebar_right'  ><div class='container av-section-cont-open' ><div class='template-page content  av-content-small alpha units'><div class='post-entry post-entry-type-page post-entry-3472'><div class='entry-content-wrapper clearfix'>\n\n<style type=\"text\/css\" data-created_by=\"avia_inline_auto\" id=\"style-css-av-av_heading-d8d8fd759ef1fd03c3b113a8f0939f00\">\n#top .av-special-heading.av-av_heading-d8d8fd759ef1fd03c3b113a8f0939f00{\npadding-bottom:10px;\ncolor:#000000;\n}\nbody .av-special-heading.av-av_heading-d8d8fd759ef1fd03c3b113a8f0939f00 .av-special-heading-tag .heading-char{\nfont-size:25px;\n}\n.av-special-heading.av-av_heading-d8d8fd759ef1fd03c3b113a8f0939f00 .special-heading-inner-border{\nborder-color:#000000;\n}\n.av-special-heading.av-av_heading-d8d8fd759ef1fd03c3b113a8f0939f00 .av-subheading{\nfont-size:15px;\n}\n<\/style>\n<div  class='av-special-heading av-av_heading-d8d8fd759ef1fd03c3b113a8f0939f00 av-special-heading-h1 custom-color-heading blockquote modern-quote modern-centered  avia-builder-el-1  el_after_av_slideshow_full  el_before_av_section  avia-builder-el-no-sibling '><h1 class='av-special-heading-tag '  itemprop=\"headline\"  >Pesticides <\/h1><div class=\"special-heading-border\"><div class=\"special-heading-inner-border\"><\/div><\/div><\/div>\n<\/div><\/div><\/div><!-- close content main div --><\/div><\/div><div id='av_section_1'  class='avia-section av-hxht9c-f6402ffb4dd8806493b2a9ddfe6af34c main_color avia-section-default avia-no-shadow  avia-builder-el-2  el_after_av_heading  avia-builder-el-last  avia-bg-style-scroll container_wrap sidebar_right'  ><div class='container av-section-cont-open' ><div class='template-page content  av-content-small alpha units'><div class='post-entry post-entry-type-page post-entry-3472'><div class='entry-content-wrapper clearfix'>\n\n<style type=\"text\/css\" data-created_by=\"avia_inline_auto\" id=\"style-css-av-e5m1v4-d6a3a5fd07eba1a59422d2c57ef016f2\">\n.flex_column.av-e5m1v4-d6a3a5fd07eba1a59422d2c57ef016f2{\nborder-radius:0px 0px 0px 0px;\npadding:0px 0px 0px 0px;\n}\n<\/style>\n<div  class='flex_column av-e5m1v4-d6a3a5fd07eba1a59422d2c57ef016f2 av_one_full  avia-builder-el-3  el_before_av_hr  avia-builder-el-first  first flex_column_div av-zero-column-padding  '     ><style type=\"text\/css\" data-created_by=\"avia_inline_auto\" id=\"style-css-av-cw9900-e3697ff79ece37bb38230342701ca94e\">\n#top .av_textblock_section.av-cw9900-e3697ff79ece37bb38230342701ca94e .avia_textblock{\ncolor:#000000;\n}\n<\/style>\n<section  class='av_textblock_section av-cw9900-e3697ff79ece37bb38230342701ca94e '   itemscope=\"itemscope\" itemtype=\"https:\/\/schema.org\/CreativeWork\" ><div class='avia_textblock av_inherit_color'  itemprop=\"text\" ><div id=\"aire30\">\n<p style=\"text-align: justify;\"><span class=\"gras\">Pesticides <\/span>(ou produits phytosanitaires ou produits phytopharmaceutiques)<\/p>\n<p style=\"text-align: justify;\">Le 6 f\u00e9vrier 2014 a \u00e9t\u00e9 adopt\u00e9e la <a href=\"https:\/\/bassinvouge.com\/bibliotheque\/Pesticides\/Loi_6_f\u00e9vrier_2014_interdiction_pesticides.pdf\" target=\"_blank\" rel=\"noopener noreferrer\">loi n\u00b0 2014-110<\/a> visant \u00e0 mieux encadrer l\u2019utilisation des produits phytosanitaires sur le territoire national. Cette loi pr\u00e9cise qu&rsquo;\u00e0 compter du 1er janvier 2020, les collectivit\u00e9s (communes, intercommunalit\u00e9s, &#8230;) ne pourront plus utiliser ou faire utiliser des produits phytopharmaceutiques pour l\u2019entretien des espaces verts, des for\u00eats ou des promenades accessibles ou ouverts au public et relevant de leur domaine public ou priv\u00e9. Ceci valide la d\u00e9marche engag\u00e9e depuis 2007 par le SBV, consistant \u00e0 promouvoir des gestions alternatives de l&rsquo;entretien des espaces communaux. Dans cette m\u00eame loi, l&rsquo;interdiction de l&rsquo;usage des pesticides sera impos\u00e9e aux particuliers \u00e0 compter du <strong>1er janvier 2022<\/strong>.<\/p>\n<p style=\"text-align: justify;\">Le 17 ao\u00fbt 2015, a \u00e9t\u00e9 promulgu\u00e9e la <a href=\"https:\/\/bassinvouge.com\/bibliotheque\/Pesticides\/Loi transition energetique 17 ao\u00fbt 2015.pdf\" target=\"_blank\" rel=\"noopener noreferrer\">loi n\u00b02015-992<\/a>, relative \u00e0 la transition \u00e9nerg\u00e9tique pour la croissance verte, qui avancent les interdictions pour les collectivit\u00e9s au <strong>1er janvier 2017<\/strong> et pour les particuliers au <strong>1er janvier 2019 <\/strong>(article 68).<\/p>\n<hr align=\"JUSTIFY\" \/>\n<p class=\"active\" style=\"text-align: justify;\">Dans le cadre du Plan Ecophyto, l&rsquo;utilisation ou la vente de pesticides n\u00e9cessitent l&rsquo;obtention d&rsquo;un certificat individuel (CI) pour les professionnels agricoles et non agricoles. Le CI est valable 5 ans pour les professionnels intervenant en Zones Non Agricoles.<\/p>\n<p style=\"text-align: justify;\">La <strong>prestation de services<\/strong>, pour et sur les espaces publics, n\u00e9cessitent l&rsquo;obtention de ce certificat depuis le <strong>1er octobre 2013<\/strong>. En cas d&rsquo;entretien r\u00e9alis\u00e9 <strong>en r\u00e9gie<\/strong>, il est obligatoire depuis le <strong>1er octobre 2014<\/strong>.<\/p>\n<p class=\"active\" style=\"text-align: justify;\">Ce <a href=\"https:\/\/bassinvouge.com\/bibliotheque\/Pesticides\/certiphyto_tableau_recap.pdf\" target=\"_blank\" rel=\"noopener noreferrer\">tableau synth\u00e9tique<\/a>, vous permettra de mieux comprendre les nouvelles obligations qui encadrent l&rsquo;usage des pesticides par les professionels des ZNA (source Plantes &amp; Cit\u00e9).<\/p>\n<hr align=\"JUSTIFY\" \/>\n<p class=\"active\" style=\"text-align: justify;\">Depuis 2007 de nombreuses actions sont engag\u00e9es afin de r\u00e9duire l\u2019usage et l\u2019impact des pesticides sur le bassin de la Vouge en Zones Agricoles (ZA) et Non Agricoles (ZNA). Les actions en ZA rel\u00e8ve de la comp\u00e9tence de la Chambre d\u2019Agriculture de C\u00f4te d\u2019Or et en ZNA, c\u2019est le SBV qui est le plus souvent le ma\u00eetre d\u2019ouvrage. Voici les principales actions mises en place sur le bassin\u00a0:<\/p>\n<ul type=\"disc\">\n<li><strong>50 diagnostics et\/ou plans d\u2019entretien auront \u00e9t\u00e9 r\u00e9alis\u00e9s sur les communes du bassin. Sur quatre ans (campagnes 2011, 2012, 2013 et 2014), la r\u00e9duction de l\u2019usage des pesticides par les communes est de 40 %.<\/strong><\/li>\n<\/ul>\n<p align=\"center\"><strong>Les communes expertis\u00e9es<\/strong><\/p>\n<p align=\"center\"><img loading=\"lazy\" decoding=\"async\" class=\"alignnone wp-image-3627 size-full\" src=\"https:\/\/bassinvouge.com\/wp-content\/uploads\/2019\/03\/PDC.jpg\" alt=\"\" width=\"1123\" height=\"794\" srcset=\"https:\/\/bassinvouge.com\/wp-content\/uploads\/2019\/03\/PDC.jpg 1123w, https:\/\/bassinvouge.com\/wp-content\/uploads\/2019\/03\/PDC-300x212.jpg 300w, https:\/\/bassinvouge.com\/wp-content\/uploads\/2019\/03\/PDC-768x543.jpg 768w, https:\/\/bassinvouge.com\/wp-content\/uploads\/2019\/03\/PDC-1030x728.jpg 1030w, https:\/\/bassinvouge.com\/wp-content\/uploads\/2019\/03\/PDC-260x185.jpg 260w, https:\/\/bassinvouge.com\/wp-content\/uploads\/2019\/03\/PDC-705x498.jpg 705w, https:\/\/bassinvouge.com\/wp-content\/uploads\/2019\/03\/PDC-450x318.jpg 450w\" sizes=\"auto, (max-width: 1123px) 100vw, 1123px\" \/><\/p>\n<\/div>\n<\/div><\/section><\/div><div  class='hr av-2gp0m9-00dead65f415de7779fc0c47e885b306 hr-default  avia-builder-el-5  el_after_av_one_full  el_before_av_textblock '><span class='hr-inner '><span class=\"hr-inner-style\"><\/span><\/span><\/div>\n<section  class='av_textblock_section av-jqpbycgt-ad3932812b3d91d11e4b6dca8eb95c72 '   itemscope=\"itemscope\" itemtype=\"https:\/\/schema.org\/CreativeWork\" ><div class='avia_textblock'  itemprop=\"text\" ><ul type=\"disc\">\n<li style=\"text-align: justify;\"><strong>Au cot\u00e9 du Syndicat des Eaux de la R\u00e2cle et des sept communes qui le compose <\/strong><span class=\"active\">(Aiserey, Bessey les C\u00eeteaux, Echigey, Izeure, Longecourt en Plaine, Tart le Haut et Thorey en Plaine), le SBV a sign\u00e9 la charte Z\u00e9ro Phyto. A compter du 1er janvier 2014, plus aucun pesticide ne sera \u00e9pandu sur les espaces publics de sept communes. Du mat\u00e9riel alternatif (desherbeurs thermique, reciprocators, d\u00e9broussailleuses avec brosses m\u00e9talliques, &#8230;) a \u00e9t\u00e9 achet\u00e9 suite \u00e0 la participation financi\u00e8re (\u00e0 hauteur de 80%) de l&rsquo;Agence de l&rsquo;Eau RM<\/span>&amp;<span class=\"active\">C et du Conseil R\u00e9gional de Bourgogne.<\/span><\/li>\n<\/ul>\n<p style=\"text-align: center;\" align=\"center\"><strong>La Charte Z\u00e9ro Phyto <\/strong><\/p>\n<p align=\"center\"><img loading=\"lazy\" decoding=\"async\" class=\"alignnone wp-image-3628 size-full\" src=\"https:\/\/bassinvouge.com\/wp-content\/uploads\/2019\/03\/pesticides_clip_image002_0001.jpg\" alt=\"\" width=\"433\" height=\"266\" srcset=\"https:\/\/bassinvouge.com\/wp-content\/uploads\/2019\/03\/pesticides_clip_image002_0001.jpg 433w, https:\/\/bassinvouge.com\/wp-content\/uploads\/2019\/03\/pesticides_clip_image002_0001-300x184.jpg 300w\" sizes=\"auto, (max-width: 433px) 100vw, 433px\" \/><\/p>\n<ul type=\"disc\">\n<li>La commune de Marsannay la C\u00f4te n&rsquo;utilise plus, depuis 2011, de pesticides sur les surfaces relevant de sa comp\u00e9tence,<\/li>\n<li>Les communes d&rsquo;Aubigny en Plaine (2012), Noiron sous Gevrey et Saulon la Rue (2013) se sont engag\u00e9es dans une d\u00e9marche similaire.<\/li>\n<\/ul>\n<hr align=\"JUSTIFY\" \/>\n<p>Suite \u00e0 une journ\u00e9e d&rsquo;animation organis\u00e9e le 11 octobre 2013 \u00e0 Beaune \u00e0 destination des collectivit\u00e9s, Terres de Bourgogne \u00e0 dans son \u00e9dition du 18 octobre r\u00e9dig\u00e9 <a href=\"https:\/\/bassinvouge.com\/bibliotheque\/Pesticides\/Article_Terres_BOURG_18-10-13.pdf\" target=\"_blank\" rel=\"noopener noreferrer\">un article<\/a> sur les d\u00e9marches de r\u00e9duction de l&rsquo;utilisation des pesticides sur le bassin de la Vouge.<\/p>\n<\/div><\/section>\n<\/div><\/div><\/div><!-- close content main div --><\/div><\/div><div id='after_section_1'  class='main_color av_default_container_wrap container_wrap sidebar_right'  ><div class='container av-section-cont-open' ><div class='template-page content  av-content-small alpha units'><div class='post-entry post-entry-type-page post-entry-3472'><div class='entry-content-wrapper clearfix'>\n","protected":false},"excerpt":{"rendered":"<p>This is a Page excerpt. It will be displayed for search results<\/p>\n","protected":false},"author":1,"featured_media":0,"parent":0,"menu_order":0,"comment_status":"open","ping_status":"open","template":"","meta":{"_seopress_robots_primary_cat":"","_seopress_titles_title":"","_seopress_titles_desc":"","_seopress_robots_index":"","_exactmetrics_skip_tracking":false,"_exactmetrics_sitenote_active":false,"_exactmetrics_sitenote_note":"","_exactmetrics_sitenote_category":0,"footnotes":""},"class_list":["post-3472","page","type-page","status-publish","hentry"],"_links":{"self":[{"href":"https:\/\/bassinvouge.com\/index.php?rest_route=\/wp\/v2\/pages\/3472","targetHints":{"allow":["GET"]}}],"collection":[{"href":"https:\/\/bassinvouge.com\/index.php?rest_route=\/wp\/v2\/pages"}],"about":[{"href":"https:\/\/bassinvouge.com\/index.php?rest_route=\/wp\/v2\/types\/page"}],"author":[{"embeddable":true,"href":"https:\/\/bassinvouge.com\/index.php?rest_route=\/wp\/v2\/users\/1"}],"replies":[{"embeddable":true,"href":"https:\/\/bassinvouge.com\/index.php?rest_route=%2Fwp%2Fv2%2Fcomments&post=3472"}],"version-history":[{"count":0,"href":"https:\/\/bassinvouge.com\/index.php?rest_route=\/wp\/v2\/pages\/3472\/revisions"}],"wp:attachment":[{"href":"https:\/\/bassinvouge.com\/index.php?rest_route=%2Fwp%2Fv2%2Fmedia&parent=3472"}],"curies":[{"name":"wp","href":"https:\/\/api.w.org\/{rel}","templated":true}]}}