{"id":3466,"date":"2019-01-09T16:15:52","date_gmt":"2019-01-09T15:15:52","guid":{"rendered":"https:\/\/bassinvouge.com\/wordvouge\/?page_id=3466"},"modified":"2019-03-14T14:35:50","modified_gmt":"2019-03-14T13:35:50","slug":"qualite-des-eaux","status":"publish","type":"page","link":"https:\/\/bassinvouge.com\/?page_id=3466","title":{"rendered":"Qualit\u00e9 des eaux"},"content":{"rendered":"<div id='full_slider_1'  class='avia-fullwidth-slider main_color avia-shadow   avia-builder-el-0  el_before_av_heading  avia-builder-el-first   container_wrap sidebar_right'  ><div  class='avia-slideshow av-mi5gbk-dceb91396e28c7edb088e49511025222 avia-slideshow-featured av_slideshow_full avia-slide-slider av-slideshow-ui av-control-default av-slideshow-manual av-loop-once av-loop-manual-endless av-default-height-applied   avia-slideshow-1' data-slideshow-options=\"{&quot;animation&quot;:&quot;slide&quot;,&quot;autoplay&quot;:false,&quot;loop_autoplay&quot;:&quot;once&quot;,&quot;interval&quot;:5,&quot;loop_manual&quot;:&quot;manual-endless&quot;,&quot;autoplay_stopper&quot;:false,&quot;noNavigation&quot;:false,&quot;bg_slider&quot;:false,&quot;keep_padding&quot;:false,&quot;hoverpause&quot;:false,&quot;show_slide_delay&quot;:0}\"  itemprop=\"image\" itemscope=\"itemscope\" itemtype=\"https:\/\/schema.org\/ImageObject\" ><ul class='avia-slideshow-inner ' style='padding-bottom: 28.666666666667%;'><li  class='avia-slideshow-slide av-mi5gbk-dceb91396e28c7edb088e49511025222__0  av-single-slide slide-1 slide-odd'><div data-rel='slideshow-1' class='avia-slide-wrap '   ><div class='av-slideshow-caption av-mi5gbk-dceb91396e28c7edb088e49511025222__0 caption_fullwidth caption_center caption_center_framed caption_framed'><div class=\"container caption_container\"><div class=\"slideshow_caption\"><div class=\"slideshow_inner_caption\"><div class=\"slideshow_align_caption\"><h2 class='avia-caption-title '  itemprop=\"name\" >Syndicat du Bassin de la Vouge<\/h2><\/div><\/div><\/div><\/div><\/div><img decoding=\"async\" fetchpriority=\"high\" class=\"wp-image-3326 avia-img-lazy-loading-not-3326\"  src=\"https:\/\/bassinvouge.com\/wp-content\/uploads\/2017\/12\/fond-1-1500x430.jpg\" width=\"1500\" height=\"430\" title='fond' alt=''  itemprop=\"thumbnailUrl\"   \/><\/div><\/li><\/ul><\/div><\/div><div id='after_full_slider_1'  class='main_color av_default_container_wrap container_wrap sidebar_right'  ><div class='container av-section-cont-open' ><div class='template-page content  av-content-small alpha units'><div class='post-entry post-entry-type-page post-entry-3466'><div class='entry-content-wrapper clearfix'>\n\n<style type=\"text\/css\" data-created_by=\"avia_inline_auto\" id=\"style-css-av-av_heading-693aaff19b89700481acdf7ecd262b28\">\n#top .av-special-heading.av-av_heading-693aaff19b89700481acdf7ecd262b28{\npadding-bottom:10px;\ncolor:#000000;\n}\nbody .av-special-heading.av-av_heading-693aaff19b89700481acdf7ecd262b28 .av-special-heading-tag .heading-char{\nfont-size:25px;\n}\n.av-special-heading.av-av_heading-693aaff19b89700481acdf7ecd262b28 .special-heading-inner-border{\nborder-color:#000000;\n}\n.av-special-heading.av-av_heading-693aaff19b89700481acdf7ecd262b28 .av-subheading{\nfont-size:15px;\n}\n<\/style>\n<div  class='av-special-heading av-av_heading-693aaff19b89700481acdf7ecd262b28 av-special-heading-h1 custom-color-heading blockquote modern-quote modern-centered  avia-builder-el-1  el_after_av_slideshow_full  el_before_av_section  avia-builder-el-no-sibling '><h1 class='av-special-heading-tag '  itemprop=\"headline\"  >Qualit\u00e9 des eaux<\/h1><div class=\"special-heading-border\"><div class=\"special-heading-inner-border\"><\/div><\/div><\/div>\n<\/div><\/div><\/div><!-- close content main div --><\/div><\/div><div id='av_section_1'  class='avia-section av-hxht9c-f6402ffb4dd8806493b2a9ddfe6af34c main_color avia-section-default avia-no-shadow  avia-builder-el-2  el_after_av_heading  avia-builder-el-last  avia-bg-style-scroll container_wrap sidebar_right'  ><div class='container av-section-cont-open' ><div class='template-page content  av-content-small alpha units'><div class='post-entry post-entry-type-page post-entry-3466'><div class='entry-content-wrapper clearfix'>\n\n<style type=\"text\/css\" data-created_by=\"avia_inline_auto\" id=\"style-css-av-e5m1v4-d6a3a5fd07eba1a59422d2c57ef016f2\">\n.flex_column.av-e5m1v4-d6a3a5fd07eba1a59422d2c57ef016f2{\nborder-radius:0px 0px 0px 0px;\npadding:0px 0px 0px 0px;\n}\n<\/style>\n<div  class='flex_column av-e5m1v4-d6a3a5fd07eba1a59422d2c57ef016f2 av_one_full  avia-builder-el-3  avia-builder-el-no-sibling  first flex_column_div av-zero-column-padding  '     ><style type=\"text\/css\" data-created_by=\"avia_inline_auto\" id=\"style-css-av-cw9900-e3697ff79ece37bb38230342701ca94e\">\n#top .av_textblock_section.av-cw9900-e3697ff79ece37bb38230342701ca94e .avia_textblock{\ncolor:#000000;\n}\n<\/style>\n<section  class='av_textblock_section av-cw9900-e3697ff79ece37bb38230342701ca94e '   itemscope=\"itemscope\" itemtype=\"https:\/\/schema.org\/CreativeWork\" ><div class='avia_textblock av_inherit_color'  itemprop=\"text\" ><p style=\"text-align: justify;\">La qualit\u00e9 des masses d\u2019eau du bassin est globalement m\u00e9diocre. Les analyses qualitative et quantitative des poissons (IPR) et des invert\u00e9br\u00e9s (IBGN) sont pertinents pour qualifier l\u2019am\u00e9lioration ou la d\u00e9gradation d\u2019un milieu. En effet, il se trouve que la faune aquacole est int\u00e9gratrice de l\u2019ensemble des perturbations physiques et physico chimiques existant sur un bassin.<\/p>\n<p><img loading=\"lazy\" decoding=\"async\" class=\"alignnone size-full wp-image-3622 aligncenter\" src=\"https:\/\/bassinvouge.com\/wp-content\/uploads\/2019\/03\/IPR.jpg\" alt=\"\" width=\"466\" height=\"398\" srcset=\"https:\/\/bassinvouge.com\/wp-content\/uploads\/2019\/03\/IPR.jpg 466w, https:\/\/bassinvouge.com\/wp-content\/uploads\/2019\/03\/IPR-300x256.jpg 300w, https:\/\/bassinvouge.com\/wp-content\/uploads\/2019\/03\/IPR-450x384.jpg 450w\" sizes=\"auto, (max-width: 466px) 100vw, 466px\" \/><\/p>\n<p style=\"text-align: center;\"><img loading=\"lazy\" decoding=\"async\" class=\"alignnone size-full wp-image-3623\" src=\"https:\/\/bassinvouge.com\/wp-content\/uploads\/2019\/03\/IBGN.jpg\" alt=\"\" width=\"466\" height=\"461\" srcset=\"https:\/\/bassinvouge.com\/wp-content\/uploads\/2019\/03\/IBGN.jpg 466w, https:\/\/bassinvouge.com\/wp-content\/uploads\/2019\/03\/IBGN-80x80.jpg 80w, https:\/\/bassinvouge.com\/wp-content\/uploads\/2019\/03\/IBGN-300x297.jpg 300w, https:\/\/bassinvouge.com\/wp-content\/uploads\/2019\/03\/IBGN-36x36.jpg 36w, https:\/\/bassinvouge.com\/wp-content\/uploads\/2019\/03\/IBGN-120x120.jpg 120w, https:\/\/bassinvouge.com\/wp-content\/uploads\/2019\/03\/IBGN-450x445.jpg 450w\" sizes=\"auto, (max-width: 466px) 100vw, 466px\" \/><\/p>\n<p style=\"text-align: justify;\">Ces deux tableaux montrent qu&rsquo;au cours des dix derni\u00e8res ann\u00e9es, la qualit\u00e9 de la faune aquacole des cours d\u2019eau du bassin de la Vouge s\u2019am\u00e9liore. Toutefois les progr\u00e8s sont lents. Il est \u00e0 noter qu&rsquo;une r\u00e9flexion, en cours, s&rsquo;interroge sur la pertinence de l&rsquo;IPR sur les petits cours d&rsquo;eau (comme ceux du bassin de la Vouge).<\/p>\n<\/div><\/section><\/div><\/div><\/div><\/div><!-- close content main div --><\/div><\/div><div id='after_section_1'  class='main_color av_default_container_wrap container_wrap sidebar_right'  ><div class='container av-section-cont-open' ><div class='template-page content  av-content-small alpha units'><div class='post-entry post-entry-type-page post-entry-3466'><div class='entry-content-wrapper clearfix'>\n","protected":false},"excerpt":{"rendered":"<p>This is a Page excerpt. It will be displayed for search results<\/p>\n","protected":false},"author":1,"featured_media":0,"parent":0,"menu_order":0,"comment_status":"open","ping_status":"open","template":"","meta":{"_seopress_robots_primary_cat":"","_seopress_titles_title":"","_seopress_titles_desc":"","_seopress_robots_index":"","_seopress_analysis_target_kw":"","_exactmetrics_skip_tracking":false,"_exactmetrics_sitenote_active":false,"_exactmetrics_sitenote_note":"","_exactmetrics_sitenote_category":0,"footnotes":""},"class_list":["post-3466","page","type-page","status-publish","hentry"],"_links":{"self":[{"href":"https:\/\/bassinvouge.com\/index.php?rest_route=\/wp\/v2\/pages\/3466","targetHints":{"allow":["GET"]}}],"collection":[{"href":"https:\/\/bassinvouge.com\/index.php?rest_route=\/wp\/v2\/pages"}],"about":[{"href":"https:\/\/bassinvouge.com\/index.php?rest_route=\/wp\/v2\/types\/page"}],"author":[{"embeddable":true,"href":"https:\/\/bassinvouge.com\/index.php?rest_route=\/wp\/v2\/users\/1"}],"replies":[{"embeddable":true,"href":"https:\/\/bassinvouge.com\/index.php?rest_route=%2Fwp%2Fv2%2Fcomments&post=3466"}],"version-history":[{"count":0,"href":"https:\/\/bassinvouge.com\/index.php?rest_route=\/wp\/v2\/pages\/3466\/revisions"}],"wp:attachment":[{"href":"https:\/\/bassinvouge.com\/index.php?rest_route=%2Fwp%2Fv2%2Fmedia&parent=3466"}],"curies":[{"name":"wp","href":"https:\/\/api.w.org\/{rel}","templated":true}]}}