{"id":3462,"date":"2019-01-09T16:14:01","date_gmt":"2019-01-09T15:14:01","guid":{"rendered":"https:\/\/bassinvouge.com\/wordvouge\/?page_id=3462"},"modified":"2019-01-09T16:14:01","modified_gmt":"2019-01-09T15:14:01","slug":"etudes-zones-humides","status":"publish","type":"page","link":"https:\/\/bassinvouge.com\/?page_id=3462","title":{"rendered":"\u00c9tudes Zones humides"},"content":{"rendered":"<div id='full_slider_1'  class='avia-fullwidth-slider main_color avia-shadow   avia-builder-el-0  el_before_av_heading  avia-builder-el-first   container_wrap sidebar_right'  ><div  class='avia-slideshow av-mi5gbk-dceb91396e28c7edb088e49511025222 avia-slideshow-featured av_slideshow_full avia-slide-slider av-slideshow-ui av-control-default av-slideshow-manual av-loop-once av-loop-manual-endless av-default-height-applied   avia-slideshow-1' data-slideshow-options=\"{&quot;animation&quot;:&quot;slide&quot;,&quot;autoplay&quot;:false,&quot;loop_autoplay&quot;:&quot;once&quot;,&quot;interval&quot;:5,&quot;loop_manual&quot;:&quot;manual-endless&quot;,&quot;autoplay_stopper&quot;:false,&quot;noNavigation&quot;:false,&quot;bg_slider&quot;:false,&quot;keep_padding&quot;:false,&quot;hoverpause&quot;:false,&quot;show_slide_delay&quot;:0}\"  itemprop=\"image\" itemscope=\"itemscope\" itemtype=\"https:\/\/schema.org\/ImageObject\" ><ul class='avia-slideshow-inner ' style='padding-bottom: 28.666666666667%;'><li  class='avia-slideshow-slide av-mi5gbk-dceb91396e28c7edb088e49511025222__0  av-single-slide slide-1 slide-odd'><div data-rel='slideshow-1' class='avia-slide-wrap '   ><div class='av-slideshow-caption av-mi5gbk-dceb91396e28c7edb088e49511025222__0 caption_fullwidth caption_center caption_center_framed caption_framed'><div class=\"container caption_container\"><div class=\"slideshow_caption\"><div class=\"slideshow_inner_caption\"><div class=\"slideshow_align_caption\"><h2 class='avia-caption-title '  itemprop=\"name\" >Syndicat du Bassin de la Vouge<\/h2><\/div><\/div><\/div><\/div><\/div><img decoding=\"async\" fetchpriority=\"high\" class=\"wp-image-3326 avia-img-lazy-loading-not-3326\"  src=\"https:\/\/bassinvouge.com\/wp-content\/uploads\/2017\/12\/fond-1-1500x430.jpg\" width=\"1500\" height=\"430\" title='fond' alt=''  itemprop=\"thumbnailUrl\"   \/><\/div><\/li><\/ul><\/div><\/div><div id='after_full_slider_1'  class='main_color av_default_container_wrap container_wrap sidebar_right'  ><div class='container av-section-cont-open' ><div class='template-page content  av-content-small alpha units'><div class='post-entry post-entry-type-page post-entry-3462'><div class='entry-content-wrapper clearfix'>\n\n<style type=\"text\/css\" data-created_by=\"avia_inline_auto\" id=\"style-css-av-av_heading-aaa54794aed23b176399e2506b363cd1\">\n#top .av-special-heading.av-av_heading-aaa54794aed23b176399e2506b363cd1{\npadding-bottom:10px;\ncolor:#000000;\n}\nbody .av-special-heading.av-av_heading-aaa54794aed23b176399e2506b363cd1 .av-special-heading-tag .heading-char{\nfont-size:25px;\n}\n.av-special-heading.av-av_heading-aaa54794aed23b176399e2506b363cd1 .special-heading-inner-border{\nborder-color:#000000;\n}\n.av-special-heading.av-av_heading-aaa54794aed23b176399e2506b363cd1 .av-subheading{\nfont-size:15px;\n}\n<\/style>\n<div  class='av-special-heading av-av_heading-aaa54794aed23b176399e2506b363cd1 av-special-heading-h1 custom-color-heading blockquote modern-quote modern-centered  avia-builder-el-1  el_after_av_slideshow_full  el_before_av_section  avia-builder-el-no-sibling '><h1 class='av-special-heading-tag '  itemprop=\"headline\"  >Zones humides<\/h1><div class=\"special-heading-border\"><div class=\"special-heading-inner-border\"><\/div><\/div><\/div>\n<\/div><\/div><\/div><!-- close content main div --><\/div><\/div><div id='av_section_1'  class='avia-section av-hxht9c-f6402ffb4dd8806493b2a9ddfe6af34c main_color avia-section-default avia-no-shadow  avia-builder-el-2  el_after_av_heading  avia-builder-el-last  avia-bg-style-scroll container_wrap sidebar_right'  ><div class='container av-section-cont-open' ><div class='template-page content  av-content-small alpha units'><div class='post-entry post-entry-type-page post-entry-3462'><div class='entry-content-wrapper clearfix'>\n\n<style type=\"text\/css\" data-created_by=\"avia_inline_auto\" id=\"style-css-av-e5m1v4-d6a3a5fd07eba1a59422d2c57ef016f2\">\n.flex_column.av-e5m1v4-d6a3a5fd07eba1a59422d2c57ef016f2{\nborder-radius:0px 0px 0px 0px;\npadding:0px 0px 0px 0px;\n}\n<\/style>\n<div  class='flex_column av-e5m1v4-d6a3a5fd07eba1a59422d2c57ef016f2 av_one_full  avia-builder-el-3  el_before_av_hr  avia-builder-el-first  first flex_column_div av-zero-column-padding  '     ><style type=\"text\/css\" data-created_by=\"avia_inline_auto\" id=\"style-css-av-cw9900-e3697ff79ece37bb38230342701ca94e\">\n#top .av_textblock_section.av-cw9900-e3697ff79ece37bb38230342701ca94e .avia_textblock{\ncolor:#000000;\n}\n<\/style>\n<section  class='av_textblock_section av-cw9900-e3697ff79ece37bb38230342701ca94e '   itemscope=\"itemscope\" itemtype=\"https:\/\/schema.org\/CreativeWork\" ><div class='avia_textblock av_inherit_color'  itemprop=\"text\" ><p align=\"justify\">Dans le cadre de l&rsquo;Appel A Projet (AAP) sur la GEMAPI lanc\u00e9 par l&rsquo;Agende de l&rsquo;Eau, l&rsquo;\u00e9tude de restauration du champ d\u2019expansion de crues de la ZH de la Noire Potte est engag\u00e9e d\u00e9puis janvier 2017.<\/p>\n<p align=\"justify\">Les diff\u00e9rentes phases de l&rsquo;\u00e9tude sont disponibles ici :<\/p>\n<ul>\n<li>Rapport de Phase 1 : <a href=\"https:\/\/bassinvouge.com\/Etudes\/AAP ZH Noire Potte - Phase 1 - Etat des lieux.pdf\">Etat des Lieux<\/a><\/li>\n<li>CoPil du 3 juillet 2017 : <a href=\"https:\/\/bassinvouge.com\/Etudes\/CR r\u00e9union phase 1.pdf\">Compte rendu<\/a><\/li>\n<li>Rapport (provisoire) de Phase 2 : <a href=\"https:\/\/bassinvouge.com\/Etudes\/AAP ZH Noire Potte - Phase 2 - AVP.pdf\" target=\"_blank\" rel=\"noopener\">Etude d&rsquo;Avant-Projet<\/a><\/li>\n<li>CoPil du 1er mars 2018 : <a href=\"https:\/\/bassinvouge.com\/Etudes\/CR r\u00e9union phase 2 AVP_VF.pdf\" target=\"_blank\" rel=\"noopener\">Compte rendu<\/a><\/li>\n<\/ul>\n<hr \/>\n<p class=\"active\">Les Zones Humides sont des r\u00e9servoirs de biodiversit\u00e9 et permettent de tamponner les ph\u00e9nom\u00e8nes de crues. Sur le bassin de la Vouge, un inventaire pr\u00e9cis (adoption en CLE le 8 novembre 2011 et diffusion aupr\u00e8s des services de l\u2019Etat), il a \u00e9t\u00e9 distingu\u00e9 :<\/p>\n<ul>\n<li>901 hectares de <a href=\"https:\/\/bassinvouge.com\/bibliotheque\/ZH_BV%20Vouge\/Carte%20ZH%20communes%20BV%202011.pdf\" target=\"_blank\" rel=\"noopener\">Zones Humides av\u00e9r\u00e9es<\/a>,<\/li>\n<li>des<a href=\"https:\/\/bassinvouge.com\/bibliotheque\/ZH_BV%20Vouge\/Carte%20secteurs%20%C3%A0%20enjeux%20BV%202011.pdf\" target=\"_blank\" rel=\"noopener\"> secteurs \u00e0 enjeux<\/a>, sur lesquels un compl\u00e9ment d&rsquo;information est n\u00e9cessaire avant toute modification des caract\u00e9ristiques et\/ou de la destination des sols.<\/li>\n<\/ul>\n<p><img loading=\"lazy\" decoding=\"async\" class=\"size-full wp-image-3463 aligncenter\" src=\"https:\/\/bassinvouge.com\/wordvouge\/wp-content\/uploads\/2019\/01\/zones_humides_etudes_clip_image002.jpg\" alt=\"\" width=\"394\" height=\"295\" srcset=\"https:\/\/bassinvouge.com\/wp-content\/uploads\/2019\/01\/zones_humides_etudes_clip_image002.jpg 394w, https:\/\/bassinvouge.com\/wp-content\/uploads\/2019\/01\/zones_humides_etudes_clip_image002-300x225.jpg 300w\" sizes=\"auto, (max-width: 394px) 100vw, 394px\" \/><\/p>\n<\/div><\/section><\/div><div  class='hr av-2gp0m9-00dead65f415de7779fc0c47e885b306 hr-default  avia-builder-el-5  el_after_av_one_full  el_before_av_textblock '><span class='hr-inner '><span class=\"hr-inner-style\"><\/span><\/span><\/div>\n<section  class='av_textblock_section av-jqpbqnll-9c282ef56684431ee4ce8cb042b3dd2c '   itemscope=\"itemscope\" itemtype=\"https:\/\/schema.org\/CreativeWork\" ><div class='avia_textblock'  itemprop=\"text\" ><p style=\"text-align: justify;\">Pour les 22 communes concern\u00e9es, par l&rsquo;identification de l&rsquo;une des ZH av\u00e9r\u00e9es, il est possible de t\u00e9l\u00e9charger une cartographie \u00e0 une \u00e9chelle plus fine :<\/p>\n<ul style=\"text-align: justify;\">\n<li><a href=\"https:\/\/bassinvouge.com\/bibliotheque\/ZH_BV%20Vouge\/Aiserey_ZH.pdf\" target=\"_blank\" rel=\"noopener\">Aiserey<\/a> &#8211; 1 Zone Humide sur le territoire communal<\/li>\n<li><a href=\"https:\/\/bassinvouge.com\/bibliotheque\/ZH_BV%20Vouge\/Aubigny_ZH.pdf\" target=\"_blank\" rel=\"noopener\">Aubigny en Plaine<\/a> &#8211; 2 Zones Humides<\/li>\n<li><a href=\"https:\/\/bassinvouge.com\/bibliotheque\/ZH_BV%20Vouge\/Bessey_ZH.pdf\">Bessey les C\u00eeteaux<\/a> &#8211; 2 Zones Humides<\/li>\n<li><a href=\"https:\/\/bassinvouge.com\/bibliotheque\/ZH_BV%20Vouge\/Boncourt_ZH.pdf\" target=\"_blank\" rel=\"noopener\">Boncourt le Bois<\/a> &#8211; 1 Zone Humide<\/li>\n<li><a href=\"https:\/\/bassinvouge.com\/bibliotheque\/ZH_BV%20Vouge\/Bonnencontre_ZH.pdf\" target=\"_blank\" rel=\"noopener\">Bonnencontre<\/a> &#8211; 2 Zones Humides<\/li>\n<li><a href=\"https:\/\/bassinvouge.com\/bibliotheque\/ZH_BV%20Vouge\/Brazey_ZH.pdf\" target=\"_blank\" rel=\"noopener\">Brazey en Plaine<\/a> &#8211; 6 Zones Humides<\/li>\n<li><a href=\"https:\/\/bassinvouge.com\/bibliotheque\/ZH_BV%20Vouge\/Brochon_ZH.pdf\" target=\"_blank\" rel=\"noopener\">Brochon<\/a> &#8211; 1 Zone Humide<\/li>\n<li><a href=\"https:\/\/bassinvouge.com\/bibliotheque\/ZH_BV%20Vouge\/Charrey_ZH.pdf\" target=\"_blank\" rel=\"noopener\">Charrey sur Sa\u00f4ne<\/a> &#8211; 3 Zones Humides<\/li>\n<li><a href=\"https:\/\/bassinvouge.com\/bibliotheque\/ZH_BV%20Vouge\/Esbarres_ZH.pdf\" target=\"_blank\" rel=\"noopener\">Esbarres<\/a> &#8211; 4 Zones Humides<\/li>\n<li><a href=\"https:\/\/bassinvouge.com\/bibliotheque\/ZH_BV%20Vouge\/Fenay_ZH.pdf\" target=\"_blank\" rel=\"noopener\">F\u00e9nay<\/a> &#8211; 1 Zone Humide<\/li>\n<li><a href=\"https:\/\/bassinvouge.com\/bibliotheque\/ZH_BV%20Vouge\/Fixin_ZH.pdf\" target=\"_blank\" rel=\"noopener\">Fixin<\/a> &#8211; 1 Zone Humide<\/li>\n<li><a href=\"https:\/\/bassinvouge.com\/bibliotheque\/ZH_BV%20Vouge\/Gerland_ZH.pdf\" target=\"_blank\" rel=\"noopener\">Gerland<\/a> &#8211; 2 Zones Humides<\/li>\n<li><a href=\"https:\/\/bassinvouge.com\/bibliotheque\/ZH_BV%20Vouge\/Gevrey_ZH.pdf\" target=\"_blank\" rel=\"noopener\">Gevrey Chambertin<\/a> &#8211; 2 Zones Humides<\/li>\n<li><a href=\"https:\/\/bassinvouge.com\/bibliotheque\/ZH_BV%20Vouge\/Izeure_ZH.pdf\" target=\"_blank\" rel=\"noopener\">Izeure<\/a> &#8211; 2 Zones Humides<\/li>\n<li><a href=\"https:\/\/bassinvouge.com\/bibliotheque\/ZH_BV%20Vouge\/Magny_ZH.pdf\" target=\"_blank\" rel=\"noopener\">Magny les Aubigny<\/a> &#8211; 1 Zone Humide<\/li>\n<li><a href=\"https:\/\/bassinvouge.com\/bibliotheque\/ZH_BV%20Vouge\/Perrigny_ZH.pdf\" target=\"_blank\" rel=\"noopener\">Perrigny les Dijon<\/a> &#8211; 1 Zone Humide<\/li>\n<li><a href=\"https:\/\/bassinvouge.com\/bibliotheque\/ZH_BV%20Vouge\/Saint_Bernard_ZH.pdf\" target=\"_blank\" rel=\"noopener\">Saint Bernard<\/a> &#8211; 1 Zone Humide<\/li>\n<li><a href=\"https:\/\/bassinvouge.com\/bibliotheque\/ZH_BV%20Vouge\/Saint_Nicolas_ZH.pdf\" target=\"_blank\" rel=\"noopener\">Saint Nicolas les C\u00eeteaux<\/a> &#8211; 4 Zones Humides<\/li>\n<li><a href=\"https:\/\/bassinvouge.com\/bibliotheque\/ZH_BV%20Vouge\/Saint_Usage_ZH.pdf\" target=\"_blank\" rel=\"noopener\">Saint Usage<\/a>&#8211; 3 Zones Humides<\/li>\n<li><a href=\"https:\/\/bassinvouge.com\/bibliotheque\/ZH_BV%20Vouge\/Saulon_la_Rue_ZH.pdf\" target=\"_blank\" rel=\"noopener\">Saulon la Rue<\/a> &#8211; 1 Zone Humide<\/li>\n<li><a href=\"https:\/\/bassinvouge.com\/bibliotheque\/ZH_BV%20Vouge\/Tart_le_Haut_ZH.pdf\" target=\"_blank\" rel=\"noopener\">Tart le Haut<\/a> &#8211; 1 Zone Humide<\/li>\n<li><a href=\"https:\/\/bassinvouge.com\/bibliotheque\/ZH_BV%20Vouge\/Villebichot_ZH.pdf\" target=\"_blank\" rel=\"noopener\">Villebichot<\/a> &#8211; 1 Zone Humide<\/li>\n<\/ul>\n<hr \/>\n<p style=\"text-align: justify;\">A la suite de cet \u00e9tat des lieux, quatre Plans de Gestions (PG) et deux expertises ont \u00e9t\u00e9 r\u00e9dig\u00e9s sur les sites les plus remarquables. Il s\u2019agit\u00a0:<\/p>\n<ul style=\"text-align: justify;\">\n<li>du PG des <a href=\"https:\/\/bassinvouge.com\/bibliotheque\/ZH_BV%20Vouge\/ZH%20des%20Etangs%20de%20Sathenay.JPG\" target=\"_blank\" rel=\"noopener\">Etangs de Sathenay<\/a> \u00e0 Gevrey Chambertin,<\/li>\n<li>du PG <a href=\"https:\/\/bassinvouge.com\/bibliotheque\/ZH_BV%20Vouge\/ZH%20de%20la%20Noire%20Potte.JPG\" target=\"_blank\" rel=\"noopener\">de la Noire Potte<\/a> \u00e0 Aiserey, Bessey les C\u00eeteaux et Izeure (voir travaux ZH),<\/li>\n<li>du PG <a href=\"https:\/\/bassinvouge.com\/bibliotheque\/ZH_BV%20Vouge\/ZH%20de%20la%20Cent%20Fonts.JPG\" target=\"_blank\" rel=\"noopener\">de la Cent Fonts<\/a> \u00e0 F\u00e9nay, Saulon la Rue et Perrigny les Dijon,<\/li>\n<li>du PG <a href=\"https:\/\/bassinvouge.com\/bibliotheque\/ZH_BV%20Vouge\/ZH%20Marais%20de%20la%20Chocelle.JPG\" target=\"_blank\" rel=\"noopener\">du Marais de la Chocelle<\/a> \u00e0 Gerland,<\/li>\n<li>de l\u2019expertise du complexe <a href=\"https:\/\/bassinvouge.com\/bibliotheque\/ZH_BV%20Vouge\/Complexe%20Etangs%20du%20Devant%20et%20de%20Derriere.JPG\" target=\"_blank\" rel=\"noopener\">des Etangs du Devant et du Derri\u00e8re<\/a> \u00e0 Brazey en Plaine,<\/li>\n<li>de l\u2019expertise <a href=\"https:\/\/bassinvouge.com\/bibliotheque\/ZH_BV%20Vouge\/Prairies%20Humides%20de%20bord%20de%20Vouge.JPG\" target=\"_blank\" rel=\"noopener\">des prairies humides de bords de Vouge<\/a> \u00e0 Aubigny en Plaine, Bessey les C\u00eeteaux et Brazey en Plaine.<\/li>\n<\/ul>\n<p style=\"text-align: justify;\"><strong>Attention <\/strong>: L&rsquo;identification des ZH se veut complet mais n&rsquo;est pas n\u00e9cessairement exhaustif. En effet, les sites potentiellement humides mais de tailles r\u00e9duites et ceux pas suffisament prospect\u00e9s (secteurs \u00e0 enjeux), pourraient augmenter le nombre de ZH reconnues sur le bassin.<\/p>\n<\/div><\/section>\n<\/div><\/div><\/div><!-- close content main div --><\/div><\/div><div id='after_section_1'  class='main_color av_default_container_wrap container_wrap sidebar_right'  ><div class='container av-section-cont-open' ><div class='template-page content  av-content-small alpha units'><div class='post-entry post-entry-type-page post-entry-3462'><div class='entry-content-wrapper clearfix'>\n","protected":false},"excerpt":{"rendered":"<p>This is a Page excerpt. It will be displayed for search results<\/p>\n","protected":false},"author":1,"featured_media":0,"parent":0,"menu_order":0,"comment_status":"open","ping_status":"open","template":"","meta":{"_seopress_robots_primary_cat":"","_seopress_titles_title":"","_seopress_titles_desc":"","_seopress_robots_index":"","_exactmetrics_skip_tracking":false,"_exactmetrics_sitenote_active":false,"_exactmetrics_sitenote_note":"","_exactmetrics_sitenote_category":0,"footnotes":""},"class_list":["post-3462","page","type-page","status-publish","hentry"],"_links":{"self":[{"href":"https:\/\/bassinvouge.com\/index.php?rest_route=\/wp\/v2\/pages\/3462","targetHints":{"allow":["GET"]}}],"collection":[{"href":"https:\/\/bassinvouge.com\/index.php?rest_route=\/wp\/v2\/pages"}],"about":[{"href":"https:\/\/bassinvouge.com\/index.php?rest_route=\/wp\/v2\/types\/page"}],"author":[{"embeddable":true,"href":"https:\/\/bassinvouge.com\/index.php?rest_route=\/wp\/v2\/users\/1"}],"replies":[{"embeddable":true,"href":"https:\/\/bassinvouge.com\/index.php?rest_route=%2Fwp%2Fv2%2Fcomments&post=3462"}],"version-history":[{"count":0,"href":"https:\/\/bassinvouge.com\/index.php?rest_route=\/wp\/v2\/pages\/3462\/revisions"}],"wp:attachment":[{"href":"https:\/\/bassinvouge.com\/index.php?rest_route=%2Fwp%2Fv2%2Fmedia&parent=3462"}],"curies":[{"name":"wp","href":"https:\/\/api.w.org\/{rel}","templated":true}]}}