{"id":3458,"date":"2019-01-09T16:10:43","date_gmt":"2019-01-09T15:10:43","guid":{"rendered":"https:\/\/bassinvouge.com\/wordvouge\/?page_id=3458"},"modified":"2019-03-14T16:56:36","modified_gmt":"2019-03-14T15:56:36","slug":"etudes-volumes-prelevables","status":"publish","type":"page","link":"https:\/\/bassinvouge.com\/?page_id=3458","title":{"rendered":"Etudes Volumes Pr\u00e9levables"},"content":{"rendered":"<div id='full_slider_1'  class='avia-fullwidth-slider main_color avia-shadow   avia-builder-el-0  el_before_av_heading  avia-builder-el-first   container_wrap sidebar_right'  ><div  class='avia-slideshow av-mi5gbk-dceb91396e28c7edb088e49511025222 avia-slideshow-featured av_slideshow_full avia-slide-slider av-slideshow-ui av-control-default av-slideshow-manual av-loop-once av-loop-manual-endless av-default-height-applied   avia-slideshow-1' data-slideshow-options=\"{&quot;animation&quot;:&quot;slide&quot;,&quot;autoplay&quot;:false,&quot;loop_autoplay&quot;:&quot;once&quot;,&quot;interval&quot;:5,&quot;loop_manual&quot;:&quot;manual-endless&quot;,&quot;autoplay_stopper&quot;:false,&quot;noNavigation&quot;:false,&quot;bg_slider&quot;:false,&quot;keep_padding&quot;:false,&quot;hoverpause&quot;:false,&quot;show_slide_delay&quot;:0}\"  itemprop=\"image\" itemscope=\"itemscope\" itemtype=\"https:\/\/schema.org\/ImageObject\" ><ul class='avia-slideshow-inner ' style='padding-bottom: 28.666666666667%;'><li  class='avia-slideshow-slide av-mi5gbk-dceb91396e28c7edb088e49511025222__0  av-single-slide slide-1 slide-odd'><div data-rel='slideshow-1' class='avia-slide-wrap '   ><div class='av-slideshow-caption av-mi5gbk-dceb91396e28c7edb088e49511025222__0 caption_fullwidth caption_center caption_center_framed caption_framed'><div class=\"container caption_container\"><div class=\"slideshow_caption\"><div class=\"slideshow_inner_caption\"><div class=\"slideshow_align_caption\"><h2 class='avia-caption-title '  itemprop=\"name\" >Syndicat du Bassin de la Vouge<\/h2><\/div><\/div><\/div><\/div><\/div><img decoding=\"async\" fetchpriority=\"high\" class=\"wp-image-3326 avia-img-lazy-loading-not-3326\"  src=\"https:\/\/bassinvouge.com\/wp-content\/uploads\/2017\/12\/fond-1-1500x430.jpg\" width=\"1500\" height=\"430\" title='fond' alt=''  itemprop=\"thumbnailUrl\"   \/><\/div><\/li><\/ul><\/div><\/div><div id='after_full_slider_1'  class='main_color av_default_container_wrap container_wrap sidebar_right'  ><div class='container av-section-cont-open' ><div class='template-page content  av-content-small alpha units'><div class='post-entry post-entry-type-page post-entry-3458'><div class='entry-content-wrapper clearfix'>\n\n<style type=\"text\/css\" data-created_by=\"avia_inline_auto\" id=\"style-css-av-av_heading-308f7d1b7b2e38c9cecca4a24bbfddfd\">\n#top .av-special-heading.av-av_heading-308f7d1b7b2e38c9cecca4a24bbfddfd{\npadding-bottom:10px;\ncolor:#000000;\n}\nbody .av-special-heading.av-av_heading-308f7d1b7b2e38c9cecca4a24bbfddfd .av-special-heading-tag .heading-char{\nfont-size:25px;\n}\n.av-special-heading.av-av_heading-308f7d1b7b2e38c9cecca4a24bbfddfd .special-heading-inner-border{\nborder-color:#000000;\n}\n.av-special-heading.av-av_heading-308f7d1b7b2e38c9cecca4a24bbfddfd .av-subheading{\nfont-size:15px;\n}\n<\/style>\n<div  class='av-special-heading av-av_heading-308f7d1b7b2e38c9cecca4a24bbfddfd av-special-heading-h1 custom-color-heading blockquote modern-quote modern-centered  avia-builder-el-1  el_after_av_slideshow_full  el_before_av_section  avia-builder-el-no-sibling '><h1 class='av-special-heading-tag '  itemprop=\"headline\"  >Etudes Volumes Pr\u00e9levables<\/h1><div class=\"special-heading-border\"><div class=\"special-heading-inner-border\"><\/div><\/div><\/div>\n<\/div><\/div><\/div><!-- close content main div --><\/div><\/div><div id='av_section_1'  class='avia-section av-hxht9c-f6402ffb4dd8806493b2a9ddfe6af34c main_color avia-section-default avia-no-shadow  avia-builder-el-2  el_after_av_heading  avia-builder-el-last  avia-bg-style-scroll container_wrap sidebar_right'  ><div class='container av-section-cont-open' ><div class='template-page content  av-content-small alpha units'><div class='post-entry post-entry-type-page post-entry-3458'><div class='entry-content-wrapper clearfix'>\n\n<style type=\"text\/css\" data-created_by=\"avia_inline_auto\" id=\"style-css-av-e5m1v4-d6a3a5fd07eba1a59422d2c57ef016f2\">\n.flex_column.av-e5m1v4-d6a3a5fd07eba1a59422d2c57ef016f2{\nborder-radius:0px 0px 0px 0px;\npadding:0px 0px 0px 0px;\n}\n<\/style>\n<div  class='flex_column av-e5m1v4-d6a3a5fd07eba1a59422d2c57ef016f2 av_one_half  avia-builder-el-3  el_before_av_one_half  avia-builder-el-first  first flex_column_div av-zero-column-padding  '     ><style type=\"text\/css\" data-created_by=\"avia_inline_auto\" id=\"style-css-av-cw9900-e3697ff79ece37bb38230342701ca94e\">\n#top .av_textblock_section.av-cw9900-e3697ff79ece37bb38230342701ca94e .avia_textblock{\ncolor:#000000;\n}\n<\/style>\n<section  class='av_textblock_section av-cw9900-e3697ff79ece37bb38230342701ca94e '   itemscope=\"itemscope\" itemtype=\"https:\/\/schema.org\/CreativeWork\" ><div class='avia_textblock av_inherit_color'  itemprop=\"text\" ><p class=\"active\" align=\"justify\">Dans le cadre de la d\u00e9finition de la nappe de Dijon Sud (le 20 d\u00e9cembre 2005) et du bassin versant de la Vouge (le 25 juin 2010) en tant que Zones de R\u00e9partition des Eaux (<strong>ZRE<\/strong>), le SBV a diligent\u00e9 deux Etudes Volumes Pr\u00e9levables (<strong>EVP<\/strong>) afin de retrouver l&rsquo;\u00e9quilibre quantitatif entre les usages et les possibilit\u00e9s du milieu. La finalit\u00e9 de l&rsquo;\u00e9tude est le retour \u00e0 l&rsquo;\u00e9quilibre <strong>8 ann\u00e9es sur 10<\/strong> sans qu&rsquo;il y ait la n\u00e9cessit\u00e9 de prendre des arr\u00eat\u00e9s de limitation d&rsquo;usages de l&rsquo;eau. Ces \u00e9tudes se sont termin\u00e9es \u00e0 l&rsquo;occasion de la pr\u00e9sentation en CLE du 8 novembre 2011.<\/p>\n<\/div><\/section><\/div>\n<style type=\"text\/css\" data-created_by=\"avia_inline_auto\" id=\"style-css-av-e5m1v4-28e13cf877d5b35e383c8f80a09bf293\">\n.flex_column.av-e5m1v4-28e13cf877d5b35e383c8f80a09bf293{\nborder-radius:0px 0px 0px 0px;\npadding:0px 0px 0px 0px;\n}\n<\/style>\n<div  class='flex_column av-e5m1v4-28e13cf877d5b35e383c8f80a09bf293 av_one_half  avia-builder-el-5  el_after_av_one_half  avia-builder-el-last  flex_column_div av-zero-column-padding  '     ><style type=\"text\/css\" data-created_by=\"avia_inline_auto\" id=\"style-css-av-cw9900-e3697ff79ece37bb38230342701ca94e\">\n#top .av_textblock_section.av-cw9900-e3697ff79ece37bb38230342701ca94e .avia_textblock{\ncolor:#000000;\n}\n<\/style>\n<section  class='av_textblock_section av-cw9900-e3697ff79ece37bb38230342701ca94e '   itemscope=\"itemscope\" itemtype=\"https:\/\/schema.org\/CreativeWork\" ><div class='avia_textblock av_inherit_color'  itemprop=\"text\" ><p>Vous trouverez ci joint les extraits des :<\/p>\n<ul>\n<li><a href=\"https:\/\/bassinvouge.com\/Etudes\/Extrait_DS_Ph1.pdf\" target=\"_blank\" rel=\"noopener noreferrer\">Phase 1 de la nappe de Dijon Sud<\/a><\/li>\n<li><a href=\"https:\/\/bassinvouge.com\/Etudes\/Extrait_V+DS_Ph1+PH2.pdf\" target=\"_blank\" rel=\"noopener noreferrer\">Phases 1 et 2 du bassin de la Vouge et 2 de la nappe de Dijon Sud<\/a><\/li>\n<li>Phases 3 <a href=\"https:\/\/bassinvouge.com\/Etudes\/Extrait_EVP_Vouge_Phase3.pdf\" target=\"_blank\" rel=\"noopener noreferrer\">du bassin de la Vouge<\/a>, <a href=\"https:\/\/bassinvouge.com\/Etudes\/Extrait_EVP_Bietre_Phase3.pdf\" target=\"_blank\" rel=\"noopener noreferrer\">de la nappe de la Bi\u00e8tre<\/a> et <a href=\"https:\/\/bassinvouge.com\/Etudes\/Extrait_EVP_DS_Phase_3.pdf\" target=\"_blank\" rel=\"noopener noreferrer\">celle de Dijon Sud<\/a><\/li>\n<li><a href=\"https:\/\/bassinvouge.com\/Etudes\/Extrait_DS_Ph3bis.pdf\" target=\"_blank\" rel=\"noopener noreferrer\">Phases 3bis de la nappe de Dijon Sud<\/a><\/li>\n<li><a href=\"https:\/\/bassinvouge.com\/Etudes\/Extrait_EVP_Vouge_Phase4.pdf\" target=\"_blank\" rel=\"noopener noreferrer\">Phase 4 du bassin de la Vouge<\/a><\/li>\n<li><a href=\"https:\/\/bassinvouge.com\/Etudes\/Extrait_Vouge_Ph5.pdf\" target=\"_blank\" rel=\"noopener noreferrer\">Phase 5 du bassin de la Vouge<\/a><\/li>\n<li><a href=\"https:\/\/bassinvouge.com\/Etudes\/Extrait_DS_Ph4+5.pdf\" target=\"_blank\" rel=\"noopener noreferrer\">Phases 4 et 5 de la nappe de Dijon Sud<\/a><\/li>\n<li><a href=\"https:\/\/bassinvouge.com\/Etudes\/Extrait_V+DS_Ph6.pdf\" target=\"_blank\" rel=\"noopener noreferrer\">Phase 6 du bassin de la Vouge et de la nappe de Dijon Sud <\/a><\/li>\n<\/ul>\n<p align=\"justify\"><strong>Les conclusions des \u00e9tudes ont permis des \u00e9changes et de la concertation au sein de la CLE de la Vouge et de l&rsquo;Inter CLE Nappe de Dijon Sud. Les Volumes Pr\u00e9levables et les D\u00e9bits Biologiques ont \u00e9t\u00e9 valid\u00e9s lors de la CLE du 26 juin 2012.<\/strong><\/p>\n<\/div><\/section><\/div><\/div><\/div><\/div><!-- close content main div --><\/div><\/div><div id='after_section_1'  class='main_color av_default_container_wrap container_wrap sidebar_right'  ><div class='container av-section-cont-open' ><div class='template-page content  av-content-small alpha units'><div class='post-entry post-entry-type-page post-entry-3458'><div class='entry-content-wrapper clearfix'>\n","protected":false},"excerpt":{"rendered":"<p>This is a Page excerpt. It will be displayed for search results<\/p>\n","protected":false},"author":1,"featured_media":0,"parent":0,"menu_order":0,"comment_status":"open","ping_status":"open","template":"","meta":{"_seopress_robots_primary_cat":"","_seopress_titles_title":"","_seopress_titles_desc":"","_seopress_robots_index":"","_exactmetrics_skip_tracking":false,"_exactmetrics_sitenote_active":false,"_exactmetrics_sitenote_note":"","_exactmetrics_sitenote_category":0,"footnotes":""},"class_list":["post-3458","page","type-page","status-publish","hentry"],"_links":{"self":[{"href":"https:\/\/bassinvouge.com\/index.php?rest_route=\/wp\/v2\/pages\/3458","targetHints":{"allow":["GET"]}}],"collection":[{"href":"https:\/\/bassinvouge.com\/index.php?rest_route=\/wp\/v2\/pages"}],"about":[{"href":"https:\/\/bassinvouge.com\/index.php?rest_route=\/wp\/v2\/types\/page"}],"author":[{"embeddable":true,"href":"https:\/\/bassinvouge.com\/index.php?rest_route=\/wp\/v2\/users\/1"}],"replies":[{"embeddable":true,"href":"https:\/\/bassinvouge.com\/index.php?rest_route=%2Fwp%2Fv2%2Fcomments&post=3458"}],"version-history":[{"count":0,"href":"https:\/\/bassinvouge.com\/index.php?rest_route=\/wp\/v2\/pages\/3458\/revisions"}],"wp:attachment":[{"href":"https:\/\/bassinvouge.com\/index.php?rest_route=%2Fwp%2Fv2%2Fmedia&parent=3458"}],"curies":[{"name":"wp","href":"https:\/\/api.w.org\/{rel}","templated":true}]}}