{"id":3409,"date":"2019-01-09T14:52:31","date_gmt":"2019-01-09T13:52:31","guid":{"rendered":"https:\/\/bassinvouge.com\/wordvouge\/?page_id=3409"},"modified":"2019-03-14T16:55:38","modified_gmt":"2019-03-14T15:55:38","slug":"zones-humides","status":"publish","type":"page","link":"https:\/\/bassinvouge.com\/?page_id=3409","title":{"rendered":"Zones humides"},"content":{"rendered":"<div id='full_slider_1'  class='avia-fullwidth-slider main_color avia-shadow   avia-builder-el-0  el_before_av_heading  avia-builder-el-first   container_wrap sidebar_right'  ><div  class='avia-slideshow av-mi5gbk-dceb91396e28c7edb088e49511025222 avia-slideshow-featured av_slideshow_full avia-slide-slider av-slideshow-ui av-control-default av-slideshow-manual av-loop-once av-loop-manual-endless av-default-height-applied   avia-slideshow-1' data-slideshow-options=\"{&quot;animation&quot;:&quot;slide&quot;,&quot;autoplay&quot;:false,&quot;loop_autoplay&quot;:&quot;once&quot;,&quot;interval&quot;:5,&quot;loop_manual&quot;:&quot;manual-endless&quot;,&quot;autoplay_stopper&quot;:false,&quot;noNavigation&quot;:false,&quot;bg_slider&quot;:false,&quot;keep_padding&quot;:false,&quot;hoverpause&quot;:false,&quot;show_slide_delay&quot;:0}\"  itemprop=\"image\" itemscope=\"itemscope\" itemtype=\"https:\/\/schema.org\/ImageObject\" ><ul class='avia-slideshow-inner ' style='padding-bottom: 28.666666666667%;'><li  class='avia-slideshow-slide av-mi5gbk-dceb91396e28c7edb088e49511025222__0  av-single-slide slide-1 slide-odd'><div data-rel='slideshow-1' class='avia-slide-wrap '   ><div class='av-slideshow-caption av-mi5gbk-dceb91396e28c7edb088e49511025222__0 caption_fullwidth caption_center caption_center_framed caption_framed'><div class=\"container caption_container\"><div class=\"slideshow_caption\"><div class=\"slideshow_inner_caption\"><div class=\"slideshow_align_caption\"><h2 class='avia-caption-title '  itemprop=\"name\" >Syndicat du Bassin de la Vouge<\/h2><\/div><\/div><\/div><\/div><\/div><img decoding=\"async\" fetchpriority=\"high\" class=\"wp-image-3326 avia-img-lazy-loading-not-3326\"  src=\"https:\/\/bassinvouge.com\/wp-content\/uploads\/2017\/12\/fond-1-1500x430.jpg\" width=\"1500\" height=\"430\" title='fond' alt=''  itemprop=\"thumbnailUrl\"   \/><\/div><\/li><\/ul><\/div><\/div><div id='after_full_slider_1'  class='main_color av_default_container_wrap container_wrap sidebar_right'  ><div class='container av-section-cont-open' ><div class='template-page content  av-content-small alpha units'><div class='post-entry post-entry-type-page post-entry-3409'><div class='entry-content-wrapper clearfix'>\n\n<style type=\"text\/css\" data-created_by=\"avia_inline_auto\" id=\"style-css-av-av_heading-aaa54794aed23b176399e2506b363cd1\">\n#top .av-special-heading.av-av_heading-aaa54794aed23b176399e2506b363cd1{\npadding-bottom:10px;\ncolor:#000000;\n}\nbody .av-special-heading.av-av_heading-aaa54794aed23b176399e2506b363cd1 .av-special-heading-tag .heading-char{\nfont-size:25px;\n}\n.av-special-heading.av-av_heading-aaa54794aed23b176399e2506b363cd1 .special-heading-inner-border{\nborder-color:#000000;\n}\n.av-special-heading.av-av_heading-aaa54794aed23b176399e2506b363cd1 .av-subheading{\nfont-size:15px;\n}\n<\/style>\n<div  class='av-special-heading av-av_heading-aaa54794aed23b176399e2506b363cd1 av-special-heading-h1 custom-color-heading blockquote modern-quote modern-centered  avia-builder-el-1  el_after_av_slideshow_full  el_before_av_section  avia-builder-el-no-sibling '><h1 class='av-special-heading-tag '  itemprop=\"headline\"  >Zones humides<\/h1><div class=\"special-heading-border\"><div class=\"special-heading-inner-border\"><\/div><\/div><\/div>\n<\/div><\/div><\/div><!-- close content main div --><\/div><\/div><div id='av_section_1'  class='avia-section av-hxht9c-f6402ffb4dd8806493b2a9ddfe6af34c main_color avia-section-default avia-no-shadow  avia-builder-el-2  el_after_av_heading  avia-builder-el-last  avia-bg-style-scroll container_wrap sidebar_right'  ><div class='container av-section-cont-open' ><div class='template-page content  av-content-small alpha units'><div class='post-entry post-entry-type-page post-entry-3409'><div class='entry-content-wrapper clearfix'>\n\n<style type=\"text\/css\" data-created_by=\"avia_inline_auto\" id=\"style-css-av-av_one_half-25347b0a799d5b9f7058434b2a9c3182\">\n.flex_column.av-av_one_half-25347b0a799d5b9f7058434b2a9c3182{\nborder-radius:0px 0px 0px 0px;\npadding:0px 0px 0px 0px;\n}\n<\/style>\n<div  class='flex_column av-av_one_half-25347b0a799d5b9f7058434b2a9c3182 av_one_half  avia-builder-el-3  el_before_av_one_half  avia-builder-el-first  first flex_column_div av-zero-column-padding  '     ><style type=\"text\/css\" data-created_by=\"avia_inline_auto\" id=\"style-css-av-cw9900-e3697ff79ece37bb38230342701ca94e\">\n#top .av_textblock_section.av-cw9900-e3697ff79ece37bb38230342701ca94e .avia_textblock{\ncolor:#000000;\n}\n<\/style>\n<section  class='av_textblock_section av-cw9900-e3697ff79ece37bb38230342701ca94e '   itemscope=\"itemscope\" itemtype=\"https:\/\/schema.org\/CreativeWork\" ><div class='avia_textblock av_inherit_color'  itemprop=\"text\" ><p style=\"text-align: justify;\" align=\"justify\">Suite \u00e0 l\u2019adoption de l\u2019\u00e9tat des lieux des Zones Humides, le SBV a acquis 7.7 ha de celle de la Noire Potte. A partir de septembre 2013, des actions pr\u00e9vues dans le Plan de Gestion, visant au maintien des diff\u00e9rents stades d\u2019\u00e9volution de la for\u00eat alluviale, consisteront \u00e0\u00a0:<\/p>\n<ul type=\"disc\">\n<li style=\"text-align: justify;\">\n<div align=\"justify\">Maintenir l\u2019ouverture des milieux ouverts par d\u00e9broussaillage afin de conserver la diversit\u00e9 \u00e9cologique des m\u00e9gaphorbiaies,<\/div>\n<\/li>\n<li style=\"text-align: justify;\">\n<div align=\"justify\">G\u00e9rer de mani\u00e8re extensive une partie de la peupleraie (par d\u00e9bardage \u00e0 cheval),<\/div>\n<\/li>\n<li>\n<div style=\"text-align: justify;\" align=\"justify\">Suivre les \u00eelots de vieillissement d\u2019une partie de la peupleraie.<\/div>\n<\/li>\n<\/ul>\n<\/div><\/section><\/div>\n<style type=\"text\/css\" data-created_by=\"avia_inline_auto\" id=\"style-css-av-av_one_half-f7c1061df29de8cca6b42fcf455fe4a0\">\n.flex_column.av-av_one_half-f7c1061df29de8cca6b42fcf455fe4a0{\nborder-radius:0px 0px 0px 0px;\npadding:0px 0px 0px 0px;\n}\n<\/style>\n<div  class='flex_column av-av_one_half-f7c1061df29de8cca6b42fcf455fe4a0 av_one_half  avia-builder-el-5  el_after_av_one_half  el_before_av_one_full  flex_column_div av-zero-column-padding  '     ><section  class='av_textblock_section av-jt8teji8-f724da0512e9360b81f8e030cc47a41e '   itemscope=\"itemscope\" itemtype=\"https:\/\/schema.org\/CreativeWork\" ><div class='avia_textblock'  itemprop=\"text\" ><p align=\"justify\"><span style=\"color: #000000;\">Les entreprises David SUBTIL et ARBEO ont trait\u00e9 la zone humide en 2013 et 2014<\/span><\/p>\n<p align=\"justify\"><span style=\"color: #000000;\">Ce programme est financ\u00e9 \u00e0 80% par le Conseil R\u00e9gional de Bourgogne (50%) et l&rsquo;Agence de l&rsquo;Eau RM&amp;C (30%).<\/span><\/p>\n<p align=\"justify\"><img loading=\"lazy\" decoding=\"async\" class=\"alignnone size-full wp-image-3638\" src=\"https:\/\/bassinvouge.com\/wp-content\/uploads\/2019\/03\/travaux1.png\" alt=\"\" width=\"666\" height=\"416\" srcset=\"https:\/\/bassinvouge.com\/wp-content\/uploads\/2019\/03\/travaux1.png 666w, https:\/\/bassinvouge.com\/wp-content\/uploads\/2019\/03\/travaux1-300x187.png 300w, https:\/\/bassinvouge.com\/wp-content\/uploads\/2019\/03\/travaux1-450x281.png 450w\" sizes=\"auto, (max-width: 666px) 100vw, 666px\" \/><\/p>\n<\/div><\/section><\/div>\n<style type=\"text\/css\" data-created_by=\"avia_inline_auto\" id=\"style-css-av-e5m1v4-d6a3a5fd07eba1a59422d2c57ef016f2\">\n.flex_column.av-e5m1v4-d6a3a5fd07eba1a59422d2c57ef016f2{\nborder-radius:0px 0px 0px 0px;\npadding:0px 0px 0px 0px;\n}\n<\/style>\n<div  class='flex_column av-e5m1v4-d6a3a5fd07eba1a59422d2c57ef016f2 av_one_full  avia-builder-el-7  el_after_av_one_half  el_before_av_hr  first flex_column_div av-zero-column-padding  column-top-margin'     ><\/div><div  class='hr av-2gp0m9-00dead65f415de7779fc0c47e885b306 hr-default  avia-builder-el-8  el_after_av_one_full  el_before_av_textblock '><span class='hr-inner '><span class=\"hr-inner-style\"><\/span><\/span><\/div>\n<section  class='av_textblock_section av-9wcfls-f6197effff876b2206b888eb46c1cfe1 '   itemscope=\"itemscope\" itemtype=\"https:\/\/schema.org\/CreativeWork\" ><div class='avia_textblock'  itemprop=\"text\" ><h3 style=\"text-align: center;\" align=\"left\"><strong>Les photos de d\u00e9bardage des peupliers et de broyage (avec exportation) dans la zone ouverte <\/strong><\/h3>\n<h3 style=\"text-align: center;\"><span class=\"Style1\"><strong>\u00a0<\/strong><\/span><\/h3>\n<\/div><\/section>\n\n<style type=\"text\/css\" data-created_by=\"avia_inline_auto\" id=\"style-css-av-jqp93uy6-eda5e3ab4270a2c998f6d0d55311faa2\">\n#top .avia-gallery.av-jqp93uy6-eda5e3ab4270a2c998f6d0d55311faa2 .avia-gallery-thumb a{\nwidth:33.3333%;\n}\n<\/style>\n<div  class='avia-gallery av-jqp93uy6-eda5e3ab4270a2c998f6d0d55311faa2 avia_animate_when_visible  avia-builder-el-10  el_after_av_textblock  avia-builder-el-last  avia_lazyload avia-gallery-animate avia-gallery-1'  itemprop=\"image\" itemscope=\"itemscope\" itemtype=\"https:\/\/schema.org\/ImageObject\" ><meta itemprop=\"contentURL\" content=\"https:\/\/bassinvouge.com\/?page_id=3409\"><div class='avia-gallery-thumb'><a href=\"https:\/\/bassinvouge.com\/wp-content\/uploads\/2019\/01\/DSCN6991.jpg\" data-srcset=\"https:\/\/bassinvouge.com\/wp-content\/uploads\/2019\/01\/DSCN6991.jpg 605w, https:\/\/bassinvouge.com\/wp-content\/uploads\/2019\/01\/DSCN6991-300x225.jpg 300w, https:\/\/bassinvouge.com\/wp-content\/uploads\/2019\/01\/DSCN6991-450x338.jpg 450w\" data-sizes=\"(max-width: 605px) 100vw, 605px\" data-rel='gallery-1' data-prev-img='https:\/\/bassinvouge.com\/wp-content\/uploads\/2019\/01\/DSCN6991-495x400.jpg' class='first_thumb lightbox ' data-onclick='1' title='DSCN6991'  itemprop=\"thumbnailUrl\"  ><img decoding=\"async\" fetchpriority=\"high\" class=\"wp-image-3420 avia-img-lazy-loading-not-3420\"   src=\"https:\/\/bassinvouge.com\/wp-content\/uploads\/2019\/01\/DSCN6991-495x400.jpg\" width=\"495\" height=\"400\"  title='DSCN6991' alt='' \/><div class='big-prev-fake'><img decoding=\"async\" loading=\"lazy\" class=\"wp-image-3420 avia-img-lazy-loading-3420\"  width=\"495\" height=\"400\" src=\"https:\/\/bassinvouge.com\/wp-content\/uploads\/2019\/01\/DSCN6991-495x400.jpg\" title='DSCN6991' alt='' \/><\/div><\/a><a href=\"https:\/\/bassinvouge.com\/wp-content\/uploads\/2019\/01\/DSCN6990.jpg\" data-srcset=\"https:\/\/bassinvouge.com\/wp-content\/uploads\/2019\/01\/DSCN6990.jpg 605w, https:\/\/bassinvouge.com\/wp-content\/uploads\/2019\/01\/DSCN6990-300x225.jpg 300w, https:\/\/bassinvouge.com\/wp-content\/uploads\/2019\/01\/DSCN6990-450x338.jpg 450w\" data-sizes=\"(max-width: 605px) 100vw, 605px\" data-rel='gallery-1' data-prev-img='https:\/\/bassinvouge.com\/wp-content\/uploads\/2019\/01\/DSCN6990-495x400.jpg' class='lightbox ' data-onclick='2' title='DSCN6990'  itemprop=\"thumbnailUrl\"  ><img decoding=\"async\" fetchpriority=\"high\" class=\"wp-image-3419 avia-img-lazy-loading-not-3419\"   src=\"https:\/\/bassinvouge.com\/wp-content\/uploads\/2019\/01\/DSCN6990-495x400.jpg\" width=\"495\" height=\"400\"  title='DSCN6990' alt='' \/><div class='big-prev-fake'><img decoding=\"async\" loading=\"lazy\" class=\"wp-image-3419 avia-img-lazy-loading-3419\"  width=\"495\" height=\"400\" src=\"https:\/\/bassinvouge.com\/wp-content\/uploads\/2019\/01\/DSCN6990-495x400.jpg\" title='DSCN6990' alt='' \/><\/div><\/a><a href=\"https:\/\/bassinvouge.com\/wp-content\/uploads\/2019\/01\/DSCN6989.jpg\" data-srcset=\"https:\/\/bassinvouge.com\/wp-content\/uploads\/2019\/01\/DSCN6989.jpg 605w, https:\/\/bassinvouge.com\/wp-content\/uploads\/2019\/01\/DSCN6989-300x225.jpg 300w, https:\/\/bassinvouge.com\/wp-content\/uploads\/2019\/01\/DSCN6989-450x338.jpg 450w\" data-sizes=\"(max-width: 605px) 100vw, 605px\" data-rel='gallery-1' data-prev-img='https:\/\/bassinvouge.com\/wp-content\/uploads\/2019\/01\/DSCN6989-495x400.jpg' class='lightbox ' data-onclick='3' title='DSCN6989'  itemprop=\"thumbnailUrl\"  ><img decoding=\"async\" fetchpriority=\"high\" class=\"wp-image-3418 avia-img-lazy-loading-not-3418\"   src=\"https:\/\/bassinvouge.com\/wp-content\/uploads\/2019\/01\/DSCN6989-495x400.jpg\" width=\"495\" height=\"400\"  title='DSCN6989' alt='' \/><div class='big-prev-fake'><img decoding=\"async\" loading=\"lazy\" class=\"wp-image-3418 avia-img-lazy-loading-3418\"  width=\"495\" height=\"400\" src=\"https:\/\/bassinvouge.com\/wp-content\/uploads\/2019\/01\/DSCN6989-495x400.jpg\" title='DSCN6989' alt='' \/><\/div><\/a><a href=\"https:\/\/bassinvouge.com\/wp-content\/uploads\/2019\/01\/DSCN6984.jpg\" data-srcset=\"https:\/\/bassinvouge.com\/wp-content\/uploads\/2019\/01\/DSCN6984.jpg 605w, https:\/\/bassinvouge.com\/wp-content\/uploads\/2019\/01\/DSCN6984-300x225.jpg 300w, https:\/\/bassinvouge.com\/wp-content\/uploads\/2019\/01\/DSCN6984-450x338.jpg 450w\" data-sizes=\"(max-width: 605px) 100vw, 605px\" data-rel='gallery-1' data-prev-img='https:\/\/bassinvouge.com\/wp-content\/uploads\/2019\/01\/DSCN6984-495x400.jpg' class='first_thumb lightbox ' data-onclick='4' title='DSCN6984'  itemprop=\"thumbnailUrl\"  ><img decoding=\"async\" fetchpriority=\"high\" class=\"wp-image-3413 avia-img-lazy-loading-not-3413\"   src=\"https:\/\/bassinvouge.com\/wp-content\/uploads\/2019\/01\/DSCN6984-495x400.jpg\" width=\"495\" height=\"400\"  title='DSCN6984' alt='' \/><div class='big-prev-fake'><img decoding=\"async\" loading=\"lazy\" class=\"wp-image-3413 avia-img-lazy-loading-3413\"  width=\"495\" height=\"400\" src=\"https:\/\/bassinvouge.com\/wp-content\/uploads\/2019\/01\/DSCN6984-495x400.jpg\" title='DSCN6984' alt='' \/><\/div><\/a><a href=\"https:\/\/bassinvouge.com\/wp-content\/uploads\/2019\/01\/DSCN6975.jpg\" data-srcset=\"https:\/\/bassinvouge.com\/wp-content\/uploads\/2019\/01\/DSCN6975.jpg 605w, https:\/\/bassinvouge.com\/wp-content\/uploads\/2019\/01\/DSCN6975-300x225.jpg 300w, https:\/\/bassinvouge.com\/wp-content\/uploads\/2019\/01\/DSCN6975-450x338.jpg 450w\" data-sizes=\"(max-width: 605px) 100vw, 605px\" data-rel='gallery-1' data-prev-img='https:\/\/bassinvouge.com\/wp-content\/uploads\/2019\/01\/DSCN6975-495x400.jpg' class='lightbox ' data-onclick='5' title='DSCN6975'  itemprop=\"thumbnailUrl\"  ><img decoding=\"async\" fetchpriority=\"high\" class=\"wp-image-3411 avia-img-lazy-loading-not-3411\"   src=\"https:\/\/bassinvouge.com\/wp-content\/uploads\/2019\/01\/DSCN6975-495x400.jpg\" width=\"495\" height=\"400\"  title='DSCN6975' alt='' \/><div class='big-prev-fake'><img decoding=\"async\" loading=\"lazy\" class=\"wp-image-3411 avia-img-lazy-loading-3411\"  width=\"495\" height=\"400\" src=\"https:\/\/bassinvouge.com\/wp-content\/uploads\/2019\/01\/DSCN6975-495x400.jpg\" title='DSCN6975' alt='' \/><\/div><\/a><a href=\"https:\/\/bassinvouge.com\/wp-content\/uploads\/2019\/01\/DSCN6976.jpg\" data-srcset=\"https:\/\/bassinvouge.com\/wp-content\/uploads\/2019\/01\/DSCN6976.jpg 605w, https:\/\/bassinvouge.com\/wp-content\/uploads\/2019\/01\/DSCN6976-300x225.jpg 300w, https:\/\/bassinvouge.com\/wp-content\/uploads\/2019\/01\/DSCN6976-450x338.jpg 450w\" data-sizes=\"(max-width: 605px) 100vw, 605px\" data-rel='gallery-1' data-prev-img='https:\/\/bassinvouge.com\/wp-content\/uploads\/2019\/01\/DSCN6976-495x400.jpg' class='lightbox ' data-onclick='6' title='DSCN6976'  itemprop=\"thumbnailUrl\"  ><img decoding=\"async\" fetchpriority=\"high\" class=\"wp-image-3412 avia-img-lazy-loading-not-3412\"   src=\"https:\/\/bassinvouge.com\/wp-content\/uploads\/2019\/01\/DSCN6976-495x400.jpg\" width=\"495\" height=\"400\"  title='DSCN6976' alt='' \/><div class='big-prev-fake'><img decoding=\"async\" loading=\"lazy\" class=\"wp-image-3412 avia-img-lazy-loading-3412\"  width=\"495\" height=\"400\" src=\"https:\/\/bassinvouge.com\/wp-content\/uploads\/2019\/01\/DSCN6976-495x400.jpg\" title='DSCN6976' alt='' \/><\/div><\/a><a href=\"https:\/\/bassinvouge.com\/wp-content\/uploads\/2019\/01\/DSCN2461.jpg\" data-srcset=\"https:\/\/bassinvouge.com\/wp-content\/uploads\/2019\/01\/DSCN2461.jpg 605w, https:\/\/bassinvouge.com\/wp-content\/uploads\/2019\/01\/DSCN2461-300x225.jpg 300w, https:\/\/bassinvouge.com\/wp-content\/uploads\/2019\/01\/DSCN2461-450x338.jpg 450w\" data-sizes=\"(max-width: 605px) 100vw, 605px\" data-rel='gallery-1' data-prev-img='https:\/\/bassinvouge.com\/wp-content\/uploads\/2019\/01\/DSCN2461-495x400.jpg' class='first_thumb lightbox ' data-onclick='7' title='DSCN2461'  itemprop=\"thumbnailUrl\"  ><img decoding=\"async\" fetchpriority=\"high\" class=\"wp-image-3421 avia-img-lazy-loading-not-3421\"   src=\"https:\/\/bassinvouge.com\/wp-content\/uploads\/2019\/01\/DSCN2461-495x400.jpg\" width=\"495\" height=\"400\"  title='DSCN2461' alt='' \/><div class='big-prev-fake'><img decoding=\"async\" loading=\"lazy\" class=\"wp-image-3421 avia-img-lazy-loading-3421\"  width=\"495\" height=\"400\" src=\"https:\/\/bassinvouge.com\/wp-content\/uploads\/2019\/01\/DSCN2461-495x400.jpg\" title='DSCN2461' alt='' \/><\/div><\/a><a href=\"https:\/\/bassinvouge.com\/wp-content\/uploads\/2019\/01\/DSCN2468.jpg\" data-srcset=\"https:\/\/bassinvouge.com\/wp-content\/uploads\/2019\/01\/DSCN2468.jpg 605w, https:\/\/bassinvouge.com\/wp-content\/uploads\/2019\/01\/DSCN2468-300x225.jpg 300w, https:\/\/bassinvouge.com\/wp-content\/uploads\/2019\/01\/DSCN2468-450x338.jpg 450w\" data-sizes=\"(max-width: 605px) 100vw, 605px\" data-rel='gallery-1' data-prev-img='https:\/\/bassinvouge.com\/wp-content\/uploads\/2019\/01\/DSCN2468-495x400.jpg' class='lightbox ' data-onclick='8' title='DSCN2468'  itemprop=\"thumbnailUrl\"  ><img decoding=\"async\" fetchpriority=\"high\" class=\"wp-image-3422 avia-img-lazy-loading-not-3422\"   src=\"https:\/\/bassinvouge.com\/wp-content\/uploads\/2019\/01\/DSCN2468-495x400.jpg\" width=\"495\" height=\"400\"  title='DSCN2468' alt='' \/><div class='big-prev-fake'><img decoding=\"async\" loading=\"lazy\" class=\"wp-image-3422 avia-img-lazy-loading-3422\"  width=\"495\" height=\"400\" src=\"https:\/\/bassinvouge.com\/wp-content\/uploads\/2019\/01\/DSCN2468-495x400.jpg\" title='DSCN2468' alt='' \/><\/div><\/a><a href=\"https:\/\/bassinvouge.com\/wp-content\/uploads\/2019\/01\/DSCN2512.jpg\" data-srcset=\"https:\/\/bassinvouge.com\/wp-content\/uploads\/2019\/01\/DSCN2512.jpg 605w, https:\/\/bassinvouge.com\/wp-content\/uploads\/2019\/01\/DSCN2512-300x225.jpg 300w, https:\/\/bassinvouge.com\/wp-content\/uploads\/2019\/01\/DSCN2512-450x338.jpg 450w\" data-sizes=\"(max-width: 605px) 100vw, 605px\" data-rel='gallery-1' data-prev-img='https:\/\/bassinvouge.com\/wp-content\/uploads\/2019\/01\/DSCN2512-495x400.jpg' class='lightbox ' data-onclick='9' title='DSCN2512'  itemprop=\"thumbnailUrl\"  ><img decoding=\"async\" fetchpriority=\"high\" class=\"wp-image-3423 avia-img-lazy-loading-not-3423\"   src=\"https:\/\/bassinvouge.com\/wp-content\/uploads\/2019\/01\/DSCN2512-495x400.jpg\" width=\"495\" height=\"400\"  title='DSCN2512' alt='' \/><div class='big-prev-fake'><img decoding=\"async\" loading=\"lazy\" class=\"wp-image-3423 avia-img-lazy-loading-3423\"  width=\"495\" height=\"400\" src=\"https:\/\/bassinvouge.com\/wp-content\/uploads\/2019\/01\/DSCN2512-495x400.jpg\" title='DSCN2512' alt='' \/><\/div><\/a><\/div><\/div>\n<\/div><\/div><\/div><!-- close content main div --><\/div><\/div><div id='after_section_1'  class='main_color av_default_container_wrap container_wrap sidebar_right'  ><div class='container av-section-cont-open' ><div class='template-page content  av-content-small alpha units'><div class='post-entry post-entry-type-page post-entry-3409'><div class='entry-content-wrapper clearfix'>\n","protected":false},"excerpt":{"rendered":"<p>This is a Page excerpt. It will be displayed for search results<\/p>\n","protected":false},"author":1,"featured_media":0,"parent":0,"menu_order":0,"comment_status":"open","ping_status":"open","template":"","meta":{"_seopress_robots_primary_cat":"","_seopress_titles_title":"","_seopress_titles_desc":"","_seopress_robots_index":"","_seopress_analysis_target_kw":"","_exactmetrics_skip_tracking":false,"_exactmetrics_sitenote_active":false,"_exactmetrics_sitenote_note":"","_exactmetrics_sitenote_category":0,"footnotes":""},"class_list":["post-3409","page","type-page","status-publish","hentry"],"_links":{"self":[{"href":"https:\/\/bassinvouge.com\/index.php?rest_route=\/wp\/v2\/pages\/3409","targetHints":{"allow":["GET"]}}],"collection":[{"href":"https:\/\/bassinvouge.com\/index.php?rest_route=\/wp\/v2\/pages"}],"about":[{"href":"https:\/\/bassinvouge.com\/index.php?rest_route=\/wp\/v2\/types\/page"}],"author":[{"embeddable":true,"href":"https:\/\/bassinvouge.com\/index.php?rest_route=\/wp\/v2\/users\/1"}],"replies":[{"embeddable":true,"href":"https:\/\/bassinvouge.com\/index.php?rest_route=%2Fwp%2Fv2%2Fcomments&post=3409"}],"version-history":[{"count":0,"href":"https:\/\/bassinvouge.com\/index.php?rest_route=\/wp\/v2\/pages\/3409\/revisions"}],"wp:attachment":[{"href":"https:\/\/bassinvouge.com\/index.php?rest_route=%2Fwp%2Fv2%2Fmedia&parent=3409"}],"curies":[{"name":"wp","href":"https:\/\/api.w.org\/{rel}","templated":true}]}}