{"id":3387,"date":"2017-12-01T13:41:48","date_gmt":"2017-12-01T12:41:48","guid":{"rendered":"https:\/\/bassinvouge.com\/wordvouge\/?page_id=3387"},"modified":"2022-12-16T10:46:43","modified_gmt":"2022-12-16T09:46:43","slug":"contrat-de-bassin-vouge","status":"publish","type":"page","link":"https:\/\/bassinvouge.com\/?page_id=3387","title":{"rendered":"Contrats Vouge"},"content":{"rendered":"<div id='full_slider_1'  class='avia-fullwidth-slider main_color avia-shadow   avia-builder-el-0  el_before_av_heading  avia-builder-el-first   container_wrap sidebar_right'  ><div  class='avia-slideshow av-h1bc0b-75b7e34742d90fc276e124790d95f2c8 avia-slideshow-featured av_slideshow_full avia-slide-slider av-slideshow-ui av-control-default av-slideshow-manual av-loop-once av-loop-manual-endless av-default-height-applied   avia-slideshow-1' data-slideshow-options=\"{&quot;animation&quot;:&quot;slide&quot;,&quot;autoplay&quot;:false,&quot;loop_autoplay&quot;:&quot;once&quot;,&quot;interval&quot;:5,&quot;loop_manual&quot;:&quot;manual-endless&quot;,&quot;autoplay_stopper&quot;:false,&quot;noNavigation&quot;:false,&quot;bg_slider&quot;:false,&quot;keep_padding&quot;:false,&quot;hoverpause&quot;:false,&quot;show_slide_delay&quot;:0}\"  itemprop=\"image\" itemscope=\"itemscope\" itemtype=\"https:\/\/schema.org\/ImageObject\" ><ul class='avia-slideshow-inner ' style='padding-bottom: 28.666666666667%;'><li  class='avia-slideshow-slide av-h1bc0b-75b7e34742d90fc276e124790d95f2c8__0  av-single-slide slide-1 slide-odd'><div data-rel='slideshow-1' class='avia-slide-wrap '   ><div class='av-slideshow-caption av-h1bc0b-75b7e34742d90fc276e124790d95f2c8__0 caption_fullwidth caption_center caption_center_framed caption_framed'><div class=\"container caption_container\"><div class=\"slideshow_caption\"><div class=\"slideshow_inner_caption\"><div class=\"slideshow_align_caption\"><h2 class='avia-caption-title '  itemprop=\"name\" >Syndicat du Bassin de la Vouge<\/h2><\/div><\/div><\/div><\/div><\/div><img decoding=\"async\" fetchpriority=\"high\" class=\"wp-image-3326 avia-img-lazy-loading-not-3326\"  src=\"https:\/\/bassinvouge.com\/wp-content\/uploads\/2017\/12\/fond-1-1500x430.jpg\" width=\"1500\" height=\"430\" title='fond' alt=''  itemprop=\"thumbnailUrl\"   \/><\/div><\/li><\/ul><\/div><\/div><div id='after_full_slider_1'  class='main_color av_default_container_wrap container_wrap sidebar_right'  ><div class='container av-section-cont-open' ><div class='template-page content  av-content-small alpha units'><div class='post-entry post-entry-type-page post-entry-3387'><div class='entry-content-wrapper clearfix'>\n\n<style type=\"text\/css\" data-created_by=\"avia_inline_auto\" id=\"style-css-av-2h4g5n-7fd9ecf738caef9283d17b88ee438bf6\">\n#top .av-special-heading.av-2h4g5n-7fd9ecf738caef9283d17b88ee438bf6{\npadding-bottom:10px;\ncolor:#000000;\n}\nbody .av-special-heading.av-2h4g5n-7fd9ecf738caef9283d17b88ee438bf6 .av-special-heading-tag .heading-char{\nfont-size:25px;\n}\n.av-special-heading.av-2h4g5n-7fd9ecf738caef9283d17b88ee438bf6 .special-heading-inner-border{\nborder-color:#000000;\n}\n.av-special-heading.av-2h4g5n-7fd9ecf738caef9283d17b88ee438bf6 .av-subheading{\nfont-size:15px;\n}\n<\/style>\n<div  class='av-special-heading av-2h4g5n-7fd9ecf738caef9283d17b88ee438bf6 av-special-heading-h1 custom-color-heading blockquote modern-quote modern-centered  avia-builder-el-1  el_after_av_slideshow_full  el_before_av_section  avia-builder-el-no-sibling  av-linked-heading'><h1 class='av-special-heading-tag '  itemprop=\"headline\"  >D\u00e9marches contractuelles sur le bassin de la Vouge (MAJ 15 d\u00e9cembre 2022)<\/h1><div class=\"special-heading-border\"><div class=\"special-heading-inner-border\"><\/div><\/div><\/div>\n<\/div><\/div><\/div><!-- close content main div --><\/div><\/div><div id='av_section_1'  class='avia-section av-cbxxu3-e423dee2b9fc7744124e5b43a076457e main_color avia-section-default avia-no-shadow  avia-builder-el-2  el_after_av_heading  avia-builder-el-last  avia-bg-style-scroll container_wrap sidebar_right'  ><div class='container av-section-cont-open' ><div class='template-page content  av-content-small alpha units'><div class='post-entry post-entry-type-page post-entry-3387'><div class='entry-content-wrapper clearfix'>\n\n<style type=\"text\/css\" data-created_by=\"avia_inline_auto\" id=\"style-css-av-6w0m2z-94672e25e8bd17d578d3ef01c99c2584\">\n.flex_column.av-6w0m2z-94672e25e8bd17d578d3ef01c99c2584{\nborder-radius:0px 0px 0px 0px;\npadding:0px 0px 0px 0px;\n}\n<\/style>\n<div  class='flex_column av-6w0m2z-94672e25e8bd17d578d3ef01c99c2584 av_one_full  avia-builder-el-3  el_before_av_textblock  avia-builder-el-first  first flex_column_div av-zero-column-padding  '     ><style type=\"text\/css\" data-created_by=\"avia_inline_auto\" id=\"style-css-av-695zvv-c159f06c70028a050f7f9f2b7fc9a560\">\n#top .av_textblock_section.av-695zvv-c159f06c70028a050f7f9f2b7fc9a560 .avia_textblock{\ncolor:#000000;\n}\n<\/style>\n<section  class='av_textblock_section av-695zvv-c159f06c70028a050f7f9f2b7fc9a560 '   itemscope=\"itemscope\" itemtype=\"https:\/\/schema.org\/CreativeWork\" ><div class='avia_textblock av_inherit_color'  itemprop=\"text\" ><p align=\"justify\"><strong><span style=\"text-decoration: underline;\">Contrat de bassin Vouge 2022-2024<\/span><\/strong><\/p>\n<p style=\"text-align: justify;\" align=\"justify\">A la suite des contrats pr\u00e9c\u00e9dents, le contrat Vouge 2022-2024 a \u00e9t\u00e9 sign\u00e9 par la Pr\u00e9sidente de\u00a0 la CLE de la Vouge, le Pr\u00e9sident du SBV, le Pr\u00e9sident de l a F\u00e9d\u00e9ration de P\u00eache de C\u00f4te d&rsquo;Or, le Directeur G\u00e9n\u00e9ral de l&rsquo;Agence de l&rsquo;eau RM&amp;C, sous le haut patronage du Secr\u00e9taire G\u00e9n\u00e9ral de la Pr\u00e9fecture de C\u00f4te d&rsquo;Or, <a href=\"https:\/\/bassinvouge.com\/wp-content\/uploads\/2022\/12\/ArticleBP_20221204.pdf\" target=\"_blank\" rel=\"noopener\">le 30 novembre 2022 \u00e0 Marcilly-sur-Tille<\/a>. La c\u00e9r\u00e9monie a \u00e9t\u00e9 l&rsquo;occasion de la signature de trois contrats de milieux (Tille, Ouche et Nappe de Dijon Sud).<\/p>\n<p style=\"text-align: justify;\" align=\"justify\">La dur\u00e9e de validit\u00e9 du contrat porte sur la p\u00e9riode 1er janvier 2022 jusqu&rsquo;au 31 d\u00e9cembre 2024. Le montant du <a href=\"https:\/\/bassinvouge.com\/wp-content\/uploads\/2022\/12\/Contrat-BVV-signe-20221130.pdf\" target=\"_blank\" rel=\"noopener\">contrat<\/a> est estim\u00e9 \u00e0 1.6M\u20ac sur trois ans.<\/p>\n<\/div><\/section><\/div>\n<style type=\"text\/css\" data-created_by=\"avia_inline_auto\" id=\"style-css-av-9av2z-b94f360b31ebb1dbfbae788578ec58d9\">\n#top .av_textblock_section.av-9av2z-b94f360b31ebb1dbfbae788578ec58d9 .avia_textblock{\ncolor:#000000;\n}\n<\/style>\n<section  class='av_textblock_section av-9av2z-b94f360b31ebb1dbfbae788578ec58d9 '   itemscope=\"itemscope\" itemtype=\"https:\/\/schema.org\/CreativeWork\" ><div class='avia_textblock av_inherit_color'  itemprop=\"text\" ><p align=\"justify\"><strong><span style=\"text-decoration: underline;\">Bilan du contrat de 2019-2021<\/span><\/strong><\/p>\n<p style=\"text-align: justify;\" align=\"justify\">Un <a href=\"https:\/\/bassinvouge.com\/wp-content\/uploads\/2022\/12\/Bilan_CBV_2019-2021_VF.pdf\" target=\"_blank\" rel=\"noopener\">bilan<\/a> final du contrat a \u00e9t\u00e9 pr\u00e9sent\u00e9 et valid\u00e9 lors de la r\u00e9union de la CLE \/ Comit\u00e9 de Rivi\u00e8res du 18 octobre 2022.<\/p>\n<hr \/>\n<p align=\"justify\"><strong><span style=\"color: #000000;\">Bilan du contrat 2017-2018<\/span><\/strong><\/p>\n<p align=\"justify\">Un <span style=\"color: #008000;\"><a style=\"color: #008000;\" href=\"..\/wp-content\/uploads\/2019\/06\/Bilan_Contrat_Travaux_Vouge_2017-2018.pdf\" target=\"_blank\" rel=\"noopener\">bilan<\/a> <\/span>final du contrat a \u00e9t\u00e9 r\u00e9dig\u00e9 et pr\u00e9sent\u00e9 lors de la r\u00e9union de la CLE \/ Comit\u00e9 de Rivi\u00e8res du 24 juin 2019.<\/p>\n<\/div><\/section>\n\n<style type=\"text\/css\" data-created_by=\"avia_inline_auto\" id=\"style-css-av-6w0m2z-3-4250ad443df350377755eda5bb5af68d\">\n.flex_column.av-6w0m2z-3-4250ad443df350377755eda5bb5af68d{\nborder-radius:0px 0px 0px 0px;\npadding:0px 0px 0px 0px;\n}\n<\/style>\n<div  class='flex_column av-6w0m2z-3-4250ad443df350377755eda5bb5af68d av_one_fourth  avia-builder-el-6  el_after_av_textblock  el_before_av_one_half  first flex_column_div av-zero-column-padding  column-top-margin'     ><style type=\"text\/css\" data-created_by=\"avia_inline_auto\" id=\"style-css-av-695zvv-2-56235598a1586836ee20ef4562778c99\">\n#top .av_textblock_section.av-695zvv-2-56235598a1586836ee20ef4562778c99 .avia_textblock{\ncolor:#000000;\n}\n<\/style>\n<section  class='av_textblock_section av-695zvv-2-56235598a1586836ee20ef4562778c99 '   itemscope=\"itemscope\" itemtype=\"https:\/\/schema.org\/CreativeWork\" ><div class='avia_textblock av_inherit_color'  itemprop=\"text\" ><p><img loading=\"lazy\" decoding=\"async\" class=\"alignnone size-full wp-image-4015 aligncenter\" src=\"https:\/\/bassinvouge.com\/wp-content\/uploads\/2019\/06\/Bilan-2017-2018.jpg\" alt=\"\" width=\"479\" height=\"791\" srcset=\"https:\/\/bassinvouge.com\/wp-content\/uploads\/2019\/06\/Bilan-2017-2018.jpg 479w, https:\/\/bassinvouge.com\/wp-content\/uploads\/2019\/06\/Bilan-2017-2018-182x300.jpg 182w, https:\/\/bassinvouge.com\/wp-content\/uploads\/2019\/06\/Bilan-2017-2018-427x705.jpg 427w, https:\/\/bassinvouge.com\/wp-content\/uploads\/2019\/06\/Bilan-2017-2018-450x743.jpg 450w\" sizes=\"auto, (max-width: 479px) 100vw, 479px\" \/><\/p>\n<\/div><\/section><\/div>\n<style type=\"text\/css\" data-created_by=\"avia_inline_auto\" id=\"style-css-av-4gplxn-43b98e9e193764a83b9734a44e95cdf4\">\n.flex_column.av-4gplxn-43b98e9e193764a83b9734a44e95cdf4{\nborder-radius:0px 0px 0px 0px;\npadding:0px 0px 0px 0px;\n}\n<\/style>\n<div  class='flex_column av-4gplxn-43b98e9e193764a83b9734a44e95cdf4 av_one_half  avia-builder-el-8  el_after_av_one_fourth  el_before_av_one_half  flex_column_div av-zero-column-padding  column-top-margin'     ><section  class='av_textblock_section av-jt8s54nn-47d9be21731941fc01af6fe32f62c6fa '   itemscope=\"itemscope\" itemtype=\"https:\/\/schema.org\/CreativeWork\" ><div class='avia_textblock'  itemprop=\"text\" ><p><span style=\"text-decoration: underline; color: #000000;\">Contrat de bassin 2009-2014<\/span><\/p>\n<p style=\"text-align: justify;\"><span style=\"color: #000000;\">Un contrat de bassin est un document de programmation quinquennal. C\u2019est le comit\u00e9 de rivi\u00e8re qui est en charge de son \u00e9laboration.<\/span><\/p>\n<p style=\"text-align: justify;\"><span style=\"color: #000000;\">Sur le bassin de la Vouge, les membres du comit\u00e9 de rivi\u00e8re sont les m\u00eames que ceux de la CLE et ce contrat permet de mettre en \u0153uvre les pr\u00e9conisations du premier SAGE de la Vouge du 3 ao\u00fbt 2005.<\/span><\/p>\n<p style=\"text-align: justify;\"><a href=\"https:\/\/bassinvouge.com\/contrat\/Tome4_%20doc_contractuel.pdf\" target=\"_blank\" rel=\"noopener\"><span style=\"color: #008000;\">Le contrat de bassin Vouge<\/span><\/a>, <span style=\"color: #000000;\">sign\u00e9 le 17 juillet 2009, a \u00e9t\u00e9 mis en \u0153uvre durant la p\u00e9riode 2009 \u2013 2014.<\/span><\/p>\n<p style=\"text-align: justify;\"><span style=\"color: #000000;\">Les 73 fiches actions qui le compose comprennent :<\/span><\/p>\n<ul type=\"disc\">\n<li style=\"text-align: justify;\"><span style=\"color: #000000;\">Un descriptif des travaux ou de l\u2019\u00e9tude,<\/span><\/li>\n<li style=\"text-align: justify;\"><span style=\"color: #000000;\">Le(s) ma\u00eetre(s) d\u2019ouvrage(s),<\/span><\/li>\n<li style=\"text-align: justify;\"><span style=\"color: #000000;\">Un co\u00fbt estimatif de l\u2019action,<\/span><\/li>\n<li style=\"text-align: justify;\"><span style=\"color: #000000;\">Un plan de financement,<\/span><\/li>\n<li style=\"text-align: justify;\"><span style=\"color: #000000;\">Un calendrier d\u2019intervention.<\/span><\/li>\n<\/ul>\n<\/div><\/section><\/div>\n<style type=\"text\/css\" data-created_by=\"avia_inline_auto\" id=\"style-css-av-36484r-fe55e684d69e4054bf1f0a61a86899e0\">\n.flex_column.av-36484r-fe55e684d69e4054bf1f0a61a86899e0{\nborder-radius:0px 0px 0px 0px;\npadding:0px 0px 0px 0px;\n}\n<\/style>\n<div  class='flex_column av-36484r-fe55e684d69e4054bf1f0a61a86899e0 av_one_half  avia-builder-el-10  el_after_av_one_half  avia-builder-el-last  first flex_column_div av-zero-column-padding  column-top-margin'     ><section  class='av_textblock_section av-jt8s54nn-1-cb44b91ea07b5a9bbcb252023d35d796 '   itemscope=\"itemscope\" itemtype=\"https:\/\/schema.org\/CreativeWork\" ><div class='avia_textblock'  itemprop=\"text\" ><div align=\"justify\">\n<p><span style=\"text-decoration: underline; color: #000000;\">Bilans du contrat 2009-2014<\/span><\/p>\n<p><span style=\"color: #000000;\"><em>Bilan mi-contrat<\/em><\/span><\/p>\n<p><span style=\"color: #000000;\">Apr\u00e8s deux ans et demi, un <span style=\"color: #008000;\"><a style=\"color: #008000;\" href=\"https:\/\/bassinvouge.com\/bibliotheque\/Avis%20CLE\/Avis_W_Min%20Etangs_16-09-13.pdf\" target=\"_blank\" rel=\"noopener\">bilan du contrat \u00e0 mi-parcours<\/a>\u00a0<\/span>a \u00e9t\u00e9 adopt\u00e9 en comit\u00e9 de rivi\u00e8res (r\u00e9union de la CLE du 17 janvier 2012) et re\u00e7u un\u00a0<a style=\"color: #000000;\" href=\"https:\/\/bassinvouge.com\/contrat\/DELIB%202012-13%20BILAN%20MI%20PARCOURS%20CONTRAT%20VOUGE%2005%2004%202012.pdf\" target=\"_blank\" rel=\"noopener\"><span style=\"color: #008000;\">avis favorable<\/span><\/a>\u00a0au comit\u00e9 d&rsquo;agr\u00e9ment du comit\u00e9 de bassin RM du 5 avril 2012. Avec 76% des actions engag\u00e9es entre 2009 et 2011, l&rsquo;\u00e9tat d&rsquo;avancement est plus que satisfaisant. <\/span><\/p>\n<hr \/>\n<p><span style=\"color: #000000;\"><em>Bilan final du contrat<\/em><\/span><\/p>\n<p><span style=\"color: #000000;\">Le bilan final du contrat a \u00e9t\u00e9 adopt\u00e9 par le comit\u00e9 de rivi\u00e8res lors de sa r\u00e9union pleni\u00e8re du 12 juillet 2016. Vous pouvez t\u00e9l\u00e9charger les documents suivants :<\/span><\/p>\n<ul>\n<li><span style=\"color: #000000;\">Le\u00a0<span style=\"color: #008000;\"><a style=\"color: #008000;\" href=\"https:\/\/bassinvouge.com\/contrat\/Bilan_Contrat_Vouge_2009-2014%20VF.pdf\" target=\"_blank\" rel=\"noopener\">bilan du contrat<\/a><\/span>\u00a0avec ses annexes,<\/span><\/li>\n<li><span style=\"color: #000000;\">La\u00a0<span style=\"color: #008000;\"><a style=\"color: #008000;\" href=\"https:\/\/bassinvouge.com\/contrat\/Delib_2016-6_Bilan_CBVouge.pdf\" target=\"_blank\" rel=\"noopener\">d\u00e9lib\u00e9ration<\/a><\/span>\u00a0adoptant le bilan du contrat 2009-2014.<\/span><\/li>\n<\/ul>\n<p><span style=\"color: #000000;\">Plus de 5 millions d&rsquo;\u20acuros ont \u00e9t\u00e9 d\u00e9pens\u00e9s pour la mise en oeuvre de 67 des 73 actions programm\u00e9es initialement.<\/span><\/p>\n<\/div>\n<\/div><\/section><\/div><\/div><\/div><\/div><!-- close content main div --><\/div><\/div><div id='after_section_1'  class='main_color av_default_container_wrap container_wrap sidebar_right'  ><div class='container av-section-cont-open' ><div class='template-page content  av-content-small alpha units'><div class='post-entry post-entry-type-page post-entry-3387'><div class='entry-content-wrapper clearfix'>\n","protected":false},"excerpt":{"rendered":"<p>This is a Page excerpt. It will be displayed for search results<\/p>\n","protected":false},"author":1,"featured_media":0,"parent":0,"menu_order":0,"comment_status":"open","ping_status":"open","template":"","meta":{"_seopress_robots_primary_cat":"","_seopress_titles_title":"","_seopress_titles_desc":"","_seopress_robots_index":"","_exactmetrics_skip_tracking":false,"_exactmetrics_sitenote_active":false,"_exactmetrics_sitenote_note":"","_exactmetrics_sitenote_category":0,"footnotes":""},"class_list":["post-3387","page","type-page","status-publish","hentry"],"_links":{"self":[{"href":"https:\/\/bassinvouge.com\/index.php?rest_route=\/wp\/v2\/pages\/3387","targetHints":{"allow":["GET"]}}],"collection":[{"href":"https:\/\/bassinvouge.com\/index.php?rest_route=\/wp\/v2\/pages"}],"about":[{"href":"https:\/\/bassinvouge.com\/index.php?rest_route=\/wp\/v2\/types\/page"}],"author":[{"embeddable":true,"href":"https:\/\/bassinvouge.com\/index.php?rest_route=\/wp\/v2\/users\/1"}],"replies":[{"embeddable":true,"href":"https:\/\/bassinvouge.com\/index.php?rest_route=%2Fwp%2Fv2%2Fcomments&post=3387"}],"version-history":[{"count":0,"href":"https:\/\/bassinvouge.com\/index.php?rest_route=\/wp\/v2\/pages\/3387\/revisions"}],"wp:attachment":[{"href":"https:\/\/bassinvouge.com\/index.php?rest_route=%2Fwp%2Fv2%2Fmedia&parent=3387"}],"curies":[{"name":"wp","href":"https:\/\/api.w.org\/{rel}","templated":true}]}}