{"id":3383,"date":"2017-12-01T13:39:34","date_gmt":"2017-12-01T12:39:34","guid":{"rendered":"https:\/\/bassinvouge.com\/wordvouge\/?page_id=3383"},"modified":"2019-03-14T16:17:56","modified_gmt":"2019-03-14T15:17:56","slug":"sage-de-la-vouge-du-3-mars-2014","status":"publish","type":"page","link":"https:\/\/bassinvouge.com\/?page_id=3383","title":{"rendered":"SAGE 2014"},"content":{"rendered":"<div id='full_slider_1'  class='avia-fullwidth-slider main_color avia-shadow   avia-builder-el-0  el_before_av_heading  avia-builder-el-first   container_wrap sidebar_right'  ><div  class='avia-slideshow av-g3gu9j-8f12a97e1e1e609b0aee9aa330683fad avia-slideshow-featured av_slideshow_full avia-slide-slider av-slideshow-ui av-control-default av-slideshow-manual av-loop-once av-loop-manual-endless av-default-height-applied   avia-slideshow-1' data-slideshow-options=\"{&quot;animation&quot;:&quot;slide&quot;,&quot;autoplay&quot;:false,&quot;loop_autoplay&quot;:&quot;once&quot;,&quot;interval&quot;:5,&quot;loop_manual&quot;:&quot;manual-endless&quot;,&quot;autoplay_stopper&quot;:false,&quot;noNavigation&quot;:false,&quot;bg_slider&quot;:false,&quot;keep_padding&quot;:false,&quot;hoverpause&quot;:false,&quot;show_slide_delay&quot;:0}\"  itemprop=\"image\" itemscope=\"itemscope\" itemtype=\"https:\/\/schema.org\/ImageObject\" ><ul class='avia-slideshow-inner ' style='padding-bottom: 28.666666666667%;'><li  class='avia-slideshow-slide av-g3gu9j-8f12a97e1e1e609b0aee9aa330683fad__0  av-single-slide slide-1 slide-odd'><div data-rel='slideshow-1' class='avia-slide-wrap '   ><div class='av-slideshow-caption av-g3gu9j-8f12a97e1e1e609b0aee9aa330683fad__0 caption_fullwidth caption_center caption_center_framed caption_framed'><div class=\"container caption_container\"><div class=\"slideshow_caption\"><div class=\"slideshow_inner_caption\"><div class=\"slideshow_align_caption\"><h2 class='avia-caption-title '  itemprop=\"name\" >Syndicat du Bassin de la Vouge<\/h2><\/div><\/div><\/div><\/div><\/div><img decoding=\"async\" fetchpriority=\"high\" class=\"wp-image-3326 avia-img-lazy-loading-not-3326\"  src=\"https:\/\/bassinvouge.com\/wp-content\/uploads\/2017\/12\/fond-1-1500x430.jpg\" width=\"1500\" height=\"430\" title='fond' alt=''  itemprop=\"thumbnailUrl\"   \/><\/div><\/li><\/ul><\/div><\/div><div id='after_full_slider_1'  class='main_color av_default_container_wrap container_wrap sidebar_right'  ><div class='container av-section-cont-open' ><div class='template-page content  av-content-small alpha units'><div class='post-entry post-entry-type-page post-entry-3383'><div class='entry-content-wrapper clearfix'>\n\n<style type=\"text\/css\" data-created_by=\"avia_inline_auto\" id=\"style-css-av-av_heading-4270ea6fbefb9b3fc04f9a8505ecd6a6\">\n#top .av-special-heading.av-av_heading-4270ea6fbefb9b3fc04f9a8505ecd6a6{\npadding-bottom:10px;\ncolor:#000000;\n}\nbody .av-special-heading.av-av_heading-4270ea6fbefb9b3fc04f9a8505ecd6a6 .av-special-heading-tag .heading-char{\nfont-size:25px;\n}\n.av-special-heading.av-av_heading-4270ea6fbefb9b3fc04f9a8505ecd6a6 .special-heading-inner-border{\nborder-color:#000000;\n}\n.av-special-heading.av-av_heading-4270ea6fbefb9b3fc04f9a8505ecd6a6 .av-subheading{\nfont-size:15px;\n}\n<\/style>\n<div  class='av-special-heading av-av_heading-4270ea6fbefb9b3fc04f9a8505ecd6a6 av-special-heading-h1 custom-color-heading blockquote modern-quote modern-centered  avia-builder-el-1  el_after_av_slideshow_full  el_before_av_section  avia-builder-el-no-sibling '><h1 class='av-special-heading-tag '  itemprop=\"headline\"  >SAGE de la Vouge du 3 mars 2014<\/h1><div class=\"special-heading-border\"><div class=\"special-heading-inner-border\"><\/div><\/div><\/div>\n<\/div><\/div><\/div><!-- close content main div --><\/div><\/div><div id='av_section_1'  class='avia-section av-11jgav-902cf6499019f54c3c3eea0989a6fca4 main_color avia-section-default avia-no-shadow  avia-builder-el-2  el_after_av_heading  el_before_av_one_full  avia-bg-style-scroll container_wrap sidebar_right'  ><div class='container av-section-cont-open' ><div class='template-page content  av-content-small alpha units'><div class='post-entry post-entry-type-page post-entry-3383'><div class='entry-content-wrapper clearfix'>\n\n<style type=\"text\/css\" data-created_by=\"avia_inline_auto\" id=\"style-css-av-85izk7-6cd8a17f44fa6ea46d0842210b75dac8\">\n.flex_column.av-85izk7-6cd8a17f44fa6ea46d0842210b75dac8{\nborder-radius:0px 0px 0px 0px;\npadding:0px 0px 0px 0px;\n}\n<\/style>\n<div  class='flex_column av-85izk7-6cd8a17f44fa6ea46d0842210b75dac8 av_one_half  avia-builder-el-3  el_before_av_one_half  avia-builder-el-first  first flex_column_div av-zero-column-padding  '     ><style type=\"text\/css\" data-created_by=\"avia_inline_auto\" id=\"style-css-av-57ujon-39457aa3e4395b81575ad1fcc5975d55\">\n#top .av_textblock_section.av-57ujon-39457aa3e4395b81575ad1fcc5975d55 .avia_textblock{\ncolor:#000000;\n}\n<\/style>\n<section  class='av_textblock_section av-57ujon-39457aa3e4395b81575ad1fcc5975d55 '   itemscope=\"itemscope\" itemtype=\"https:\/\/schema.org\/CreativeWork\" ><div class='avia_textblock av_inherit_color'  itemprop=\"text\" ><ul style=\"text-align: justify;\" type=\"disc\">\n<li>\n<ul type=\"circle\">\n<li style=\"text-align: justify;\">\n<div align=\"justify\">Afin de se conformer \u00e0 la Loi sur l\u2019Eau et des Milieux Aquatiques (LEMA) du 30 d\u00e9cembre 2006 et au Sch\u00e9ma Directeur d\u2019Am\u00e9nagement et de Gestion des Eaux Rh\u00f4ne M\u00e9diterran\u00e9e (SDAGE RM) du 17 d\u00e9cembre 2009, Monsieur le Pr\u00e9fet de Bourgogne &#8211; Pr\u00e9fet de C\u00f4te d&rsquo;Or a sign\u00e9 l&rsquo;<span style=\"color: #008000;\"><a style=\"color: #008000;\" href=\"https:\/\/bassinvouge.com\/Sage\/SAGE%202014\/AP_SAGE_Vouge_03-03-2014.pdf\" target=\"_blank\" rel=\"noopener noreferrer\">Arr\u00eat\u00e9 d&rsquo;Approbation<\/a><\/span>\u00a0du SAGE de la Vouge r\u00e9vis\u00e9, le 3 mars 2014. Les documents constitutifs sont :<\/div>\n<ul type=\"disc\">\n<li>Le\u00a0<span style=\"color: #008000;\"><a style=\"color: #008000;\" href=\"https:\/\/bassinvouge.com\/Sage\/SAGE%202014\/SAGE%20Vouge%20PAGD%20-%20AP%2003-03-14.pdf\" target=\"_blank\" rel=\"noopener noreferrer\">PAGD<\/a><\/span>,<\/li>\n<li>Le\u00a0<span style=\"color: #008000;\"><a style=\"color: #008000;\" href=\"https:\/\/bassinvouge.com\/Sage\/SAGE%202014\/SAGE%20Vouge%20R%C3%A8glement%20-%20AP%2003-03-14.pdf\" target=\"_blank\" rel=\"noopener noreferrer\">R\u00e8glement<\/a><\/span>,<\/li>\n<li>L&rsquo;<a href=\"https:\/\/bassinvouge.com\/Sage\/SAGE%202014\/SAGE%20Vouge%20Atlas%20Cartographique%20-%20AP%2003-03-14.pdf\" target=\"_blank\" rel=\"noopener noreferrer\"><span style=\"color: #008000;\">Atlas Cartographique<\/span><\/a>,<\/li>\n<li>Le\u00a0<span style=\"color: #008000;\"><a style=\"color: #008000;\" href=\"https:\/\/bassinvouge.com\/Sage\/SAGE%202014\/SAGE%20Vouge%20Evaluation%20Environnementale%20-%20AP%2003-03-14.pdf\" target=\"_blank\" rel=\"noopener noreferrer\">Rapport Environnemental<\/a><\/span>,<\/li>\n<li>Le\u00a0<a href=\"https:\/\/bassinvouge.com\/Sage\/SAGE%202014\/SAGE%20Vouge%20Rapport%20Pr%C3%A9sentation%20-%20AP%2003-03-14.pdf\" target=\"_blank\" rel=\"noopener noreferrer\"><span style=\"color: #008000;\">Rapport de Pr\u00e9sentation<\/span><\/a>,<\/li>\n<li>La\u00a0<span style=\"color: #008000;\"><a style=\"color: #008000;\" href=\"https:\/\/bassinvouge.com\/Sage\/SAGE%202014\/Carte%20Bassin%20Versant.pdf\" target=\"_blank\" rel=\"noopener noreferrer\">Carte de pr\u00e9sentation<\/a><\/span>\u00a0du p\u00e9rim\u00e8tre du SAGE,<\/li>\n<\/ul>\n<p align=\"justify\">Ces documents sont accompagn\u00e9s d&rsquo;une\u00a0<span style=\"color: #008000;\"><a style=\"color: #008000;\" href=\"https:\/\/bassinvouge.com\/Sage\/SAGE%202014\/SAGE%20Vouge%20D%C3%A9claration%20CLE%20-%20AP%2003-03-14.pdf\" target=\"_blank\" rel=\"noopener noreferrer\">d\u00e9claration<\/a><\/span>\u00a0de la CLE (annex\u00e9e \u00e0 l&rsquo;AP du 3 mars 2014).<\/p>\n<\/li>\n<\/ul>\n<\/li>\n<\/ul>\n<\/div><\/section><\/div>\n<style type=\"text\/css\" data-created_by=\"avia_inline_auto\" id=\"style-css-av-85izk7-59e5f00b8542e8e77cbade0c081fb019\">\n.flex_column.av-85izk7-59e5f00b8542e8e77cbade0c081fb019{\nborder-radius:0px 0px 0px 0px;\npadding:0px 0px 0px 0px;\n}\n<\/style>\n<div  class='flex_column av-85izk7-59e5f00b8542e8e77cbade0c081fb019 av_one_half  avia-builder-el-5  el_after_av_one_half  avia-builder-el-last  flex_column_div av-zero-column-padding  '     ><style type=\"text\/css\" data-created_by=\"avia_inline_auto\" id=\"style-css-av-57ujon-39457aa3e4395b81575ad1fcc5975d55\">\n#top .av_textblock_section.av-57ujon-39457aa3e4395b81575ad1fcc5975d55 .avia_textblock{\ncolor:#000000;\n}\n<\/style>\n<section  class='av_textblock_section av-57ujon-39457aa3e4395b81575ad1fcc5975d55 '   itemscope=\"itemscope\" itemtype=\"https:\/\/schema.org\/CreativeWork\" ><div class='avia_textblock av_inherit_color'  itemprop=\"text\" ><ul style=\"text-align: justify;\" type=\"disc\">\n<li>\n<ul type=\"circle\">\n<li style=\"text-align: justify;\">Pr\u00e9alablement \u00e0 cette validation, plusieurs documents ont \u00e9t\u00e9 adopt\u00e9s en CLE :\n<ul>\n<li>\n<div align=\"justify\">L&rsquo;<span style=\"color: #008000;\"><a style=\"color: #008000;\" href=\"https:\/\/bassinvouge.com\/Sage\/SAGE%202014\/Etat%20des%20Lieux%20BV%20Vouge_2011.pdf\" target=\"_blank\" rel=\"noopener noreferrer\">\u00e9tat des lieux<\/a>\u00a0<\/span>du bassin, le 5 mai 2011,<\/div>\n<\/li>\n<li>\n<div align=\"justify\">La<span style=\"color: #008000;\"><a style=\"color: #008000;\" href=\"https:\/\/bassinvouge.com\/Sage\/SAGE%202014\/Etat%20des%20Lieux%20BV%20Vouge_2011_cartographie.pdf\" target=\"_blank\" rel=\"noopener noreferrer\">\u00a0cartographie de l&rsquo;\u00e9tat des lieux<\/a>,<\/span> le 5 mai 2011,<\/div>\n<\/li>\n<li>\n<div align=\"justify\">L&rsquo;<span style=\"color: #008000;\"><a style=\"color: #008000;\" href=\"https:\/\/bassinvouge.com\/Sage\/SAGE%202014\/Etat%20des%20Lieux%20BV%20Vouge%20Additif%20-%20Validation%208%20Novembre%202011.pdf\" target=\"_blank\" rel=\"noopener noreferrer\">additif<\/a><\/span>\u00a0a l&rsquo;\u00e9tat des lieux, le 8 novembre 2011,<\/div>\n<\/li>\n<li>\n<div align=\"justify\">La\u00a0<a href=\"https:\/\/bassinvouge.com\/Sage\/SAGE%202014\/Strat%C3%A9gie%20BV%20Vouge%20-%20Validation%20CLE%2017%20janvier%202012.pdf\" target=\"_blank\" rel=\"noopener noreferrer\"><span style=\"color: #008000;\">strat\u00e9gie du SAGE<\/span><\/a>, le 17 janvier 2012,<\/div>\n<\/li>\n<li>\n<div align=\"justify\">Les\u00a0<a href=\"https:\/\/bassinvouge.com\/Sage\/SAGE%202014\/Adoption%20CLE%2026%20juin%202012_EVP+DB%20SAGE%20sign%C3%A9.pdf\" target=\"_blank\" rel=\"noopener noreferrer\"><span style=\"color: #008000;\">Volumes Pr\u00e9levables et les D\u00e9bits Biologiques<\/span><\/a>, le 26 juin 2012,<\/div>\n<\/li>\n<li>\n<div align=\"justify\">Le PAGD, le r\u00e8glement et le rapport environnemental,<span style=\"color: #008000;\"><a style=\"color: #008000;\" href=\"https:\/\/bassinvouge.com\/Sage\/SAGE%202014\/Delib%202012-2%20Adoption%20SAGE%2011-12-12.pdf\" target=\"_blank\" rel=\"noopener noreferrer\">\u00a0le 11 d\u00e9cembre 2012<\/a><\/span>,<\/div>\n<\/li>\n<li>\n<div align=\"justify\">Le PAGD, le r\u00e8glement et le rapport environnementa modifi\u00e9s,\u00a0<a href=\"https:\/\/bassinvouge.com\/Sage\/SAGE%202014\/SAGE%20Vouge%20Approbation-D%C3%A9lib%20CLE%2023-01-14.pdf\" target=\"_blank\" rel=\"noopener noreferrer\"><span style=\"color: #008000;\">le 23 janvier 2014<\/span>,<\/a>\u00a0suite \u00e0 la consultation des collectivit\u00e9s (<a href=\"https:\/\/bassinvouge.com\/Sage\/SAGE%202014\/SAGE%20Vouge%20Synth%C3%A8se%20des%20Avis.pdf\" target=\"_blank\" rel=\"noopener noreferrer\"><span style=\"color: #008000;\">synth\u00e8se des avis<\/span><\/a>) et \u00e0 l&rsquo;enqu\u00eate publique (<span style=\"color: #008000;\"><a style=\"color: #008000;\" href=\"https:\/\/bassinvouge.com\/Sage\/SAGE%202014\/SAGE%20Vouge%20RAPPORT%20CE%20nov_2013.pdf\" target=\"_blank\" rel=\"noopener noreferrer\">rapport<\/a><\/span>\u00a0du commissaire enqu\u00eateur).<\/div>\n<\/li>\n<\/ul>\n<p align=\"justify\">Un\u00a0<a href=\"https:\/\/bassinvouge.com\/Sage\/Correspondance%20SAGE%202005%20-%20SAGE%202014.pdf\" target=\"_blank\" rel=\"noopener noreferrer\"><span style=\"color: #008000;\">tableau synth\u00e9tique<\/span><\/a>\u00a0permet de comprendre les correspondances et les ajouts entre le SAGE du 3 ao\u00fbt 2005 et celui du 3 mars 2014.<\/p>\n<\/li>\n<\/ul>\n<\/li>\n<\/ul>\n<\/div><\/section><\/div><\/div><\/div><\/div><!-- close content main div --><\/div><\/div><div id='after_section_1'  class='main_color av_default_container_wrap container_wrap sidebar_right'  ><div class='container av-section-cont-open' ><div class='template-page content  av-content-small alpha units'><div class='post-entry post-entry-type-page post-entry-3383'><div class='entry-content-wrapper clearfix'>\n<style type=\"text\/css\" data-created_by=\"avia_inline_auto\" id=\"style-css-av-2o5kt3-d8b8dbf2637084f8325ccbd21e6b5590\">\n.flex_column.av-2o5kt3-d8b8dbf2637084f8325ccbd21e6b5590{\nborder-radius:0px 0px 0px 0px;\npadding:0px 0px 0px 0px;\n}\n<\/style>\n<div  class='flex_column av-2o5kt3-d8b8dbf2637084f8325ccbd21e6b5590 av_one_full  avia-builder-el-7  el_after_av_section  avia-builder-el-no-sibling  first flex_column_div av-zero-column-padding  '     ><\/div><\/p>\n","protected":false},"excerpt":{"rendered":"<p>This is a Page excerpt. It will be displayed for search results<\/p>\n","protected":false},"author":1,"featured_media":0,"parent":0,"menu_order":0,"comment_status":"open","ping_status":"open","template":"","meta":{"_seopress_robots_primary_cat":"","_seopress_titles_title":"","_seopress_titles_desc":"","_seopress_robots_index":"","_exactmetrics_skip_tracking":false,"_exactmetrics_sitenote_active":false,"_exactmetrics_sitenote_note":"","_exactmetrics_sitenote_category":0,"footnotes":""},"class_list":["post-3383","page","type-page","status-publish","hentry"],"_links":{"self":[{"href":"https:\/\/bassinvouge.com\/index.php?rest_route=\/wp\/v2\/pages\/3383","targetHints":{"allow":["GET"]}}],"collection":[{"href":"https:\/\/bassinvouge.com\/index.php?rest_route=\/wp\/v2\/pages"}],"about":[{"href":"https:\/\/bassinvouge.com\/index.php?rest_route=\/wp\/v2\/types\/page"}],"author":[{"embeddable":true,"href":"https:\/\/bassinvouge.com\/index.php?rest_route=\/wp\/v2\/users\/1"}],"replies":[{"embeddable":true,"href":"https:\/\/bassinvouge.com\/index.php?rest_route=%2Fwp%2Fv2%2Fcomments&post=3383"}],"version-history":[{"count":0,"href":"https:\/\/bassinvouge.com\/index.php?rest_route=\/wp\/v2\/pages\/3383\/revisions"}],"wp:attachment":[{"href":"https:\/\/bassinvouge.com\/index.php?rest_route=%2Fwp%2Fv2%2Fmedia&parent=3383"}],"curies":[{"name":"wp","href":"https:\/\/api.w.org\/{rel}","templated":true}]}}