{"id":3379,"date":"2017-12-01T13:38:11","date_gmt":"2017-12-01T12:38:11","guid":{"rendered":"https:\/\/bassinvouge.com\/wordvouge\/?page_id=3379"},"modified":"2019-03-14T15:37:58","modified_gmt":"2019-03-14T14:37:58","slug":"sage-de-la-vouge-du-3-aout-2005","status":"publish","type":"page","link":"https:\/\/bassinvouge.com\/?page_id=3379","title":{"rendered":"SAGE 2005"},"content":{"rendered":"<div id='full_slider_1'  class='avia-fullwidth-slider main_color avia-shadow   avia-builder-el-0  el_before_av_heading  avia-builder-el-first   container_wrap sidebar_right'  ><div  class='avia-slideshow av-g00b8j-5e239b6cf2e71e21ea1a3be0c9921935 avia-slideshow-featured av_slideshow_full avia-slide-slider av-slideshow-ui av-control-default av-slideshow-manual av-loop-once av-loop-manual-endless av-default-height-applied   avia-slideshow-1' data-slideshow-options=\"{&quot;animation&quot;:&quot;slide&quot;,&quot;autoplay&quot;:false,&quot;loop_autoplay&quot;:&quot;once&quot;,&quot;interval&quot;:5,&quot;loop_manual&quot;:&quot;manual-endless&quot;,&quot;autoplay_stopper&quot;:false,&quot;noNavigation&quot;:false,&quot;bg_slider&quot;:false,&quot;keep_padding&quot;:false,&quot;hoverpause&quot;:false,&quot;show_slide_delay&quot;:0}\"  itemprop=\"image\" itemscope=\"itemscope\" itemtype=\"https:\/\/schema.org\/ImageObject\" ><ul class='avia-slideshow-inner ' style='padding-bottom: 28.666666666667%;'><li  class='avia-slideshow-slide av-g00b8j-5e239b6cf2e71e21ea1a3be0c9921935__0  av-single-slide slide-1 slide-odd'><div data-rel='slideshow-1' class='avia-slide-wrap '   ><div class='av-slideshow-caption av-g00b8j-5e239b6cf2e71e21ea1a3be0c9921935__0 caption_fullwidth caption_center caption_center_framed caption_framed'><div class=\"container caption_container\"><div class=\"slideshow_caption\"><div class=\"slideshow_inner_caption\"><div class=\"slideshow_align_caption\"><h2 class='avia-caption-title '  itemprop=\"name\" >Syndicat du Bassin de la Vouge<\/h2><\/div><\/div><\/div><\/div><\/div><img decoding=\"async\" fetchpriority=\"high\" class=\"wp-image-3326 avia-img-lazy-loading-not-3326\"  src=\"https:\/\/bassinvouge.com\/wp-content\/uploads\/2017\/12\/fond-1-1500x430.jpg\" width=\"1500\" height=\"430\" title='fond' alt=''  itemprop=\"thumbnailUrl\"   \/><\/div><\/li><\/ul><\/div><\/div><div id='after_full_slider_1'  class='main_color av_default_container_wrap container_wrap sidebar_right'  ><div class='container av-section-cont-open' ><div class='template-page content  av-content-small alpha units'><div class='post-entry post-entry-type-page post-entry-3379'><div class='entry-content-wrapper clearfix'>\n\n<style type=\"text\/css\" data-created_by=\"avia_inline_auto\" id=\"style-css-av-av_heading-92def0a6804dbf71fd188f23255e5f6f\">\n#top .av-special-heading.av-av_heading-92def0a6804dbf71fd188f23255e5f6f{\npadding-bottom:10px;\ncolor:#000000;\n}\nbody .av-special-heading.av-av_heading-92def0a6804dbf71fd188f23255e5f6f .av-special-heading-tag .heading-char{\nfont-size:25px;\n}\n.av-special-heading.av-av_heading-92def0a6804dbf71fd188f23255e5f6f .special-heading-inner-border{\nborder-color:#000000;\n}\n.av-special-heading.av-av_heading-92def0a6804dbf71fd188f23255e5f6f .av-subheading{\nfont-size:15px;\n}\n<\/style>\n<div  class='av-special-heading av-av_heading-92def0a6804dbf71fd188f23255e5f6f av-special-heading-h1 custom-color-heading blockquote modern-quote modern-centered  avia-builder-el-1  el_after_av_slideshow_full  el_before_av_section  avia-builder-el-no-sibling '><h1 class='av-special-heading-tag '  itemprop=\"headline\"  >SAGE de la Vouge du 3 ao\u00fbt 2005<\/h1><div class=\"special-heading-border\"><div class=\"special-heading-inner-border\"><\/div><\/div><\/div>\n<\/div><\/div><\/div><!-- close content main div --><\/div><\/div><div id='av_section_1'  class='avia-section av-ae0ktv-ea9d501995a59d274d2deb75647d1a43 main_color avia-section-default avia-no-shadow  avia-builder-el-2  el_after_av_heading  el_before_av_one_full  avia-bg-style-scroll container_wrap sidebar_right'  ><div class='container av-section-cont-open' ><div class='template-page content  av-content-small alpha units'><div class='post-entry post-entry-type-page post-entry-3379'><div class='entry-content-wrapper clearfix'>\n\n<style type=\"text\/css\" data-created_by=\"avia_inline_auto\" id=\"style-css-av-9mx537-5aec870ecbb5421dbda74082d8f18f04\">\n.flex_column.av-9mx537-5aec870ecbb5421dbda74082d8f18f04{\nborder-radius:0px 0px 0px 0px;\npadding:0px 0px 0px 0px;\n}\n<\/style>\n<div  class='flex_column av-9mx537-5aec870ecbb5421dbda74082d8f18f04 av_one_fifth  avia-builder-el-3  el_before_av_three_fifth  avia-builder-el-first  first flex_column_div av-zero-column-padding  '     ><\/div>\n<style type=\"text\/css\" data-created_by=\"avia_inline_auto\" id=\"style-css-av-73u8yr-f947e5c56832e1fe2fa4c2b54a065243\">\n.flex_column.av-73u8yr-f947e5c56832e1fe2fa4c2b54a065243{\nborder-radius:0px 0px 0px 0px;\npadding:0px 0px 0px 0px;\n}\n<\/style>\n<div  class='flex_column av-73u8yr-f947e5c56832e1fe2fa4c2b54a065243 av_three_fifth  avia-builder-el-4  el_after_av_one_fifth  el_before_av_one_fifth  flex_column_div av-zero-column-padding  '     ><style type=\"text\/css\" data-created_by=\"avia_inline_auto\" id=\"style-css-av-5iyhtv-5ba6fdc53012896c6de87f33f42f090a\">\n#top .av_textblock_section.av-5iyhtv-5ba6fdc53012896c6de87f33f42f090a .avia_textblock{\ncolor:#000000;\n}\n<\/style>\n<section  class='av_textblock_section av-5iyhtv-5ba6fdc53012896c6de87f33f42f090a '   itemscope=\"itemscope\" itemtype=\"https:\/\/schema.org\/CreativeWork\" ><div class='avia_textblock av_inherit_color'  itemprop=\"text\" ><p align=\"justify\">La premi\u00e8re r\u00e9union de la CLE s\u2019est d\u00e9roul\u00e9e le 23 avril 1999. Six ann\u00e9es plus tard (3 ao\u00fbt 2005), ce premier SAGE a \u00e9t\u00e9 valid\u00e9 par un Arr\u00eat\u00e9 Pr\u00e9fectoral :<\/p>\n<p>Vous trouverez ci-joint l\u2019int\u00e9gralit\u00e9 du document.<\/p>\n<ul type=\"disc\">\n<li><span style=\"color: #008000;\"><a style=\"color: #008000;\" href=\"https:\/\/bassinvouge.com\/Sage\/2005\/Sommaire.pdf\" target=\"_blank\" rel=\"noopener noreferrer\">Sommaire<\/a><\/span><\/li>\n<li>Tome a\u00a0:<span style=\"color: #008000;\">\u00a0<\/span><a href=\"https:\/\/bassinvouge.com\/liensage\/Tome%20a%20ok.pdf\" target=\"_blank\" rel=\"noopener noreferrer\"><span style=\"color: #008000;\">synth\u00e8se de l&rsquo;\u00e9tat des lieux et du diagnostic<\/span><\/a><\/li>\n<li>Tome b\u00a0:\n<ul type=\"circle\">\n<li><a href=\"https:\/\/bassinvouge.com\/Sage\/2005\/6grandsobjectifs%20ok.pdf\" target=\"_blank\" rel=\"noopener noreferrer\"><span style=\"color: #008000;\">Les 6 objectifs<\/span><\/a><\/li>\n<li><a href=\"https:\/\/bassinvouge.com\/Sage\/2005\/preconisations.pdf\" target=\"_blank\" rel=\"noopener noreferrer\"><span style=\"color: #008000;\">Les 26 pr\u00e9conisations<\/span><\/a><\/li>\n<\/ul>\n<\/li>\n<li>Tome c\u00a0: annexes\n<ul type=\"circle\">\n<li><a href=\"https:\/\/bassinvouge.com\/Sage\/2005\/Tome%20a%20ok.pdf\" target=\"_blank\" rel=\"noopener noreferrer\"><span style=\"color: #008000;\">La cartographie de l\u2019\u00e9tat des lieux et du diagnostic<\/span><\/a><\/li>\n<li><a href=\"https:\/\/bassinvouge.com\/Sage\/2005\/Tome%20c%20annexe%20carto1%20ok.pdf\" target=\"_blank\" rel=\"noopener noreferrer\"><span style=\"color: #008000;\">La cartographie des objectifs<\/span><\/a><\/li>\n<li style=\"text-align: justify;\"><a href=\"https:\/\/bassinvouge.com\/Sage\/2005\/Tome%20c%20annexes%20autres%20ok.pdf\" target=\"_blank\" rel=\"noopener noreferrer\"><span style=\"color: #008000;\">Les autres annexes<\/span><\/a><\/li>\n<\/ul>\n<\/li>\n<\/ul>\n<\/div><\/section><\/div>\n<style type=\"text\/css\" data-created_by=\"avia_inline_auto\" id=\"style-css-av-3s81tf-54c0eeb1e077038a379f0670daf5bdbb\">\n.flex_column.av-3s81tf-54c0eeb1e077038a379f0670daf5bdbb{\nborder-radius:0px 0px 0px 0px;\npadding:0px 0px 0px 0px;\n}\n<\/style>\n<div  class='flex_column av-3s81tf-54c0eeb1e077038a379f0670daf5bdbb av_one_fifth  avia-builder-el-6  el_after_av_three_fifth  avia-builder-el-last  flex_column_div av-zero-column-padding  '     ><\/div><\/div><\/div><\/div><!-- close content main div --><\/div><\/div><div id='after_section_1'  class='main_color av_default_container_wrap container_wrap sidebar_right'  ><div class='container av-section-cont-open' ><div class='template-page content  av-content-small alpha units'><div class='post-entry post-entry-type-page post-entry-3379'><div class='entry-content-wrapper clearfix'>\n<style type=\"text\/css\" data-created_by=\"avia_inline_auto\" id=\"style-css-av-2n3n2b-86bf03f917da3676a0d12c444f510a08\">\n.flex_column.av-2n3n2b-86bf03f917da3676a0d12c444f510a08{\nborder-radius:0px 0px 0px 0px;\npadding:0px 0px 0px 0px;\n}\n<\/style>\n<div  class='flex_column av-2n3n2b-86bf03f917da3676a0d12c444f510a08 av_one_full  avia-builder-el-7  el_after_av_section  avia-builder-el-no-sibling  first flex_column_div av-zero-column-padding  '     ><\/div><\/p>\n","protected":false},"excerpt":{"rendered":"<p>This is a Page excerpt. It will be displayed for search results<\/p>\n","protected":false},"author":1,"featured_media":0,"parent":0,"menu_order":0,"comment_status":"open","ping_status":"open","template":"","meta":{"_seopress_robots_primary_cat":"","_seopress_titles_title":"","_seopress_titles_desc":"","_seopress_robots_index":"","_exactmetrics_skip_tracking":false,"_exactmetrics_sitenote_active":false,"_exactmetrics_sitenote_note":"","_exactmetrics_sitenote_category":0,"footnotes":""},"class_list":["post-3379","page","type-page","status-publish","hentry"],"_links":{"self":[{"href":"https:\/\/bassinvouge.com\/index.php?rest_route=\/wp\/v2\/pages\/3379","targetHints":{"allow":["GET"]}}],"collection":[{"href":"https:\/\/bassinvouge.com\/index.php?rest_route=\/wp\/v2\/pages"}],"about":[{"href":"https:\/\/bassinvouge.com\/index.php?rest_route=\/wp\/v2\/types\/page"}],"author":[{"embeddable":true,"href":"https:\/\/bassinvouge.com\/index.php?rest_route=\/wp\/v2\/users\/1"}],"replies":[{"embeddable":true,"href":"https:\/\/bassinvouge.com\/index.php?rest_route=%2Fwp%2Fv2%2Fcomments&post=3379"}],"version-history":[{"count":0,"href":"https:\/\/bassinvouge.com\/index.php?rest_route=\/wp\/v2\/pages\/3379\/revisions"}],"wp:attachment":[{"href":"https:\/\/bassinvouge.com\/index.php?rest_route=%2Fwp%2Fv2%2Fmedia&parent=3379"}],"curies":[{"name":"wp","href":"https:\/\/api.w.org\/{rel}","templated":true}]}}