{"id":3362,"date":"2017-12-01T13:28:55","date_gmt":"2017-12-01T12:28:55","guid":{"rendered":"https:\/\/bassinvouge.com\/wordvouge\/?page_id=3362"},"modified":"2024-07-23T14:36:58","modified_gmt":"2024-07-23T12:36:58","slug":"personnel","status":"publish","type":"page","link":"https:\/\/bassinvouge.com\/?page_id=3362","title":{"rendered":"Personnel"},"content":{"rendered":"<div id='full_slider_1'  class='avia-fullwidth-slider main_color avia-shadow   avia-builder-el-0  el_before_av_heading  avia-builder-el-first   container_wrap sidebar_right'  ><div  class='avia-slideshow av-fxh7wi-0a794d79832fd6b91e4326596357dc77 avia-slideshow-featured av_slideshow_full avia-slide-slider av-slideshow-ui av-control-default av-slideshow-manual av-loop-once av-loop-manual-endless av-default-height-applied   avia-slideshow-1' data-slideshow-options=\"{&quot;animation&quot;:&quot;slide&quot;,&quot;autoplay&quot;:false,&quot;loop_autoplay&quot;:&quot;once&quot;,&quot;interval&quot;:5,&quot;loop_manual&quot;:&quot;manual-endless&quot;,&quot;autoplay_stopper&quot;:false,&quot;noNavigation&quot;:false,&quot;bg_slider&quot;:false,&quot;keep_padding&quot;:false,&quot;hoverpause&quot;:false,&quot;show_slide_delay&quot;:0}\"  itemprop=\"image\" itemscope=\"itemscope\" itemtype=\"https:\/\/schema.org\/ImageObject\" ><ul class='avia-slideshow-inner ' style='padding-bottom: 28.666666666667%;'><li  class='avia-slideshow-slide av-fxh7wi-0a794d79832fd6b91e4326596357dc77__0  av-single-slide slide-1 slide-odd'><div data-rel='slideshow-1' class='avia-slide-wrap '   ><div class='av-slideshow-caption av-fxh7wi-0a794d79832fd6b91e4326596357dc77__0 caption_fullwidth caption_center caption_center_framed caption_framed'><div class=\"container caption_container\"><div class=\"slideshow_caption\"><div class=\"slideshow_inner_caption\"><div class=\"slideshow_align_caption\"><h2 class='avia-caption-title '  itemprop=\"name\" >Syndicat du Bassin de la Vouge<\/h2><\/div><\/div><\/div><\/div><\/div><img decoding=\"async\" fetchpriority=\"high\" class=\"wp-image-3651 avia-img-lazy-loading-not-3651\"  src=\"https:\/\/bassinvouge.com\/wp-content\/uploads\/2019\/03\/silhouettes-81830_1920-1500x430.jpg\" width=\"1500\" height=\"430\" title='silhouettes-81830_1920' alt=''  itemprop=\"thumbnailUrl\"   \/><\/div><\/li><\/ul><\/div><\/div><div id='after_full_slider_1'  class='main_color av_default_container_wrap container_wrap sidebar_right'  ><div class='container av-section-cont-open' ><div class='template-page content  av-content-small alpha units'><div class='post-entry post-entry-type-page post-entry-3362'><div class='entry-content-wrapper clearfix'>\n\n<style type=\"text\/css\" data-created_by=\"avia_inline_auto\" id=\"style-css-av-2n2kgy-9cf242b27c3380ac28218cb4955d8226\">\n#top .av-special-heading.av-2n2kgy-9cf242b27c3380ac28218cb4955d8226{\npadding-bottom:10px;\ncolor:#000000;\n}\nbody .av-special-heading.av-2n2kgy-9cf242b27c3380ac28218cb4955d8226 .av-special-heading-tag .heading-char{\nfont-size:25px;\n}\n.av-special-heading.av-2n2kgy-9cf242b27c3380ac28218cb4955d8226 .special-heading-inner-border{\nborder-color:#000000;\n}\n.av-special-heading.av-2n2kgy-9cf242b27c3380ac28218cb4955d8226 .av-subheading{\nfont-size:15px;\n}\n<\/style>\n<div  class='av-special-heading av-2n2kgy-9cf242b27c3380ac28218cb4955d8226 av-special-heading-h1 custom-color-heading blockquote modern-quote modern-centered  avia-builder-el-1  el_after_av_slideshow_full  el_before_av_section  avia-builder-el-no-sibling '><h1 class='av-special-heading-tag '  itemprop=\"headline\"  >Personnel<\/h1><div class=\"special-heading-border\"><div class=\"special-heading-inner-border\"><\/div><\/div><\/div>\n<\/div><\/div><\/div><!-- close content main div --><\/div><\/div><div id='av_section_1'  class='avia-section av-aji70i-39aa14175ef661aae9379ae8996213da main_color avia-section-default avia-no-shadow  avia-builder-el-2  el_after_av_heading  el_before_av_one_full  avia-bg-style-scroll container_wrap sidebar_right'  ><div class='container av-section-cont-open' ><div class='template-page content  av-content-small alpha units'><div class='post-entry post-entry-type-page post-entry-3362'><div class='entry-content-wrapper clearfix'>\n\n<style type=\"text\/css\" data-created_by=\"avia_inline_auto\" id=\"style-css-av-9kq9ki-da4eda837f676dd86acc1c8b96b8fa98\">\n.flex_column.av-9kq9ki-da4eda837f676dd86acc1c8b96b8fa98{\nborder-radius:0px 0px 0px 0px;\npadding:0px 0px 0px 0px;\n}\n<\/style>\n<div  class='flex_column av-9kq9ki-da4eda837f676dd86acc1c8b96b8fa98 av_one_fifth  avia-builder-el-3  el_before_av_three_fifth  avia-builder-el-first  first flex_column_div av-zero-column-padding  '     ><\/div>\n<style type=\"text\/css\" data-created_by=\"avia_inline_auto\" id=\"style-css-av-82z1cy-7a3666191cc1006745c50d970e50fcac\">\n.flex_column.av-82z1cy-7a3666191cc1006745c50d970e50fcac{\nborder-radius:0px 0px 0px 0px;\npadding:0px 0px 0px 0px;\n}\n<\/style>\n<div  class='flex_column av-82z1cy-7a3666191cc1006745c50d970e50fcac av_three_fifth  avia-builder-el-4  el_after_av_one_fifth  el_before_av_one_fifth  flex_column_div av-zero-column-padding  '     ><style type=\"text\/css\" data-created_by=\"avia_inline_auto\" id=\"style-css-av-66y9hu-3d082f5b34025e0c26f3580e36e6550a\">\n#top .av_textblock_section.av-66y9hu-3d082f5b34025e0c26f3580e36e6550a .avia_textblock{\ncolor:#000000;\n}\n<\/style>\n<section  class='av_textblock_section av-66y9hu-3d082f5b34025e0c26f3580e36e6550a '   itemscope=\"itemscope\" itemtype=\"https:\/\/schema.org\/CreativeWork\" ><div class='avia_textblock av_inherit_color'  itemprop=\"text\" ><p class=\"gras\">Le fonctionnement administratif et technique du SBV est assur\u00e9 par quatre personnes :<\/p>\n<ul type=\"disc\">\n<li>M. BOILLIN Nicolas, Charg\u00e9 de mission &#8211; Directeur du SBV :\n<ul type=\"circle\">\n<li>responsable de l\u2019animation de la CLE et du SAGE ;<\/li>\n<li>responsable de la communication ;<\/li>\n<li>responsable de la gestion du SBV.<\/li>\n<\/ul>\n<\/li>\n<li>Charg\u00e9 de mission du contrat de travaux Vouge (en cours de recrutement) ;<\/li>\n<li>M. BASTIN Cl\u00e9ment, Technicien de rivi\u00e8res ;<\/li>\n<li>Mme PASQUWELAGE Thilini, Charg\u00e9e de mission du contrat de la nappe de Dijon Sud.<\/li>\n<\/ul>\n<p align=\"justify\">Le SBV met \u00e0 disposition de la CLE de la Vouge et de l\u2019Inter CLE Nappe de Dijon Sud, les moyens financiers et techniques n\u00e9cessaires \u00e0 leur activit\u00e9.<\/p>\n<\/div><\/section><\/div>\n<style type=\"text\/css\" data-created_by=\"avia_inline_auto\" id=\"style-css-av-41ieua-d73c1a25c20de46263754f14be3896da\">\n.flex_column.av-41ieua-d73c1a25c20de46263754f14be3896da{\nborder-radius:0px 0px 0px 0px;\npadding:0px 0px 0px 0px;\n}\n<\/style>\n<div  class='flex_column av-41ieua-d73c1a25c20de46263754f14be3896da av_one_fifth  avia-builder-el-6  el_after_av_three_fifth  avia-builder-el-last  flex_column_div av-zero-column-padding  '     ><\/div><\/div><\/div><\/div><!-- close content main div --><\/div><\/div><div id='after_section_1'  class='main_color av_default_container_wrap container_wrap sidebar_right'  ><div class='container av-section-cont-open' ><div class='template-page content  av-content-small alpha units'><div class='post-entry post-entry-type-page post-entry-3362'><div class='entry-content-wrapper clearfix'>\n<style type=\"text\/css\" data-created_by=\"avia_inline_auto\" id=\"style-css-av-2erkky-79b3471e9d057757fc2cf09011d1c47d\">\n.flex_column.av-2erkky-79b3471e9d057757fc2cf09011d1c47d{\nborder-radius:0px 0px 0px 0px;\npadding:0px 0px 0px 0px;\n}\n<\/style>\n<div  class='flex_column av-2erkky-79b3471e9d057757fc2cf09011d1c47d av_one_full  avia-builder-el-7  el_after_av_section  avia-builder-el-no-sibling  first flex_column_div av-zero-column-padding  '     ><\/div><\/p>\n","protected":false},"excerpt":{"rendered":"<p>This is a Page excerpt. It will be displayed for search results<\/p>\n","protected":false},"author":1,"featured_media":0,"parent":0,"menu_order":0,"comment_status":"open","ping_status":"open","template":"","meta":{"_seopress_robots_primary_cat":"","_seopress_titles_title":"","_seopress_titles_desc":"","_seopress_robots_index":"","_seopress_analysis_target_kw":"","_exactmetrics_skip_tracking":false,"_exactmetrics_sitenote_active":false,"_exactmetrics_sitenote_note":"","_exactmetrics_sitenote_category":0,"footnotes":""},"class_list":["post-3362","page","type-page","status-publish","hentry"],"_links":{"self":[{"href":"https:\/\/bassinvouge.com\/index.php?rest_route=\/wp\/v2\/pages\/3362","targetHints":{"allow":["GET"]}}],"collection":[{"href":"https:\/\/bassinvouge.com\/index.php?rest_route=\/wp\/v2\/pages"}],"about":[{"href":"https:\/\/bassinvouge.com\/index.php?rest_route=\/wp\/v2\/types\/page"}],"author":[{"embeddable":true,"href":"https:\/\/bassinvouge.com\/index.php?rest_route=\/wp\/v2\/users\/1"}],"replies":[{"embeddable":true,"href":"https:\/\/bassinvouge.com\/index.php?rest_route=%2Fwp%2Fv2%2Fcomments&post=3362"}],"version-history":[{"count":0,"href":"https:\/\/bassinvouge.com\/index.php?rest_route=\/wp\/v2\/pages\/3362\/revisions"}],"wp:attachment":[{"href":"https:\/\/bassinvouge.com\/index.php?rest_route=%2Fwp%2Fv2%2Fmedia&parent=3362"}],"curies":[{"name":"wp","href":"https:\/\/api.w.org\/{rel}","templated":true}]}}