{"id":3355,"date":"2017-12-01T13:23:52","date_gmt":"2017-12-01T12:23:52","guid":{"rendered":"https:\/\/bassinvouge.com\/wordvouge\/?page_id=3355"},"modified":"2019-04-30T11:35:31","modified_gmt":"2019-04-30T09:35:31","slug":"la-gemapi-et-les-epage","status":"publish","type":"page","link":"https:\/\/bassinvouge.com\/?page_id=3355","title":{"rendered":"GEMAPI"},"content":{"rendered":"<div id='full_slider_1'  class='avia-fullwidth-slider main_color avia-shadow   avia-builder-el-0  el_before_av_heading  avia-builder-el-first   container_wrap sidebar_right'  ><div  class='avia-slideshow av-gjbed7-a508d76c35fc491022f8ee62f1654c4f avia-slideshow-featured av_slideshow_full avia-slide-slider av-slideshow-ui av-control-default av-slideshow-manual av-loop-once av-loop-manual-endless av-default-height-applied   avia-slideshow-1' data-slideshow-options=\"{&quot;animation&quot;:&quot;slide&quot;,&quot;autoplay&quot;:false,&quot;loop_autoplay&quot;:&quot;once&quot;,&quot;interval&quot;:5,&quot;loop_manual&quot;:&quot;manual-endless&quot;,&quot;autoplay_stopper&quot;:false,&quot;noNavigation&quot;:false,&quot;bg_slider&quot;:false,&quot;keep_padding&quot;:false,&quot;hoverpause&quot;:false,&quot;show_slide_delay&quot;:0}\"  itemprop=\"image\" itemscope=\"itemscope\" itemtype=\"https:\/\/schema.org\/ImageObject\" ><ul class='avia-slideshow-inner ' style='padding-bottom: 28.666666666667%;'><li  class='avia-slideshow-slide av-gjbed7-a508d76c35fc491022f8ee62f1654c4f__0  av-single-slide slide-1 slide-odd'><div data-rel='slideshow-1' class='avia-slide-wrap '   ><div class='av-slideshow-caption av-gjbed7-a508d76c35fc491022f8ee62f1654c4f__0 caption_fullwidth caption_center caption_center_framed caption_framed'><div class=\"container caption_container\"><div class=\"slideshow_caption\"><div class=\"slideshow_inner_caption\"><div class=\"slideshow_align_caption\"><h2 class='avia-caption-title '  itemprop=\"name\" >Syndicat du Bassin de la Vouge<\/h2><\/div><\/div><\/div><\/div><\/div><img decoding=\"async\" fetchpriority=\"high\" class=\"wp-image-3326 avia-img-lazy-loading-not-3326\"  src=\"https:\/\/bassinvouge.com\/wp-content\/uploads\/2017\/12\/fond-1-1500x430.jpg\" width=\"1500\" height=\"430\" title='fond' alt=''  itemprop=\"thumbnailUrl\"   \/><\/div><\/li><\/ul><\/div><\/div><div id='after_full_slider_1'  class='main_color av_default_container_wrap container_wrap sidebar_right'  ><div class='container av-section-cont-open' ><div class='template-page content  av-content-small alpha units'><div class='post-entry post-entry-type-page post-entry-3355'><div class='entry-content-wrapper clearfix'>\n\n<style type=\"text\/css\" data-created_by=\"avia_inline_auto\" id=\"style-css-av-av_heading-d47fc3ef6878b057d09636e812e8ec26\">\n#top .av-special-heading.av-av_heading-d47fc3ef6878b057d09636e812e8ec26{\npadding-bottom:10px;\ncolor:#000000;\n}\nbody .av-special-heading.av-av_heading-d47fc3ef6878b057d09636e812e8ec26 .av-special-heading-tag .heading-char{\nfont-size:25px;\n}\n.av-special-heading.av-av_heading-d47fc3ef6878b057d09636e812e8ec26 .special-heading-inner-border{\nborder-color:#000000;\n}\n.av-special-heading.av-av_heading-d47fc3ef6878b057d09636e812e8ec26 .av-subheading{\nfont-size:15px;\n}\n<\/style>\n<div  class='av-special-heading av-av_heading-d47fc3ef6878b057d09636e812e8ec26 av-special-heading-h1 custom-color-heading blockquote modern-quote modern-centered  avia-builder-el-1  el_after_av_slideshow_full  el_before_av_section  avia-builder-el-no-sibling '><h1 class='av-special-heading-tag '  itemprop=\"headline\"  >La GEMAPI <\/h1><div class=\"special-heading-border\"><div class=\"special-heading-inner-border\"><\/div><\/div><\/div>\n<\/div><\/div><\/div><!-- close content main div --><\/div><\/div><div id='av_section_1'  class='avia-section av-an3fsb-c6d1dfef7c295ac2de29ea473e36109f main_color avia-section-default avia-no-shadow  avia-builder-el-2  el_after_av_heading  avia-builder-el-last  avia-bg-style-scroll container_wrap sidebar_right'  ><div class='container av-section-cont-open' ><div class='template-page content  av-content-small alpha units'><div class='post-entry post-entry-type-page post-entry-3355'><div class='entry-content-wrapper clearfix'>\n\n<style type=\"text\/css\" data-created_by=\"avia_inline_auto\" id=\"style-css-av-9x4q3f-bbaa56af3840f14f7d235340df92afbd\">\n.flex_column.av-9x4q3f-bbaa56af3840f14f7d235340df92afbd{\nborder-radius:0px 0px 0px 0px;\npadding:0px 0px 0px 0px;\n}\n<\/style>\n<div  class='flex_column av-9x4q3f-bbaa56af3840f14f7d235340df92afbd av_one_full  avia-builder-el-3  avia-builder-el-no-sibling  first flex_column_div av-zero-column-padding  '     ><style type=\"text\/css\" data-created_by=\"avia_inline_auto\" id=\"style-css-av-896dh7-c230600784a3bd708b654424f0937511\">\n#top .av_textblock_section.av-896dh7-c230600784a3bd708b654424f0937511 .avia_textblock{\ncolor:#000000;\n}\n<\/style>\n<section  class='av_textblock_section av-896dh7-c230600784a3bd708b654424f0937511 '   itemscope=\"itemscope\" itemtype=\"https:\/\/schema.org\/CreativeWork\" ><div class='avia_textblock av_inherit_color'  itemprop=\"text\" ><p style=\"text-align: justify;\" align=\"justify\">La loi MAPTAM (Modernisation de l&rsquo;Action Publique Territoriale et d&rsquo;Affirmation des M\u00e9tropoles) a cr\u00e9\u00e9 pour les EPCI \u00e0 Fiscalit\u00e9 Propre, la comp\u00e9tence obligatoire GEMAPI (Gestion des Milieux Aquatiques et de Pr\u00e9vention des Inondations). La loi NOTRe a d\u00e9fini sa mise en oeuvre \u00e0 compter du 1er janvier 2018. Les syndicats (comme le SBV) comp\u00e9tent en mati\u00e8re des Gestions des Milieux Aquatiques (GEMA) peuvent pr\u00e9tendre \u00e0 la reconnaissance en tant qu&rsquo; Etablissement Public d\u2019Am\u00e9nagement et de Gestion des Eaux (EPAGE) d\u00e8s lors o\u00f9 les EPCI \u00e0 FP leur transf\u00e8rent non seulement cette cette comp\u00e9tence mais \u00e9galement d&rsquo;autres inscrits \u00e0 l&rsquo;article\u00a0<span style=\"color: #008000;\"><a style=\"color: #008000;\" href=\"https:\/\/www.legifrance.gouv.fr\/affichCodeArticle.do;jsessionid=742964CBC13DC1092425B3A7B0AE65A8.tpdila07v_3?idArticle=LEGIARTI000028538141&amp;cidTexte=LEGITEXT000006074220&amp;categorieLien=id&amp;dateTexte=20180101\">L211-7 du Code de l&rsquo;Environnement<\/a><\/span>. A cette fin, les \u00e9lus du SBV ont cr\u00e9\u00e9 un groupe de travail ad hoc, afin d&rsquo;analyser la situation et de pr\u00e9voir, la n\u00e9cessaire modification de la structuration du syndicat, quelque soit le choix qui sera fait par les intercommunalit\u00e9s (cr\u00e9ation d&rsquo;un EPAGE sur le seul bassin de la Vouge ou sur les bassins de la Tille, de l&rsquo;Ouche et de la Vouge).<\/p>\n<p style=\"text-align: justify;\" align=\"justify\">La\u00a0<span style=\"color: #008000;\"><a style=\"color: #008000;\" href=\"https:\/\/bassinvouge.com\/bibliotheque\/DoctrineEptbEpageCB_RM.pdf\" target=\"_blank\" rel=\"noopener noreferrer\">doctrine<\/a><\/span>, adopt\u00e9e par le Comit\u00e9 de Bassin Rh\u00f4ne M\u00e9diterran\u00e9e, permet de comprendre les dispositions visant \u00e0 reconna\u00eetre et \u00e0 promouvoir les EPAGE et les EPTB.<\/p>\n<p style=\"text-align: justify;\" align=\"justify\">Faisant suite \u00e0 de nombreux contacts avec les repr\u00e9sentants des bassins voisins, le SBV se propose d&rsquo;engager (pour le compte des EPCI \u00e0 FP) une \u00e9tude en 2017 (pr\u00e9vue dans le\u00a0<span style=\"color: #008000;\"><a style=\"color: #008000;\" href=\"https:\/\/bassinvouge.com\/contrat_bassin.html\">contrat de travaux Vouge 2017-2018<\/a><\/span>), pr\u00e9alablement au lancement de la proc\u00e9dure administrative de cr\u00e9ation d&rsquo;un EPAGE cr\u00e9\u00e9 sur les bassins de la Tille, de l&rsquo;Ouche et de la Vouge. Les 4 syndicats de bassins ont propos\u00e9 la cr\u00e9ation d&rsquo;un Comit\u00e9 de Pilotage, dans lequel si\u00e9gerait notamment les 14 EPCI \u00e0 FP pr\u00e9sentes sur ces trois bassins, les 4 syndicats de bassins, les services de l&rsquo;Etat, les services de l&rsquo;Agence de l&rsquo;Eau Rh\u00f4ne M\u00e9diterran\u00e9e &amp; Corse,&#8230; L&rsquo;objectif \u00e9tait de co-construire les contours du futur EPAGE Tille, Vouge, Ouche en concertation. Une r\u00e9union de pr\u00e9sentation s&rsquo;est d\u00e9roul\u00e9e le 3 mai 2017. Un courrier pr\u00e9sentant cette hypoth\u00e8se a \u00e9t\u00e9 adress\u00e9 aux EPCI \u00e0 FP le 10 mai 2017. Les Pr\u00e9sidents des quatre syndicats ont constat\u00e9 l&rsquo;absence d&rsquo;accord sur leur proposition et ont donc pr\u00e9cis\u00e9 aux 14 EPCI \u00e0 FP, dans\u00a0<a href=\"https:\/\/bassinvouge.com\/sbv\/R%C3%A9ponse%20Proposition%20etude%20pr%C3%A9figuration%20GEMAPI_EPCI_FP_TVO_20170731.pdf\" target=\"_blank\" rel=\"noopener noreferrer\"><span style=\"color: #008000;\">un courrier du 31 juillet 2017<\/span><\/a>, que l&rsquo;\u00e9tude ne pourrait \u00eatre engag\u00e9e dans les conditions imagin\u00e9es au pr\u00e9alable.<\/p>\n<\/div><\/section><\/div><\/div><\/div><\/div><!-- close content main div --><\/div><\/div><div id='after_section_1'  class='main_color av_default_container_wrap container_wrap sidebar_right'  ><div class='container av-section-cont-open' ><div class='template-page content  av-content-small alpha units'><div class='post-entry post-entry-type-page post-entry-3355'><div class='entry-content-wrapper clearfix'>\n","protected":false},"excerpt":{"rendered":"<p>This is a Page excerpt. It will be displayed for search results<\/p>\n","protected":false},"author":1,"featured_media":0,"parent":0,"menu_order":0,"comment_status":"open","ping_status":"open","template":"","meta":{"_seopress_robots_primary_cat":"","_seopress_titles_title":"","_seopress_titles_desc":"","_seopress_robots_index":"","_seopress_analysis_target_kw":"","_exactmetrics_skip_tracking":false,"_exactmetrics_sitenote_active":false,"_exactmetrics_sitenote_note":"","_exactmetrics_sitenote_category":0,"footnotes":""},"class_list":["post-3355","page","type-page","status-publish","hentry"],"_links":{"self":[{"href":"https:\/\/bassinvouge.com\/index.php?rest_route=\/wp\/v2\/pages\/3355","targetHints":{"allow":["GET"]}}],"collection":[{"href":"https:\/\/bassinvouge.com\/index.php?rest_route=\/wp\/v2\/pages"}],"about":[{"href":"https:\/\/bassinvouge.com\/index.php?rest_route=\/wp\/v2\/types\/page"}],"author":[{"embeddable":true,"href":"https:\/\/bassinvouge.com\/index.php?rest_route=\/wp\/v2\/users\/1"}],"replies":[{"embeddable":true,"href":"https:\/\/bassinvouge.com\/index.php?rest_route=%2Fwp%2Fv2%2Fcomments&post=3355"}],"version-history":[{"count":0,"href":"https:\/\/bassinvouge.com\/index.php?rest_route=\/wp\/v2\/pages\/3355\/revisions"}],"wp:attachment":[{"href":"https:\/\/bassinvouge.com\/index.php?rest_route=%2Fwp%2Fv2%2Fmedia&parent=3355"}],"curies":[{"name":"wp","href":"https:\/\/api.w.org\/{rel}","templated":true}]}}